{"id":7232,"date":"2019-08-13T11:16:18","date_gmt":"2019-08-13T09:16:18","guid":{"rendered":"https:\/\/bda-connectivity.com\/entreprise\/"},"modified":"2024-11-13T09:52:46","modified_gmt":"2024-11-13T08:52:46","slug":"entreprise","status":"publish","type":"page","link":"https:\/\/bda-connectivity.com\/fr\/entreprise\/","title":{"rendered":"Entreprise"},"content":{"rendered":"<p><div class=\"fusion-fullwidth fullwidth-box fusion-builder-row-1 nonhundred-percent-fullwidth non-hundred-percent-height-scrolling\" style=\"--awb-border-radius-top-left:0px;--awb-border-radius-top-right:0px;--awb-border-radius-bottom-right:0px;--awb-border-radius-bottom-left:0px;--awb-flex-wrap:wrap;\" ><div class=\"fusion-builder-row fusion-row\"><div class=\"fusion-layout-column fusion_builder_column fusion-builder-column-0 fusion_builder_column_1_1 1_1 fusion-one-full fusion-column-first fusion-column-last\" style=\"--awb-bg-size:cover;\"><div class=\"fusion-column-wrapper fusion-column-has-shadow fusion-flex-column-wrapper-legacy\"><div class=\"fusion-title title fusion-title-1 fusion-sep-none fusion-title-text fusion-title-size-one\"><h1 class=\"fusion-title-heading title-heading-left fusion-responsive-typography-calculated\" style=\"margin:0;--fontSize:38;line-height:var(--awb-typography1-line-height);\"><h1>Entreprise<\/h1><\/h1><\/div><div class=\"fusion-sep-clear\"><\/div><div class=\"fusion-separator fusion-clearfix\" style=\"float:left;margin-bottom:30px;width:100%;max-width:150px;\"><div class=\"fusion-separator-border sep-single\" style=\"--awb-height:20px;--awb-amount:20px;border-color:var(--awb-color4);border-top-width:3px;\"><\/div><\/div><div class=\"fusion-sep-clear\"><\/div><div class=\"fusion-clearfix\"><\/div><\/div><\/div><div class=\"fusion-layout-column fusion_builder_column fusion-builder-column-1 fusion_builder_column_1_2 1_2 fusion-one-half fusion-column-first\" style=\"--awb-bg-size:cover;width:50%;width:calc(50% - ( ( 4% ) * 0.5 ) );margin-right: 4%;\"><div class=\"fusion-column-wrapper fusion-column-has-shadow fusion-flex-column-wrapper-legacy\"><div class=\"fusion-text fusion-text-1\"><h2><strong>Connectivity &#8211; c&rsquo;est notre passion.<\/strong><\/h2>\n<p>Depuis plus de 60 ans, nous fabriquons des c\u00e2bles sp\u00e9ciaux optimis\u00e9s pour chaque domaine d&rsquo;application. Nous venons d&rsquo;ajouter une gamme d&rsquo;antennes int\u00e9rieures et de composants passifs de haute qualit\u00e9 pour le march\u00e9 des t\u00e9l\u00e9communications. Le syst\u00e8me de mesure \u00ab\u00a0CoMeT\u00a0\u00bb d\u00e9velopp\u00e9 par l&rsquo;entreprise est un ancrage important pour la mesure de l&rsquo;effet de blindage des c\u00e2bles, des connecteurs, des travers\u00e9es et des composants de distribution.<\/p>\n<p>Nos clients sont actifs dans les domaines de l&rsquo;industrie \u00e9lectrique et \u00e9lectronique, des r\u00e9seaux de t\u00e9l\u00e9communication, du commerce de gros de mat\u00e9riel \u00e9lectrique, de la sous-traitance automobile, de la technique audio et de studio ainsi que de la technique m\u00e9dicale et de la science.<\/p>\n<p>Notre programme d&rsquo;excellence en mati\u00e8re de service \u00e0 la client\u00e8le comprend d&rsquo;une part notre <a href=\"https:\/\/cat-db.bda-c.com\" target=\"_blank\" rel=\"noopener\"><strong>Produktdatenbank<\/strong><\/a> et d&rsquo;autre part notre <strong><a href=\"https:\/\/welches-kabel-wofuer.de\/\" target=\"_blank\" rel=\"noopener\">page de recherche de c\u00e2bles<\/a><\/strong>.<\/p>\n<\/div><div class=\"fusion-clearfix\"><\/div><\/div><\/div><div class=\"fusion-layout-column fusion_builder_column fusion-builder-column-2 fusion_builder_column_1_2 1_2 fusion-one-half fusion-column-last\" style=\"--awb-bg-size:cover;width:50%;width:calc(50% - ( ( 4% ) * 0.5 ) );\"><div class=\"fusion-column-wrapper fusion-column-has-shadow fusion-flex-column-wrapper-legacy\"><div class=\"fusion-image-element in-legacy-container\" style=\"--awb-caption-title-font-family:var(--h2_typography-font-family);--awb-caption-title-font-weight:var(--h2_typography-font-weight);--awb-caption-title-font-style:var(--h2_typography-font-style);--awb-caption-title-size:var(--h2_typography-font-size);--awb-caption-title-transform:var(--h2_typography-text-transform);--awb-caption-title-line-height:var(--h2_typography-line-height);--awb-caption-title-letter-spacing:var(--h2_typography-letter-spacing);\"><span class=\" fusion-imageframe imageframe-none imageframe-1 hover-type-none\"><img decoding=\"async\" width=\"800\" height=\"500\" alt=\"bda connectivity vues a\u00e9riennes\" title=\"bda connectivity GmbH\" src=\"https:\/\/bda-connectivity.com\/wp-content\/uploads\/2019\/08\/bda_bild_standort_start.jpg\" class=\"img-responsive wp-image-6501\" srcset=\"https:\/\/bda-connectivity.com\/wp-content\/uploads\/2019\/08\/bda_bild_standort_start-200x125.jpg 200w, https:\/\/bda-connectivity.com\/wp-content\/uploads\/2019\/08\/bda_bild_standort_start-400x250.jpg 400w, https:\/\/bda-connectivity.com\/wp-content\/uploads\/2019\/08\/bda_bild_standort_start-600x375.jpg 600w, https:\/\/bda-connectivity.com\/wp-content\/uploads\/2019\/08\/bda_bild_standort_start.jpg 800w\" sizes=\"(max-width: 800px) 100vw, 800px\" \/><\/span><\/div><div class=\"fusion-clearfix\"><\/div><\/div><\/div><\/div><\/div><div class=\"fusion-fullwidth fullwidth-box fusion-builder-row-2 nonhundred-percent-fullwidth non-hundred-percent-height-scrolling\" style=\"--awb-border-radius-top-left:0px;--awb-border-radius-top-right:0px;--awb-border-radius-bottom-right:0px;--awb-border-radius-bottom-left:0px;--awb-flex-wrap:wrap;\" ><div class=\"fusion-builder-row fusion-row\"><div class=\"fusion-layout-column fusion_builder_column fusion-builder-column-3 fusion_builder_column_1_1 1_1 fusion-one-full fusion-column-first fusion-column-last\" style=\"--awb-bg-size:cover;\"><div class=\"fusion-column-wrapper fusion-column-has-shadow fusion-flex-column-wrapper-legacy\"><div class=\"fusion-sep-clear\"><\/div><div class=\"fusion-separator fusion-full-width-sep\" style=\"margin-left: auto;margin-right: auto;margin-bottom:40px;width:100%;\"><div class=\"fusion-separator-border sep-single\" style=\"--awb-height:20px;--awb-amount:20px;border-color:var(--awb-color4);border-top-width:3px;\"><\/div><\/div><div class=\"fusion-sep-clear\"><\/div><div class=\"fusion-content-boxes content-boxes columns row fusion-columns-3 fusion-columns-total-3 fusion-content-boxes-1 content-boxes-timeline-horizontal content-left content-boxes-icon-on-top content-boxes-timeline-layout fusion-delayed-animation\" style=\"--awb-hover-accent-color:var(--awb-color4);--awb-circle-hover-accent-color:var(--awb-color4);\" data-animation-delay=\"350\" data-animationOffset=\"top-into-view\"><div style=\"--awb-backgroundcolor:rgba(255,255,255,0);\" class=\"fusion-column content-box-column content-box-column content-box-column-1 col-lg-4 col-md-4 col-sm-4 fusion-content-box-hover content-box-column-first-in-row\"><div class=\"col content-box-wrapper content-wrapper link-area-link-icon link-type-text icon-hover-animation-fade fusion-animated\" data-animationType=\"fadeIn\" data-animationDuration=\"0.25\" data-animationOffset=\"top-into-view\"><div class=\"heading heading-with-icon icon-left\"><a class=\"heading-link\" href=\"https:\/\/bda-connectivity.com\/fr\/personnes-de-contact\/distribution\/\" target=\"_self\"><div class=\"icon\" style=\"-webkit-animation-duration: 350ms;animation-duration: 350ms;\"><i style=\"border-color:#333333;border-width:1px;background-color:#333333;box-sizing:content-box;height:42px;width:42px;line-height:42px;border-radius:50%;font-size:21px;\" aria-hidden=\"true\" class=\"fontawesome-icon fa-address-card fas circle-yes\"><\/i><\/div><h2 class=\"content-box-heading fusion-responsive-typography-calculated\" style=\"--h2_typography-font-size:18px;--fontSize:18;line-height:var(--awb-typography2-line-height);\">Service des ventes<\/h2><\/a><\/div><div class=\"fusion-clearfix\"><\/div><div class=\"content-container\">\n<p style=\"padding-left: 40px;\">Tel.: +49 6441 38452 02<\/p>\n<p style=\"padding-left: 40px;\">Email: info@bda-c.com<\/p>\n<\/div><div class=\"content-box-shortcode-timeline\" style=\"border-color:rgba(255,255,255,0);top:21px;-webkit-transition-duration: 350ms;animation-duration: 350ms;\"><\/div><\/div><\/div><div style=\"--awb-backgroundcolor:rgba(255,255,255,0);\" class=\"fusion-column content-box-column content-box-column content-box-column-2 col-lg-4 col-md-4 col-sm-4 fusion-content-box-hover \"><div class=\"col content-box-wrapper content-wrapper link-area-link-icon link-type-text icon-hover-animation-fade fusion-animated\" data-animationType=\"fadeIn\" data-animationDuration=\"0.25\" data-animationOffset=\"top-into-view\"><div class=\"heading heading-with-icon icon-left\"><a class=\"heading-link\" href=\"https:\/\/bda-connectivity.com\/fr\/personnes-de-contact\/comet\/\" target=\"_self\"><div class=\"icon\" style=\"-webkit-animation-duration: 350ms;animation-duration: 350ms;\"><i style=\"border-color:#333333;border-width:1px;background-color:#333333;box-sizing:content-box;height:42px;width:42px;line-height:42px;border-radius:50%;font-size:21px;\" aria-hidden=\"true\" class=\"fontawesome-icon fa-address-card fas circle-yes\"><\/i><\/div><h2 class=\"content-box-heading fusion-responsive-typography-calculated\" style=\"--h2_typography-font-size:18px;--fontSize:18;line-height:var(--awb-typography2-line-height);\">CoMeT<\/h2><\/a><\/div><div class=\"fusion-clearfix\"><\/div><div class=\"content-container\">\n<p style=\"padding-left: 40px;\">Tel.: +49 6441 38452 05<\/p>\n<p style=\"padding-left: 40px;\">Email: info@bda-c.com<\/p>\n<\/div><div class=\"content-box-shortcode-timeline\" style=\"border-color:rgba(255,255,255,0);top:21px;-webkit-transition-duration: 350ms;animation-duration: 350ms;\"><\/div><\/div><\/div><div style=\"--awb-backgroundcolor:rgba(255,255,255,0);\" class=\"fusion-column content-box-column content-box-column content-box-column-3 col-lg-4 col-md-4 col-sm-4 fusion-content-box-hover content-box-column-last content-box-column-last-in-row\"><div class=\"col content-box-wrapper content-wrapper link-area-link-icon link-type-text icon-hover-animation-fade fusion-animated\" data-animationType=\"fadeIn\" data-animationDuration=\"0.25\" data-animationOffset=\"top-into-view\"><div class=\"heading heading-with-icon icon-left\"><a class=\"heading-link\" href=\"https:\/\/bda-connectivity.com\/fr\/personnes-de-contact\/\" target=\"_self\"><div class=\"icon\" style=\"-webkit-animation-duration: 350ms;animation-duration: 350ms;\"><i style=\"border-color:#333333;border-width:1px;background-color:#333333;box-sizing:content-box;height:42px;width:42px;line-height:42px;border-radius:50%;font-size:21px;\" aria-hidden=\"true\" class=\"fontawesome-icon fa-address-card fas circle-yes\"><\/i><\/div><h2 class=\"content-box-heading fusion-responsive-typography-calculated\" style=\"--h2_typography-font-size:18px;--fontSize:18;line-height:var(--awb-typography2-line-height);\">Centrale<\/h2><\/a><\/div><div class=\"fusion-clearfix\"><\/div><div class=\"content-container\">\n<p style=\"padding-left: 40px;\">Tel.: +49 6441 38452 00<\/p>\n<p style=\"padding-left: 40px;\">Email: info@bda-c.com<\/p>\n<\/div><div class=\"content-box-shortcode-timeline\" style=\"border-color:rgba(255,255,255,0);top:21px;-webkit-transition-duration: 350ms;animation-duration: 350ms;\"><\/div><\/div><\/div><div class=\"fusion-clearfix\"><\/div><\/div><div class=\"fusion-clearfix\"><\/div><\/div><\/div><\/div><\/div><\/p>\n","protected":false},"excerpt":{"rendered":"","protected":false},"author":3,"featured_media":0,"parent":0,"menu_order":2,"comment_status":"closed","ping_status":"closed","template":"100-width.php","meta":{"footnotes":""},"class_list":["post-7232","page","type-page","status-publish","hentry"],"yoast_head":"<!-- This site is optimized with the Yoast SEO Premium plugin v24.6 (Yoast SEO v24.6) - https:\/\/yoast.com\/wordpress\/plugins\/seo\/ -->\n<title>Connectivity - c&#039;est notre passion.<\/title>\n<meta name=\"description\" content=\"Depuis plus de 60 ans, nous fabriquons des c\u00e2bles sp\u00e9ciaux optimis\u00e9s pour chaque domaine d&#039;application. Connectivity - le nom est tout un programme pour notre entreprise.\" \/>\n<meta name=\"robots\" content=\"index, follow, max-snippet:-1, max-image-preview:large, max-video-preview:-1\" \/>\n<link rel=\"canonical\" href=\"https:\/\/bda-connectivity.com\/fr\/entreprise\/\" \/>\n<meta property=\"og:locale\" content=\"fr_FR\" \/>\n<meta property=\"og:type\" content=\"article\" \/>\n<meta property=\"og:title\" content=\"Entreprise\" \/>\n<meta property=\"og:description\" content=\"Depuis plus de 60 ans, nous fabriquons des c\u00e2bles sp\u00e9ciaux optimis\u00e9s pour chaque domaine d&#039;application. Connectivity - le nom est tout un programme pour notre entreprise.\" \/>\n<meta property=\"og:url\" content=\"https:\/\/bda-connectivity.com\/fr\/entreprise\/\" \/>\n<meta property=\"og:site_name\" content=\"bda connectivity GmbH\" \/>\n<meta property=\"article:publisher\" content=\"https:\/\/www.facebook.com\/bdaconnectivity\/\" \/>\n<meta property=\"article:modified_time\" content=\"2024-11-13T08:52:46+00:00\" \/>\n<meta name=\"twitter:card\" content=\"summary_large_image\" \/>\n<meta name=\"twitter:site\" content=\"@BdaGmbh\" \/>\n<meta name=\"twitter:label1\" content=\"Dur\u00e9e de lecture estim\u00e9e\" \/>\n\t<meta name=\"twitter:data1\" content=\"9 minutes\" \/>\n<script type=\"application\/ld+json\" class=\"yoast-schema-graph\">{\"@context\":\"https:\/\/schema.org\",\"@graph\":[{\"@type\":\"WebPage\",\"@id\":\"https:\/\/bda-connectivity.com\/fr\/entreprise\/\",\"url\":\"https:\/\/bda-connectivity.com\/fr\/entreprise\/\",\"name\":\"Connectivity - c'est notre passion.\",\"isPartOf\":{\"@id\":\"https:\/\/bda-connectivity.com\/fr\/#website\"},\"datePublished\":\"2019-08-13T09:16:18+00:00\",\"dateModified\":\"2024-11-13T08:52:46+00:00\",\"description\":\"Depuis plus de 60 ans, nous fabriquons des c\u00e2bles sp\u00e9ciaux optimis\u00e9s pour chaque domaine d'application. Connectivity - le nom est tout un programme pour notre entreprise.\",\"breadcrumb\":{\"@id\":\"https:\/\/bda-connectivity.com\/fr\/entreprise\/#breadcrumb\"},\"inLanguage\":\"fr-FR\",\"potentialAction\":[{\"@type\":\"ReadAction\",\"target\":[\"https:\/\/bda-connectivity.com\/fr\/entreprise\/\"]}]},{\"@type\":\"BreadcrumbList\",\"@id\":\"https:\/\/bda-connectivity.com\/fr\/entreprise\/#breadcrumb\",\"itemListElement\":[{\"@type\":\"ListItem\",\"position\":1,\"name\":\"Page d'accueil\",\"item\":\"https:\/\/bda-connectivity.com\/fr\/\"},{\"@type\":\"ListItem\",\"position\":2,\"name\":\"Entreprise\"}]},{\"@type\":\"WebSite\",\"@id\":\"https:\/\/bda-connectivity.com\/fr\/#website\",\"url\":\"https:\/\/bda-connectivity.com\/fr\/\",\"name\":\"bda connectivity GmbH\",\"description\":\"Spezialkabel und EMV-Mess-Systeme\",\"publisher\":{\"@id\":\"https:\/\/bda-connectivity.com\/fr\/#organization\"},\"potentialAction\":[{\"@type\":\"SearchAction\",\"target\":{\"@type\":\"EntryPoint\",\"urlTemplate\":\"https:\/\/bda-connectivity.com\/fr\/?s={search_term_string}\"},\"query-input\":{\"@type\":\"PropertyValueSpecification\",\"valueRequired\":true,\"valueName\":\"search_term_string\"}}],\"inLanguage\":\"fr-FR\"},{\"@type\":\"Organization\",\"@id\":\"https:\/\/bda-connectivity.com\/fr\/#organization\",\"name\":\"bda connectivity GmbH\",\"url\":\"https:\/\/bda-connectivity.com\/fr\/\",\"logo\":{\"@type\":\"ImageObject\",\"inLanguage\":\"fr-FR\",\"@id\":\"https:\/\/bda-connectivity.com\/fr\/#\/schema\/logo\/image\/\",\"url\":\"https:\/\/bda-connectivity.com\/wp-content\/uploads\/2019\/08\/Logo_bda_web_normal-retina.png\",\"contentUrl\":\"https:\/\/bda-connectivity.com\/wp-content\/uploads\/2019\/08\/Logo_bda_web_normal-retina.png\",\"width\":700,\"height\":202,\"caption\":\"bda connectivity GmbH\"},\"image\":{\"@id\":\"https:\/\/bda-connectivity.com\/fr\/#\/schema\/logo\/image\/\"},\"sameAs\":[\"https:\/\/www.facebook.com\/bdaconnectivity\/\",\"https:\/\/x.com\/BdaGmbh\",\"https:\/\/www.instagram.com\/bdaconnectivity\/\",\"https:\/\/www.linkedin.com\/company\/bda-connectivity-gmbh\"]}]}<\/script>\n<!-- \/ Yoast SEO Premium plugin. -->","yoast_head_json":{"title":"Connectivity - c'est notre passion.","description":"Depuis plus de 60 ans, nous fabriquons des c\u00e2bles sp\u00e9ciaux optimis\u00e9s pour chaque domaine d'application. Connectivity - le nom est tout un programme pour notre entreprise.","robots":{"index":"index","follow":"follow","max-snippet":"max-snippet:-1","max-image-preview":"max-image-preview:large","max-video-preview":"max-video-preview:-1"},"canonical":"https:\/\/bda-connectivity.com\/fr\/entreprise\/","og_locale":"fr_FR","og_type":"article","og_title":"Entreprise","og_description":"Depuis plus de 60 ans, nous fabriquons des c\u00e2bles sp\u00e9ciaux optimis\u00e9s pour chaque domaine d'application. Connectivity - le nom est tout un programme pour notre entreprise.","og_url":"https:\/\/bda-connectivity.com\/fr\/entreprise\/","og_site_name":"bda connectivity GmbH","article_publisher":"https:\/\/www.facebook.com\/bdaconnectivity\/","article_modified_time":"2024-11-13T08:52:46+00:00","twitter_card":"summary_large_image","twitter_site":"@BdaGmbh","twitter_misc":{"Dur\u00e9e de lecture estim\u00e9e":"9 minutes"},"schema":{"@context":"https:\/\/schema.org","@graph":[{"@type":"WebPage","@id":"https:\/\/bda-connectivity.com\/fr\/entreprise\/","url":"https:\/\/bda-connectivity.com\/fr\/entreprise\/","name":"Connectivity - c'est notre passion.","isPartOf":{"@id":"https:\/\/bda-connectivity.com\/fr\/#website"},"datePublished":"2019-08-13T09:16:18+00:00","dateModified":"2024-11-13T08:52:46+00:00","description":"Depuis plus de 60 ans, nous fabriquons des c\u00e2bles sp\u00e9ciaux optimis\u00e9s pour chaque domaine d'application. Connectivity - le nom est tout un programme pour notre entreprise.","breadcrumb":{"@id":"https:\/\/bda-connectivity.com\/fr\/entreprise\/#breadcrumb"},"inLanguage":"fr-FR","potentialAction":[{"@type":"ReadAction","target":["https:\/\/bda-connectivity.com\/fr\/entreprise\/"]}]},{"@type":"BreadcrumbList","@id":"https:\/\/bda-connectivity.com\/fr\/entreprise\/#breadcrumb","itemListElement":[{"@type":"ListItem","position":1,"name":"Page d'accueil","item":"https:\/\/bda-connectivity.com\/fr\/"},{"@type":"ListItem","position":2,"name":"Entreprise"}]},{"@type":"WebSite","@id":"https:\/\/bda-connectivity.com\/fr\/#website","url":"https:\/\/bda-connectivity.com\/fr\/","name":"bda connectivity GmbH","description":"Spezialkabel und EMV-Mess-Systeme","publisher":{"@id":"https:\/\/bda-connectivity.com\/fr\/#organization"},"potentialAction":[{"@type":"SearchAction","target":{"@type":"EntryPoint","urlTemplate":"https:\/\/bda-connectivity.com\/fr\/?s={search_term_string}"},"query-input":{"@type":"PropertyValueSpecification","valueRequired":true,"valueName":"search_term_string"}}],"inLanguage":"fr-FR"},{"@type":"Organization","@id":"https:\/\/bda-connectivity.com\/fr\/#organization","name":"bda connectivity GmbH","url":"https:\/\/bda-connectivity.com\/fr\/","logo":{"@type":"ImageObject","inLanguage":"fr-FR","@id":"https:\/\/bda-connectivity.com\/fr\/#\/schema\/logo\/image\/","url":"https:\/\/bda-connectivity.com\/wp-content\/uploads\/2019\/08\/Logo_bda_web_normal-retina.png","contentUrl":"https:\/\/bda-connectivity.com\/wp-content\/uploads\/2019\/08\/Logo_bda_web_normal-retina.png","width":700,"height":202,"caption":"bda connectivity GmbH"},"image":{"@id":"https:\/\/bda-connectivity.com\/fr\/#\/schema\/logo\/image\/"},"sameAs":["https:\/\/www.facebook.com\/bdaconnectivity\/","https:\/\/x.com\/BdaGmbh","https:\/\/www.instagram.com\/bdaconnectivity\/","https:\/\/www.linkedin.com\/company\/bda-connectivity-gmbh"]}]}},"_links":{"self":[{"href":"https:\/\/bda-connectivity.com\/fr\/wp-json\/wp\/v2\/pages\/7232"}],"collection":[{"href":"https:\/\/bda-connectivity.com\/fr\/wp-json\/wp\/v2\/pages"}],"about":[{"href":"https:\/\/bda-connectivity.com\/fr\/wp-json\/wp\/v2\/types\/page"}],"author":[{"embeddable":true,"href":"https:\/\/bda-connectivity.com\/fr\/wp-json\/wp\/v2\/users\/3"}],"replies":[{"embeddable":true,"href":"https:\/\/bda-connectivity.com\/fr\/wp-json\/wp\/v2\/comments?post=7232"}],"version-history":[{"count":0,"href":"https:\/\/bda-connectivity.com\/fr\/wp-json\/wp\/v2\/pages\/7232\/revisions"}],"wp:attachment":[{"href":"https:\/\/bda-connectivity.com\/fr\/wp-json\/wp\/v2\/media?parent=7232"}],"curies":[{"name":"wp","href":"https:\/\/api.w.org\/{rel}","templated":true}]}}