{"id":7236,"date":"2020-05-14T12:15:06","date_gmt":"2020-05-14T10:15:06","guid":{"rendered":"https:\/\/bda-connectivity.com\/entreprise\/qui-sommes-nous\/"},"modified":"2023-01-10T10:26:45","modified_gmt":"2023-01-10T09:26:45","slug":"qui-sommes-nous","status":"publish","type":"page","link":"https:\/\/bda-connectivity.com\/fr\/entreprise\/qui-sommes-nous\/","title":{"rendered":"qui sommes-nous"},"content":{"rendered":"<div class=\"fusion-fullwidth fullwidth-box fusion-builder-row-1 nonhundred-percent-fullwidth non-hundred-percent-height-scrolling\" style=\"--awb-border-radius-top-left:0px;--awb-border-radius-top-right:0px;--awb-border-radius-bottom-right:0px;--awb-border-radius-bottom-left:0px;--awb-flex-wrap:wrap;\" ><div class=\"fusion-builder-row fusion-row\"><div class=\"fusion-layout-column fusion_builder_column fusion-builder-column-0 fusion_builder_column_1_1 1_1 fusion-one-full fusion-column-first fusion-column-last\" style=\"--awb-bg-size:cover;\"><div class=\"fusion-column-wrapper fusion-column-has-shadow fusion-flex-column-wrapper-legacy\"><div class=\"fusion-title title fusion-title-1 fusion-sep-none fusion-title-text fusion-title-size-one\"><h1 class=\"fusion-title-heading title-heading-left fusion-responsive-typography-calculated\" style=\"margin:0;--fontSize:38;line-height:var(--awb-typography1-line-height);\"><h1>qui sommes-nous<\/h1><\/h1><\/div><div class=\"fusion-sep-clear\"><\/div><div class=\"fusion-separator fusion-clearfix\" style=\"float:left;margin-bottom:30px;width:100%;max-width:150px;\"><div class=\"fusion-separator-border sep-single\" style=\"--awb-height:20px;--awb-amount:20px;border-color:var(--awb-color4);border-top-width:3px;\"><\/div><\/div><div class=\"fusion-sep-clear\"><\/div><div class=\"fusion-clearfix\"><\/div><\/div><\/div><div class=\"fusion-layout-column fusion_builder_column fusion-builder-column-1 fusion_builder_column_1_2 1_2 fusion-one-half fusion-column-first\" style=\"--awb-bg-size:cover;width:50%;width:calc(50% - ( ( 4% ) * 0.5 ) );margin-right: 4%;\"><div class=\"fusion-column-wrapper fusion-column-has-shadow fusion-flex-column-wrapper-legacy\"><div class=\"fusion-text fusion-text-1\"><h2><strong>Connectivity &#8211; le nom est tout un programme pour notre entreprise.<\/strong><\/h2>\n<p>Depuis plus de 60 ans, nous fabriquons des c\u00e2bles sp\u00e9ciaux optimis\u00e9s pour chaque domaine d&rsquo;application. Nous venons d&rsquo;ajouter une gamme d&rsquo;antennes int\u00e9rieures et de composants passifs de haute qualit\u00e9 pour le march\u00e9 des t\u00e9l\u00e9communications. Le syst\u00e8me de mesure \u00ab\u00a0CoMeT\u00a0\u00bb d\u00e9velopp\u00e9 par l&rsquo;entreprise est un ancrage important pour la mesure de l&rsquo;effet de blindage des c\u00e2bles, des connecteurs, des travers\u00e9es et des composants de distribution.<\/p>\n<p>Nos clients sont actifs dans les domaines de l&rsquo;industrie \u00e9lectrique et \u00e9lectronique, des r\u00e9seaux de t\u00e9l\u00e9communication, du commerce de gros de mat\u00e9riel \u00e9lectrique, de la sous-traitance automobile, de la technique audio et de studio ainsi que de la technique m\u00e9dicale et de la science.<\/p>\n<\/div><div class=\"fusion-clearfix\"><\/div><\/div><\/div><div class=\"fusion-layout-column fusion_builder_column fusion-builder-column-2 fusion_builder_column_1_2 1_2 fusion-one-half fusion-column-last\" style=\"--awb-bg-size:cover;width:50%;width:calc(50% - ( ( 4% ) * 0.5 ) );\"><div class=\"fusion-column-wrapper fusion-column-has-shadow fusion-flex-column-wrapper-legacy\"><div class=\"fusion-video fusion-youtube\" style=\"--awb-max-width:600px;--awb-max-height:360px;\"><div class=\"video-shortcode\"><lite-youtube videoid=\"4xvw2nxn0Kk\" class=\"landscape\" params=\"wmode=transparent&autoplay=1&enablejsapi=1\" title=\"Unternehmensfilm\" width=\"600\" height=\"360\" data-thumbnail-size=\"auto\"><\/lite-youtube><\/div><\/div><div class=\"fusion-clearfix\"><\/div><\/div><\/div><div class=\"fusion-layout-column fusion_builder_column fusion-builder-column-3 fusion_builder_column_1_1 1_1 fusion-one-full fusion-column-first fusion-column-last\" style=\"--awb-bg-size:cover;\"><div class=\"fusion-column-wrapper fusion-column-has-shadow fusion-flex-column-wrapper-legacy\"><div class=\"fusion-text fusion-text-2\"><h2><strong>Qu&rsquo;est-ce qui caract\u00e9rise bda connectivity?<\/strong><\/h2>\n<h3><strong>Notre entreprise est encore jeune<\/strong><\/h3>\n<p>&#8230;l&rsquo;entreprise n&rsquo;a pourtant \u00e9t\u00e9 fond\u00e9e qu&rsquo;en 2018 par Eike Barczynski et Christian Harel. Le r\u00eave d&rsquo;enfance d&rsquo;Eike Barczynski de diriger sa propre entreprise et le d\u00e9tachement du secteur des c\u00e2bles de l&rsquo;ancienne soci\u00e9t\u00e9 m\u00e8re \u00e9taient les conditions pr\u00e9alables \u00e0 la cr\u00e9ation d&rsquo;une entreprise qui pouvait \u00eatre enti\u00e8rement model\u00e9e selon ses propres id\u00e9es. L&rsquo;association avec Christian Harel, qui a une grande exp\u00e9rience de la gestion d&rsquo;entreprise et qui est un expert respect\u00e9 dans le domaine de la technologie sans fil, a \u00e9t\u00e9 le facteur cl\u00e9 pour la cr\u00e9ation de bda connectivity, une entreprise exceptionnelle avec un leadership fort.<\/p>\n<h3><strong>Notre entreprise est d\u00e9j\u00e0 ancienne<\/strong><\/h3>\n<p>&#8230;avec une histoire qui remonte au 19e si\u00e8cle. L&rsquo;exp\u00e9rience acquise au fil des ans dans le domaine de la transformation des m\u00e9taux et des fils est pour nous une base pr\u00e9cieuse pour notre succ\u00e8s. Nous ne nous reposons pas sur nos r\u00e9sultats, mais nous nous effor\u00e7ons chaque jour d&rsquo;acqu\u00e9rir de nouvelles connaissances qui nous permettent de progresser dans le domaine de la fabrication de c\u00e2bles et d&rsquo;assurer notre avenir.<\/p>\n<h3><strong>Notre entreprise place l&rsquo;\u00eatre humain au premier plan<\/strong><\/h3>\n<p>&#8230;car ce sont les personnes qui nous d\u00e9finissent. La diversit\u00e9 culturelle de nos collaborateurs et l&rsquo;exp\u00e9rience de chacun contribuent chaque jour au progr\u00e8s. C&rsquo;est pourquoi nous accordons une grande importance \u00e0 un environnement de travail sain et harmonieux. C&rsquo;est la seule fa\u00e7on d&rsquo;assurer une production de qualit\u00e9, le d\u00e9veloppement de c\u00e2bles adapt\u00e9s aux besoins sp\u00e9cifiques de nos clients et la cr\u00e9ation de nouveaux secteurs d&rsquo;activit\u00e9 pour notre objectif de devenir un fournisseur complet dans le domaine de la \u00ab\u00a0connectivit\u00e9\u00a0\u00bb.<\/p>\n<\/div><div class=\"fusion-builder-row fusion-builder-row-inner fusion-row\"><div class=\"fusion-layout-column fusion_builder_column_inner fusion-builder-nested-column-0 fusion_builder_column_inner_1_2 1_2 fusion-one-half fusion-column-first\" style=\"--awb-bg-size:cover;width:50%;width:calc(50% - ( ( 4% ) * 0.5 ) );margin-right: 4%;\"><div class=\"fusion-column-wrapper fusion-column-has-shadow fusion-flex-column-wrapper-legacy\"><div class=\"fusion-text fusion-text-3\"><p>Nous tirons tous ensemble \u00e0 la m\u00eame corde et nous nous soutenons mutuellement. La \u00ab\u00a0famille bda\u00a0\u00bb est une culture d&rsquo;entreprise v\u00e9cue au quotidien culture.<\/p>\n<h4> Sur nos valeurs, vous pouvez <a href=\"https:\/\/bda-connectivity.com\/fr\/entreprise\/qui-sommes-nous\/nos-valeurs\/\" target=\"_blank\" rel=\"noopener\">ici<\/a><\/h4>\n<\/div><div class=\"fusion-clearfix\"><\/div><\/div><\/div><div class=\"fusion-layout-column fusion_builder_column_inner fusion-builder-nested-column-1 fusion_builder_column_inner_1_2 1_2 fusion-one-half fusion-column-last\" style=\"--awb-bg-size:cover;width:50%;width:calc(50% - ( ( 4% ) * 0.5 ) );\"><div class=\"fusion-column-wrapper fusion-column-has-shadow fusion-flex-column-wrapper-legacy\"><div class=\"fusion-image-element fusion-image-align-center in-legacy-container\" style=\"text-align:center;--awb-caption-title-font-family:var(--h2_typography-font-family);--awb-caption-title-font-weight:var(--h2_typography-font-weight);--awb-caption-title-font-style:var(--h2_typography-font-style);--awb-caption-title-size:var(--h2_typography-font-size);--awb-caption-title-transform:var(--h2_typography-text-transform);--awb-caption-title-line-height:var(--h2_typography-line-height);--awb-caption-title-letter-spacing:var(--h2_typography-letter-spacing);\"><div class=\"imageframe-align-center\"><span class=\" fusion-imageframe imageframe-none imageframe-1 hover-type-none\"><img decoding=\"async\" width=\"270\" height=\"150\" alt=\"bda connectivity famille Logo\" title=\"Logo-Personen_270x150x150\" src=\"https:\/\/bda-connectivity.com\/wp-content\/uploads\/2022\/10\/Logo-Personen_270x150x150.jpg\" class=\"img-responsive wp-image-8937\" srcset=\"https:\/\/bda-connectivity.com\/wp-content\/uploads\/2022\/10\/Logo-Personen_270x150x150-200x111.jpg 200w, https:\/\/bda-connectivity.com\/wp-content\/uploads\/2022\/10\/Logo-Personen_270x150x150.jpg 270w\" sizes=\"(max-width: 800px) 100vw, 270px\" \/><\/span><\/div><\/div><div class=\"fusion-clearfix\"><\/div><\/div><\/div><\/div><div class=\"fusion-clearfix\"><\/div><\/div><\/div><\/div><\/div>\n","protected":false},"excerpt":{"rendered":"","protected":false},"author":2,"featured_media":0,"parent":7232,"menu_order":1,"comment_status":"closed","ping_status":"closed","template":"100-width.php","meta":{"footnotes":""},"class_list":["post-7236","page","type-page","status-publish","hentry"],"yoast_head":"<!-- This site is optimized with the Yoast SEO Premium plugin v24.6 (Yoast SEO v24.6) - https:\/\/yoast.com\/wordpress\/plugins\/seo\/ -->\n<title>qui sommes-nous | bda connectivity GmbH<\/title>\n<meta name=\"description\" content=\"bda connectivity - le nom est tout un programme pour notre entreprise\" \/>\n<meta name=\"robots\" content=\"index, follow, max-snippet:-1, max-image-preview:large, max-video-preview:-1\" \/>\n<link rel=\"canonical\" href=\"https:\/\/bda-connectivity.com\/fr\/entreprise\/qui-sommes-nous\/\" \/>\n<meta property=\"og:locale\" content=\"fr_FR\" \/>\n<meta property=\"og:type\" content=\"article\" \/>\n<meta property=\"og:title\" content=\"qui sommes-nous\" \/>\n<meta property=\"og:description\" content=\"bda connectivity - le nom est tout un programme pour notre entreprise\" \/>\n<meta property=\"og:url\" content=\"https:\/\/bda-connectivity.com\/fr\/entreprise\/qui-sommes-nous\/\" \/>\n<meta property=\"og:site_name\" content=\"bda connectivity GmbH\" \/>\n<meta property=\"article:publisher\" content=\"https:\/\/www.facebook.com\/bdaconnectivity\/\" \/>\n<meta property=\"article:modified_time\" content=\"2023-01-10T09:26:45+00:00\" \/>\n<meta name=\"twitter:card\" content=\"summary_large_image\" \/>\n<meta name=\"twitter:site\" content=\"@BdaGmbh\" \/>\n<meta name=\"twitter:label1\" content=\"Dur\u00e9e de lecture estim\u00e9e\" \/>\n\t<meta name=\"twitter:data1\" content=\"11 minutes\" \/>\n<script type=\"application\/ld+json\" class=\"yoast-schema-graph\">{\"@context\":\"https:\/\/schema.org\",\"@graph\":[{\"@type\":\"WebPage\",\"@id\":\"https:\/\/bda-connectivity.com\/fr\/entreprise\/qui-sommes-nous\/\",\"url\":\"https:\/\/bda-connectivity.com\/fr\/entreprise\/qui-sommes-nous\/\",\"name\":\"qui sommes-nous | bda connectivity GmbH\",\"isPartOf\":{\"@id\":\"https:\/\/bda-connectivity.com\/fr\/#website\"},\"datePublished\":\"2020-05-14T10:15:06+00:00\",\"dateModified\":\"2023-01-10T09:26:45+00:00\",\"description\":\"bda connectivity - le nom est tout un programme pour notre entreprise\",\"breadcrumb\":{\"@id\":\"https:\/\/bda-connectivity.com\/fr\/entreprise\/qui-sommes-nous\/#breadcrumb\"},\"inLanguage\":\"fr-FR\",\"potentialAction\":[{\"@type\":\"ReadAction\",\"target\":[\"https:\/\/bda-connectivity.com\/fr\/entreprise\/qui-sommes-nous\/\"]}]},{\"@type\":\"BreadcrumbList\",\"@id\":\"https:\/\/bda-connectivity.com\/fr\/entreprise\/qui-sommes-nous\/#breadcrumb\",\"itemListElement\":[{\"@type\":\"ListItem\",\"position\":1,\"name\":\"Page d'accueil\",\"item\":\"https:\/\/bda-connectivity.com\/fr\/\"},{\"@type\":\"ListItem\",\"position\":2,\"name\":\"Entreprise\",\"item\":\"https:\/\/bda-connectivity.com\/fr\/unternehmen\/\"},{\"@type\":\"ListItem\",\"position\":3,\"name\":\"qui sommes-nous\"}]},{\"@type\":\"WebSite\",\"@id\":\"https:\/\/bda-connectivity.com\/fr\/#website\",\"url\":\"https:\/\/bda-connectivity.com\/fr\/\",\"name\":\"bda connectivity GmbH\",\"description\":\"Spezialkabel und EMV-Mess-Systeme\",\"publisher\":{\"@id\":\"https:\/\/bda-connectivity.com\/fr\/#organization\"},\"potentialAction\":[{\"@type\":\"SearchAction\",\"target\":{\"@type\":\"EntryPoint\",\"urlTemplate\":\"https:\/\/bda-connectivity.com\/fr\/?s={search_term_string}\"},\"query-input\":{\"@type\":\"PropertyValueSpecification\",\"valueRequired\":true,\"valueName\":\"search_term_string\"}}],\"inLanguage\":\"fr-FR\"},{\"@type\":\"Organization\",\"@id\":\"https:\/\/bda-connectivity.com\/fr\/#organization\",\"name\":\"bda connectivity GmbH\",\"url\":\"https:\/\/bda-connectivity.com\/fr\/\",\"logo\":{\"@type\":\"ImageObject\",\"inLanguage\":\"fr-FR\",\"@id\":\"https:\/\/bda-connectivity.com\/fr\/#\/schema\/logo\/image\/\",\"url\":\"https:\/\/bda-connectivity.com\/wp-content\/uploads\/2019\/08\/Logo_bda_web_normal-retina.png\",\"contentUrl\":\"https:\/\/bda-connectivity.com\/wp-content\/uploads\/2019\/08\/Logo_bda_web_normal-retina.png\",\"width\":700,\"height\":202,\"caption\":\"bda connectivity GmbH\"},\"image\":{\"@id\":\"https:\/\/bda-connectivity.com\/fr\/#\/schema\/logo\/image\/\"},\"sameAs\":[\"https:\/\/www.facebook.com\/bdaconnectivity\/\",\"https:\/\/x.com\/BdaGmbh\",\"https:\/\/www.instagram.com\/bdaconnectivity\/\",\"https:\/\/www.linkedin.com\/company\/bda-connectivity-gmbh\"]}]}<\/script>\n<!-- \/ Yoast SEO Premium plugin. -->","yoast_head_json":{"title":"qui sommes-nous | bda connectivity GmbH","description":"bda connectivity - le nom est tout un programme pour notre entreprise","robots":{"index":"index","follow":"follow","max-snippet":"max-snippet:-1","max-image-preview":"max-image-preview:large","max-video-preview":"max-video-preview:-1"},"canonical":"https:\/\/bda-connectivity.com\/fr\/entreprise\/qui-sommes-nous\/","og_locale":"fr_FR","og_type":"article","og_title":"qui sommes-nous","og_description":"bda connectivity - le nom est tout un programme pour notre entreprise","og_url":"https:\/\/bda-connectivity.com\/fr\/entreprise\/qui-sommes-nous\/","og_site_name":"bda connectivity GmbH","article_publisher":"https:\/\/www.facebook.com\/bdaconnectivity\/","article_modified_time":"2023-01-10T09:26:45+00:00","twitter_card":"summary_large_image","twitter_site":"@BdaGmbh","twitter_misc":{"Dur\u00e9e de lecture estim\u00e9e":"11 minutes"},"schema":{"@context":"https:\/\/schema.org","@graph":[{"@type":"WebPage","@id":"https:\/\/bda-connectivity.com\/fr\/entreprise\/qui-sommes-nous\/","url":"https:\/\/bda-connectivity.com\/fr\/entreprise\/qui-sommes-nous\/","name":"qui sommes-nous | bda connectivity GmbH","isPartOf":{"@id":"https:\/\/bda-connectivity.com\/fr\/#website"},"datePublished":"2020-05-14T10:15:06+00:00","dateModified":"2023-01-10T09:26:45+00:00","description":"bda connectivity - le nom est tout un programme pour notre entreprise","breadcrumb":{"@id":"https:\/\/bda-connectivity.com\/fr\/entreprise\/qui-sommes-nous\/#breadcrumb"},"inLanguage":"fr-FR","potentialAction":[{"@type":"ReadAction","target":["https:\/\/bda-connectivity.com\/fr\/entreprise\/qui-sommes-nous\/"]}]},{"@type":"BreadcrumbList","@id":"https:\/\/bda-connectivity.com\/fr\/entreprise\/qui-sommes-nous\/#breadcrumb","itemListElement":[{"@type":"ListItem","position":1,"name":"Page d'accueil","item":"https:\/\/bda-connectivity.com\/fr\/"},{"@type":"ListItem","position":2,"name":"Entreprise","item":"https:\/\/bda-connectivity.com\/fr\/unternehmen\/"},{"@type":"ListItem","position":3,"name":"qui sommes-nous"}]},{"@type":"WebSite","@id":"https:\/\/bda-connectivity.com\/fr\/#website","url":"https:\/\/bda-connectivity.com\/fr\/","name":"bda connectivity GmbH","description":"Spezialkabel und EMV-Mess-Systeme","publisher":{"@id":"https:\/\/bda-connectivity.com\/fr\/#organization"},"potentialAction":[{"@type":"SearchAction","target":{"@type":"EntryPoint","urlTemplate":"https:\/\/bda-connectivity.com\/fr\/?s={search_term_string}"},"query-input":{"@type":"PropertyValueSpecification","valueRequired":true,"valueName":"search_term_string"}}],"inLanguage":"fr-FR"},{"@type":"Organization","@id":"https:\/\/bda-connectivity.com\/fr\/#organization","name":"bda connectivity GmbH","url":"https:\/\/bda-connectivity.com\/fr\/","logo":{"@type":"ImageObject","inLanguage":"fr-FR","@id":"https:\/\/bda-connectivity.com\/fr\/#\/schema\/logo\/image\/","url":"https:\/\/bda-connectivity.com\/wp-content\/uploads\/2019\/08\/Logo_bda_web_normal-retina.png","contentUrl":"https:\/\/bda-connectivity.com\/wp-content\/uploads\/2019\/08\/Logo_bda_web_normal-retina.png","width":700,"height":202,"caption":"bda connectivity GmbH"},"image":{"@id":"https:\/\/bda-connectivity.com\/fr\/#\/schema\/logo\/image\/"},"sameAs":["https:\/\/www.facebook.com\/bdaconnectivity\/","https:\/\/x.com\/BdaGmbh","https:\/\/www.instagram.com\/bdaconnectivity\/","https:\/\/www.linkedin.com\/company\/bda-connectivity-gmbh"]}]}},"_links":{"self":[{"href":"https:\/\/bda-connectivity.com\/fr\/wp-json\/wp\/v2\/pages\/7236"}],"collection":[{"href":"https:\/\/bda-connectivity.com\/fr\/wp-json\/wp\/v2\/pages"}],"about":[{"href":"https:\/\/bda-connectivity.com\/fr\/wp-json\/wp\/v2\/types\/page"}],"author":[{"embeddable":true,"href":"https:\/\/bda-connectivity.com\/fr\/wp-json\/wp\/v2\/users\/2"}],"replies":[{"embeddable":true,"href":"https:\/\/bda-connectivity.com\/fr\/wp-json\/wp\/v2\/comments?post=7236"}],"version-history":[{"count":0,"href":"https:\/\/bda-connectivity.com\/fr\/wp-json\/wp\/v2\/pages\/7236\/revisions"}],"up":[{"embeddable":true,"href":"https:\/\/bda-connectivity.com\/fr\/wp-json\/wp\/v2\/pages\/7232"}],"wp:attachment":[{"href":"https:\/\/bda-connectivity.com\/fr\/wp-json\/wp\/v2\/media?parent=7236"}],"curies":[{"name":"wp","href":"https:\/\/api.w.org\/{rel}","templated":true}]}}