{"id":7239,"date":"2020-05-14T12:23:57","date_gmt":"2020-05-14T10:23:57","guid":{"rendered":"https:\/\/bda-connectivity.com\/entreprise\/qui-sommes-nous\/nos-valeurs\/"},"modified":"2022-10-05T09:56:54","modified_gmt":"2022-10-05T07:56:54","slug":"nos-valeurs","status":"publish","type":"page","link":"https:\/\/bda-connectivity.com\/fr\/entreprise\/qui-sommes-nous\/nos-valeurs\/","title":{"rendered":"Nos valeurs"},"content":{"rendered":"<p><div class=\"fusion-fullwidth fullwidth-box fusion-builder-row-1 fusion-parallax-none top_bild_bereich_seiten nonhundred-percent-fullwidth non-hundred-percent-height-scrolling\" style=\"--awb-border-radius-top-left:0px;--awb-border-radius-top-right:0px;--awb-border-radius-bottom-right:0px;--awb-border-radius-bottom-left:0px;--awb-background-image:url(&quot;https:\/\/bda-connectivity.com\/wp-content\/uploads\/2019\/08\/bda_header_allgemein.jpg&quot;);--awb-background-size:cover;--awb-flex-wrap:wrap;\" ><div class=\"fusion-builder-row fusion-row\"><div class=\"fusion-layout-column fusion_builder_column fusion-builder-column-0 fusion_builder_column_1_1 1_1 fusion-one-full fusion-column-first fusion-column-last\" style=\"--awb-bg-size:cover;\"><div class=\"fusion-column-wrapper fusion-column-has-shadow fusion-flex-column-wrapper-legacy\"><div class=\"fusion-clearfix\"><\/div><\/div><\/div><\/div><\/div><div class=\"fusion-fullwidth fullwidth-box fusion-builder-row-2 nonhundred-percent-fullwidth non-hundred-percent-height-scrolling\" style=\"--awb-border-radius-top-left:0px;--awb-border-radius-top-right:0px;--awb-border-radius-bottom-right:0px;--awb-border-radius-bottom-left:0px;--awb-flex-wrap:wrap;\" ><div class=\"fusion-builder-row fusion-row\"><div class=\"fusion-layout-column fusion_builder_column fusion-builder-column-1 fusion_builder_column_1_1 1_1 fusion-one-full fusion-column-first fusion-column-last\" style=\"--awb-bg-size:cover;\"><div class=\"fusion-column-wrapper fusion-column-has-shadow fusion-flex-column-wrapper-legacy\"><div class=\"fusion-title title fusion-title-1 fusion-sep-none fusion-title-text fusion-title-size-one\"><h1 class=\"fusion-title-heading title-heading-left fusion-responsive-typography-calculated\" style=\"margin:0;--fontSize:38;line-height:var(--awb-typography1-line-height);\"><h1>Nos valeurs<\/h1><\/h1><\/div><div class=\"fusion-sep-clear\"><\/div><div class=\"fusion-separator fusion-clearfix\" style=\"float:left;margin-bottom:30px;width:100%;max-width:150px;\"><div class=\"fusion-separator-border sep-single\" style=\"--awb-height:20px;--awb-amount:20px;border-color:var(--awb-color4);border-top-width:3px;\"><\/div><\/div><div class=\"fusion-sep-clear\"><\/div><div class=\"fusion-clearfix\"><\/div><\/div><\/div><div class=\"fusion-layout-column fusion_builder_column fusion-builder-column-2 fusion_builder_column_1_1 1_1 fusion-one-full fusion-column-first fusion-column-last\" style=\"--awb-bg-size:cover;\"><div class=\"fusion-column-wrapper fusion-column-has-shadow fusion-flex-column-wrapper-legacy\"><div class=\"fusion-text fusion-text-1\"><p>Apr\u00e8s sa cr\u00e9ation en 2018, l&rsquo;entreprise bda connectivity s&rsquo;est forg\u00e9e sa propre culture d&rsquo;entreprise, empreinte de confiance, de respect mutuel, de transparence et de coh\u00e9sion. Avec nos valeurs d&rsquo;entreprise, nous motivons les collaborateurs, nous nous identifions \u00e0 l&rsquo;entreprise et nous fournissons un standard pour la collaboration. Nos valeurs &#8211; encadr\u00e9es par notre logo &#8211; symbolisent ainsi le vivre-ensemble et la culture v\u00e9cue dans l&rsquo;entreprise.<\/p>\n<p><strong>Car c&rsquo;est ce qui nous rend uniques!<\/strong><\/p>\n<\/div><div class=\"fusion-clearfix\"><\/div><\/div><\/div><div class=\"fusion-layout-column fusion_builder_column fusion-builder-column-3 fusion_builder_column_1_1 1_1 fusion-one-full fusion-column-first fusion-column-last\" style=\"--awb-bg-size:cover;\"><div class=\"fusion-column-wrapper fusion-column-has-shadow fusion-flex-column-wrapper-legacy\"><div class=\"fusion-clearfix\"><\/div><\/div><\/div><\/div><\/div><div class=\"fusion-fullwidth fullwidth-box fusion-builder-row-3 nonhundred-percent-fullwidth non-hundred-percent-height-scrolling\" style=\"--awb-border-radius-top-left:0px;--awb-border-radius-top-right:0px;--awb-border-radius-bottom-right:0px;--awb-border-radius-bottom-left:0px;--awb-flex-wrap:wrap;\" ><div class=\"fusion-builder-row fusion-row\"><div class=\"fusion-layout-column fusion_builder_column fusion-builder-column-4 fusion_builder_column_1_4 1_4 fusion-one-fourth fusion-column-first\" style=\"--awb-bg-color:rgba(244,244,244,0);--awb-bg-color-hover:rgba(244,244,244,0);--awb-bg-size:cover;--awb-border-color:#cccccc;--awb-border-top:1px;--awb-border-style:dotted;width:25%;width:calc(25% - ( ( 4% + 4% + 4% ) * 0.25 ) );margin-right: 4%;\"><div class=\"fusion-column-wrapper fusion-column-has-shadow fusion-flex-column-wrapper-legacy\"><div class=\"fusion-text fusion-text-2\"><h3><strong>Appr\u00e9ciation: <\/strong><\/h3>\n<p>Nous nous rencontrons tous sur un pied d&rsquo;\u00e9galit\u00e9, en nous traitant avec dignit\u00e9 et respect. Chacun est important et pr\u00e9cieux pour le succ\u00e8s de l&rsquo;entreprise. Nous consid\u00e9rons qu&rsquo;il est de notre devoir de tenir nos promesses et nos accords. Cela vaut pour nos produits comme pour les actions de chacun.<\/p>\n<\/div><div class=\"fusion-clearfix\"><\/div><\/div><\/div><div class=\"fusion-layout-column fusion_builder_column fusion-builder-column-5 fusion_builder_column_1_4 1_4 fusion-one-fourth\" style=\"--awb-bg-size:cover;--awb-border-color:#cccccc;--awb-border-top:1px;--awb-border-style:dotted;width:25%;width:calc(25% - ( ( 4% + 4% + 4% ) * 0.25 ) );margin-right: 4%;\"><div class=\"fusion-column-wrapper fusion-column-has-shadow fusion-flex-column-wrapper-legacy\"><div class=\"fusion-text fusion-text-3\"><h3><strong>\u00c9quit\u00e9:<\/strong><\/h3>\n<p>Nous consid\u00e9rons nos clients, nos collaborateurs, nos fournisseurs et le public comme des partenaires. Cela garantit le succ\u00e8s et l&rsquo;avenir de notre entreprise. Nous consid\u00e9rons les dispositions l\u00e9gales, les normes \u00e0 appliquer, les exigences d\u00e9coulant d&rsquo;autres obligations ainsi que l&rsquo;\u00e9tat de la technique comme des exigences minimales.<\/p>\n<\/div><div class=\"fusion-clearfix\"><\/div><\/div><\/div><div class=\"fusion-layout-column fusion_builder_column fusion-builder-column-6 fusion_builder_column_1_4 1_4 fusion-one-fourth\" style=\"--awb-bg-size:cover;--awb-border-color:#cccccc;--awb-border-top:2px;--awb-border-style:dotted;width:25%;width:calc(25% - ( ( 4% + 4% + 4% ) * 0.25 ) );margin-right: 4%;\"><div class=\"fusion-column-wrapper fusion-column-has-shadow fusion-flex-column-wrapper-legacy\"><div class=\"fusion-text fusion-text-4\"><h3><strong>Conscience de la Qualit\u00e9:<\/strong><\/h3>\n<p>La conscience de la qualit\u00e9 commence dans les t\u00eates. Nous attendons de nos collaborateurs qu&rsquo;ils mettent \u00e0 profit leurs comp\u00e9tences et leurs performances dans l&rsquo;esprit de notre charte de qualit\u00e9 et qu&rsquo;ils la d\u00e9veloppent en permanence. Nous attendons \u00e9galement de nos fournisseurs qu&rsquo;ils s&rsquo;engagent \u00e0 respecter nos objectifs de qualit\u00e9.<\/p>\n<\/div><div class=\"fusion-clearfix\"><\/div><\/div><\/div><div class=\"fusion-layout-column fusion_builder_column fusion-builder-column-7 fusion_builder_column_1_4 1_4 fusion-one-fourth fusion-column-last\" style=\"--awb-bg-size:cover;--awb-border-color:#cccccc;--awb-border-top:2px;--awb-border-style:dotted;width:25%;width:calc(25% - ( ( 4% + 4% + 4% ) * 0.25 ) );\"><div class=\"fusion-column-wrapper fusion-column-has-shadow fusion-flex-column-wrapper-legacy\"><div class=\"fusion-text fusion-text-5\"><h3><strong>Volont\u00e9 de r\u00e9ussir: <\/strong><\/h3>\n<p>Nous agissons en fonction des r\u00e9sultats. Ce n&rsquo;est qu&rsquo;en tant qu&rsquo;entreprise rentable que nous pouvons financer la poursuite de notre croissance et fournir les ressources dont nous avons besoin pour atteindre nos objectifs commerciaux. Nous confirmons nos collaborateurs dans leurs points forts et les encourageons \u00e0 se d\u00e9passer.<\/p>\n<\/div><div class=\"fusion-clearfix\"><\/div><\/div><\/div><div class=\"fusion-layout-column fusion_builder_column fusion-builder-column-8 fusion_builder_column_1_4 1_4 fusion-one-fourth fusion-column-first\" style=\"--awb-bg-size:cover;--awb-border-color:#cccccc;--awb-border-left:0;--awb-border-style:dotted;width:25%;width:calc(25% - ( ( 4% + 4% ) * 0.25 ) );margin-right: 4%;\"><div class=\"fusion-column-wrapper fusion-column-has-shadow fusion-flex-column-wrapper-legacy\"><div class=\"fusion-text fusion-text-6\"><h3><strong>Coh\u00e9sion:<\/strong><\/h3>\n<p>Nous tirons tous ensemble \u00e0 la m\u00eame corde et nous nous soutenons mutuellement. La \u00ab\u00a0famille bda\u00a0\u00bb est une culture d&rsquo;entreprise v\u00e9cue au quotidien.<\/p>\n<\/div><div class=\"fusion-clearfix\"><\/div><\/div><\/div><div class=\"fusion-layout-column fusion_builder_column fusion-builder-column-9 fusion_builder_column_1_2 1_2 fusion-one-half\" style=\"--awb-bg-size:cover;width:50%;width:calc(50% - ( ( 4% + 4% ) * 0.5 ) );margin-right: 4%;\"><div class=\"fusion-column-wrapper fusion-column-has-shadow fusion-flex-column-wrapper-legacy\"><div class=\"fusion-image-element in-legacy-container\" style=\"--awb-caption-title-font-family:var(--h2_typography-font-family);--awb-caption-title-font-weight:var(--h2_typography-font-weight);--awb-caption-title-font-style:var(--h2_typography-font-style);--awb-caption-title-size:var(--h2_typography-font-size);--awb-caption-title-transform:var(--h2_typography-text-transform);--awb-caption-title-line-height:var(--h2_typography-line-height);--awb-caption-title-letter-spacing:var(--h2_typography-letter-spacing);\"><span class=\" fusion-imageframe imageframe-none imageframe-1 hover-type-none\"><img decoding=\"async\" width=\"2560\" height=\"1063\" alt=\"Valeurs de bda connectivity comme logo\" title=\"Werte bda connectivity GmbH\" src=\"https:\/\/bda-connectivity.com\/wp-content\/uploads\/2020\/05\/Werte-bda-connectivity-rgb-1-scaled.jpg\" class=\"img-responsive wp-image-6987\" srcset=\"https:\/\/bda-connectivity.com\/wp-content\/uploads\/2020\/05\/Werte-bda-connectivity-rgb-1-200x83.jpg 200w, https:\/\/bda-connectivity.com\/wp-content\/uploads\/2020\/05\/Werte-bda-connectivity-rgb-1-400x166.jpg 400w, https:\/\/bda-connectivity.com\/wp-content\/uploads\/2020\/05\/Werte-bda-connectivity-rgb-1-600x249.jpg 600w, https:\/\/bda-connectivity.com\/wp-content\/uploads\/2020\/05\/Werte-bda-connectivity-rgb-1-800x332.jpg 800w, https:\/\/bda-connectivity.com\/wp-content\/uploads\/2020\/05\/Werte-bda-connectivity-rgb-1-1200x498.jpg 1200w, https:\/\/bda-connectivity.com\/wp-content\/uploads\/2020\/05\/Werte-bda-connectivity-rgb-1-scaled.jpg 2560w\" sizes=\"(max-width: 800px) 100vw, 600px\" \/><\/span><\/div><div class=\"fusion-clearfix\"><\/div><\/div><\/div><div class=\"fusion-layout-column fusion_builder_column fusion-builder-column-10 fusion_builder_column_1_4 1_4 fusion-one-fourth fusion-column-last\" style=\"--awb-bg-size:cover;--awb-border-color:#cccccc;--awb-border-right:0;--awb-border-style:dotted;width:25%;width:calc(25% - ( ( 4% + 4% ) * 0.25 ) );\"><div class=\"fusion-column-wrapper fusion-column-has-shadow fusion-flex-column-wrapper-legacy\"><div class=\"fusion-text fusion-text-7\"><h3><strong>Respect de la tradition:<\/strong><\/h3>\n<p>Nous respectons les origines de notre entreprise et l&rsquo;exp\u00e9rience de nos collaborateurs. C&rsquo;est sur cette base que nous fondons les d\u00e9veloppements et am\u00e9liorations futurs.<\/p>\n<\/div><div class=\"fusion-clearfix\"><\/div><\/div><\/div><div class=\"fusion-layout-column fusion_builder_column fusion-builder-column-11 fusion_builder_column_1_4 1_4 fusion-one-fourth fusion-column-first\" style=\"--awb-bg-size:cover;--awb-border-color:#cccccc;--awb-border-bottom:1px;--awb-border-style:dotted;width:25%;width:calc(25% - ( ( 4% + 4% + 4% ) * 0.25 ) );margin-right: 4%;\"><div class=\"fusion-column-wrapper fusion-column-has-shadow fusion-flex-column-wrapper-legacy\"><div class=\"fusion-text fusion-text-8\"><h3><strong>Durabilit\u00e9 \u00e9conomique, sociale et environnementale:<\/strong><\/h3>\n<p>Nous prenons des d\u00e9cisions en ayant pour objectif le succ\u00e8s \u00e0 long terme. Ce faisant, nous tenons compte des int\u00e9r\u00eats de nos collaborateurs, de nos partenaires et du public.<\/p>\n<\/div><div class=\"fusion-clearfix\"><\/div><\/div><\/div><div class=\"fusion-layout-column fusion_builder_column fusion-builder-column-12 fusion_builder_column_1_4 1_4 fusion-one-fourth\" style=\"--awb-bg-size:cover;--awb-border-color:#cccccc;--awb-border-bottom:1px;--awb-border-style:dotted;width:25%;width:calc(25% - ( ( 4% + 4% + 4% ) * 0.25 ) );margin-right: 4%;\"><div class=\"fusion-column-wrapper fusion-column-has-shadow fusion-flex-column-wrapper-legacy\"><div class=\"fusion-text fusion-text-9\"><h3><strong>Ouverture d&rsquo;esprit:<\/strong><\/h3>\n<p>Nous sommes ouverts et honn\u00eates avec nos collaborateurs et nos partenaires. Cela implique notamment d&rsquo;\u00eatre ouvert aux pr\u00e9occupations de nos collaborateurs et de les \u00e9couter attentivement lorsqu&rsquo;ils discutent avec nos clients.<\/p>\n<\/div><div class=\"fusion-clearfix\"><\/div><\/div><\/div><div class=\"fusion-layout-column fusion_builder_column fusion-builder-column-13 fusion_builder_column_1_4 1_4 fusion-one-fourth\" style=\"--awb-bg-size:cover;--awb-border-color:#cccccc;--awb-border-bottom:1px;--awb-border-style:dotted;width:25%;width:calc(25% - ( ( 4% + 4% + 4% ) * 0.25 ) );margin-right: 4%;\"><div class=\"fusion-column-wrapper fusion-column-has-shadow fusion-flex-column-wrapper-legacy\"><div class=\"fusion-text fusion-text-10\"><h3><strong>Volont\u00e9 de promotion:<\/strong><\/h3>\n<p>Nous encourageons la transmission des connaissances et de l&rsquo;exp\u00e9rience et cr\u00e9ons le cadre n\u00e9cessaire \u00e0 cet effet. Nous pr\u00e9servons ainsi des comp\u00e9tences importantes et assurons la p\u00e9rennit\u00e9 de l&rsquo;entreprise.<\/p>\n<\/div><div class=\"fusion-clearfix\"><\/div><\/div><\/div><div class=\"fusion-layout-column fusion_builder_column fusion-builder-column-14 fusion_builder_column_1_4 1_4 fusion-one-fourth fusion-column-last\" style=\"--awb-bg-size:cover;--awb-border-color:#cccccc;--awb-border-bottom:1px;--awb-border-style:dotted;width:25%;width:calc(25% - ( ( 4% + 4% + 4% ) * 0.25 ) );\"><div class=\"fusion-column-wrapper fusion-column-has-shadow fusion-flex-column-wrapper-legacy\"><div class=\"fusion-text fusion-text-11\"><h3><strong>Flexibilit\u00e9:<\/strong><\/h3>\n<p>Nous adaptons r\u00e9guli\u00e8rement nos strat\u00e9gies, nos plans et nos mesures aux conditions g\u00e9n\u00e9rales, aux exigences des clients, aux march\u00e9s et \u00e0 la concurrence. Nous voulons ainsi saisir les opportunit\u00e9s qui se pr\u00e9sentent et limiter les risques.<\/p>\n<\/div><div class=\"fusion-clearfix\"><\/div><\/div><\/div><\/div><\/div><\/p>\n","protected":false},"excerpt":{"rendered":"","protected":false},"author":2,"featured_media":0,"parent":7236,"menu_order":1,"comment_status":"closed","ping_status":"closed","template":"100-width.php","meta":{"footnotes":""},"class_list":["post-7239","page","type-page","status-publish","hentry"],"yoast_head":"<!-- This site is optimized with the Yoast SEO Premium plugin v24.6 (Yoast SEO v24.6) - https:\/\/yoast.com\/wordpress\/plugins\/seo\/ -->\n<title>Nos valeurs | bda connectivity GmbH<\/title>\n<meta name=\"description\" content=\"Notre culture d&#039;entreprise : confiance, respect mutuel, transparence et coh\u00e9sion\" \/>\n<meta name=\"robots\" content=\"index, follow, max-snippet:-1, max-image-preview:large, max-video-preview:-1\" \/>\n<link rel=\"canonical\" href=\"https:\/\/bda-connectivity.com\/fr\/entreprise\/qui-sommes-nous\/nos-valeurs\/\" \/>\n<meta property=\"og:locale\" content=\"fr_FR\" \/>\n<meta property=\"og:type\" content=\"article\" \/>\n<meta property=\"og:title\" content=\"Nos valeurs\" \/>\n<meta property=\"og:description\" content=\"Notre culture d&#039;entreprise : confiance, respect mutuel, transparence et coh\u00e9sion\" \/>\n<meta property=\"og:url\" content=\"https:\/\/bda-connectivity.com\/fr\/entreprise\/qui-sommes-nous\/nos-valeurs\/\" \/>\n<meta property=\"og:site_name\" content=\"bda connectivity GmbH\" \/>\n<meta property=\"article:publisher\" content=\"https:\/\/www.facebook.com\/bdaconnectivity\/\" \/>\n<meta property=\"article:modified_time\" content=\"2022-10-05T07:56:54+00:00\" \/>\n<meta name=\"twitter:card\" content=\"summary_large_image\" \/>\n<meta name=\"twitter:site\" content=\"@BdaGmbh\" \/>\n<meta name=\"twitter:label1\" content=\"Dur\u00e9e de lecture estim\u00e9e\" \/>\n\t<meta name=\"twitter:data1\" content=\"24 minutes\" \/>\n<script type=\"application\/ld+json\" class=\"yoast-schema-graph\">{\"@context\":\"https:\/\/schema.org\",\"@graph\":[{\"@type\":\"WebPage\",\"@id\":\"https:\/\/bda-connectivity.com\/fr\/entreprise\/qui-sommes-nous\/nos-valeurs\/\",\"url\":\"https:\/\/bda-connectivity.com\/fr\/entreprise\/qui-sommes-nous\/nos-valeurs\/\",\"name\":\"Nos valeurs | bda connectivity GmbH\",\"isPartOf\":{\"@id\":\"https:\/\/bda-connectivity.com\/fr\/#website\"},\"datePublished\":\"2020-05-14T10:23:57+00:00\",\"dateModified\":\"2022-10-05T07:56:54+00:00\",\"description\":\"Notre culture d'entreprise : confiance, respect mutuel, transparence et coh\u00e9sion\",\"breadcrumb\":{\"@id\":\"https:\/\/bda-connectivity.com\/fr\/entreprise\/qui-sommes-nous\/nos-valeurs\/#breadcrumb\"},\"inLanguage\":\"fr-FR\",\"potentialAction\":[{\"@type\":\"ReadAction\",\"target\":[\"https:\/\/bda-connectivity.com\/fr\/entreprise\/qui-sommes-nous\/nos-valeurs\/\"]}]},{\"@type\":\"BreadcrumbList\",\"@id\":\"https:\/\/bda-connectivity.com\/fr\/entreprise\/qui-sommes-nous\/nos-valeurs\/#breadcrumb\",\"itemListElement\":[{\"@type\":\"ListItem\",\"position\":1,\"name\":\"Page d'accueil\",\"item\":\"https:\/\/bda-connectivity.com\/fr\/\"},{\"@type\":\"ListItem\",\"position\":2,\"name\":\"Entreprise\",\"item\":\"https:\/\/bda-connectivity.com\/fr\/unternehmen\/\"},{\"@type\":\"ListItem\",\"position\":3,\"name\":\"qui sommes-nous\",\"item\":\"https:\/\/bda-connectivity.com\/fr\/unternehmen\/bda-connectivity-wir-ueber-uns\/\"},{\"@type\":\"ListItem\",\"position\":4,\"name\":\"Nos valeurs\"}]},{\"@type\":\"WebSite\",\"@id\":\"https:\/\/bda-connectivity.com\/fr\/#website\",\"url\":\"https:\/\/bda-connectivity.com\/fr\/\",\"name\":\"bda connectivity GmbH\",\"description\":\"Spezialkabel und EMV-Mess-Systeme\",\"publisher\":{\"@id\":\"https:\/\/bda-connectivity.com\/fr\/#organization\"},\"potentialAction\":[{\"@type\":\"SearchAction\",\"target\":{\"@type\":\"EntryPoint\",\"urlTemplate\":\"https:\/\/bda-connectivity.com\/fr\/?s={search_term_string}\"},\"query-input\":{\"@type\":\"PropertyValueSpecification\",\"valueRequired\":true,\"valueName\":\"search_term_string\"}}],\"inLanguage\":\"fr-FR\"},{\"@type\":\"Organization\",\"@id\":\"https:\/\/bda-connectivity.com\/fr\/#organization\",\"name\":\"bda connectivity GmbH\",\"url\":\"https:\/\/bda-connectivity.com\/fr\/\",\"logo\":{\"@type\":\"ImageObject\",\"inLanguage\":\"fr-FR\",\"@id\":\"https:\/\/bda-connectivity.com\/fr\/#\/schema\/logo\/image\/\",\"url\":\"https:\/\/bda-connectivity.com\/wp-content\/uploads\/2019\/08\/Logo_bda_web_normal-retina.png\",\"contentUrl\":\"https:\/\/bda-connectivity.com\/wp-content\/uploads\/2019\/08\/Logo_bda_web_normal-retina.png\",\"width\":700,\"height\":202,\"caption\":\"bda connectivity GmbH\"},\"image\":{\"@id\":\"https:\/\/bda-connectivity.com\/fr\/#\/schema\/logo\/image\/\"},\"sameAs\":[\"https:\/\/www.facebook.com\/bdaconnectivity\/\",\"https:\/\/x.com\/BdaGmbh\",\"https:\/\/www.instagram.com\/bdaconnectivity\/\",\"https:\/\/www.linkedin.com\/company\/bda-connectivity-gmbh\"]}]}<\/script>\n<!-- \/ Yoast SEO Premium plugin. -->","yoast_head_json":{"title":"Nos valeurs | bda connectivity GmbH","description":"Notre culture d'entreprise : confiance, respect mutuel, transparence et coh\u00e9sion","robots":{"index":"index","follow":"follow","max-snippet":"max-snippet:-1","max-image-preview":"max-image-preview:large","max-video-preview":"max-video-preview:-1"},"canonical":"https:\/\/bda-connectivity.com\/fr\/entreprise\/qui-sommes-nous\/nos-valeurs\/","og_locale":"fr_FR","og_type":"article","og_title":"Nos valeurs","og_description":"Notre culture d'entreprise : confiance, respect mutuel, transparence et coh\u00e9sion","og_url":"https:\/\/bda-connectivity.com\/fr\/entreprise\/qui-sommes-nous\/nos-valeurs\/","og_site_name":"bda connectivity GmbH","article_publisher":"https:\/\/www.facebook.com\/bdaconnectivity\/","article_modified_time":"2022-10-05T07:56:54+00:00","twitter_card":"summary_large_image","twitter_site":"@BdaGmbh","twitter_misc":{"Dur\u00e9e de lecture estim\u00e9e":"24 minutes"},"schema":{"@context":"https:\/\/schema.org","@graph":[{"@type":"WebPage","@id":"https:\/\/bda-connectivity.com\/fr\/entreprise\/qui-sommes-nous\/nos-valeurs\/","url":"https:\/\/bda-connectivity.com\/fr\/entreprise\/qui-sommes-nous\/nos-valeurs\/","name":"Nos valeurs | bda connectivity GmbH","isPartOf":{"@id":"https:\/\/bda-connectivity.com\/fr\/#website"},"datePublished":"2020-05-14T10:23:57+00:00","dateModified":"2022-10-05T07:56:54+00:00","description":"Notre culture d'entreprise : confiance, respect mutuel, transparence et coh\u00e9sion","breadcrumb":{"@id":"https:\/\/bda-connectivity.com\/fr\/entreprise\/qui-sommes-nous\/nos-valeurs\/#breadcrumb"},"inLanguage":"fr-FR","potentialAction":[{"@type":"ReadAction","target":["https:\/\/bda-connectivity.com\/fr\/entreprise\/qui-sommes-nous\/nos-valeurs\/"]}]},{"@type":"BreadcrumbList","@id":"https:\/\/bda-connectivity.com\/fr\/entreprise\/qui-sommes-nous\/nos-valeurs\/#breadcrumb","itemListElement":[{"@type":"ListItem","position":1,"name":"Page d'accueil","item":"https:\/\/bda-connectivity.com\/fr\/"},{"@type":"ListItem","position":2,"name":"Entreprise","item":"https:\/\/bda-connectivity.com\/fr\/unternehmen\/"},{"@type":"ListItem","position":3,"name":"qui sommes-nous","item":"https:\/\/bda-connectivity.com\/fr\/unternehmen\/bda-connectivity-wir-ueber-uns\/"},{"@type":"ListItem","position":4,"name":"Nos valeurs"}]},{"@type":"WebSite","@id":"https:\/\/bda-connectivity.com\/fr\/#website","url":"https:\/\/bda-connectivity.com\/fr\/","name":"bda connectivity GmbH","description":"Spezialkabel und EMV-Mess-Systeme","publisher":{"@id":"https:\/\/bda-connectivity.com\/fr\/#organization"},"potentialAction":[{"@type":"SearchAction","target":{"@type":"EntryPoint","urlTemplate":"https:\/\/bda-connectivity.com\/fr\/?s={search_term_string}"},"query-input":{"@type":"PropertyValueSpecification","valueRequired":true,"valueName":"search_term_string"}}],"inLanguage":"fr-FR"},{"@type":"Organization","@id":"https:\/\/bda-connectivity.com\/fr\/#organization","name":"bda connectivity GmbH","url":"https:\/\/bda-connectivity.com\/fr\/","logo":{"@type":"ImageObject","inLanguage":"fr-FR","@id":"https:\/\/bda-connectivity.com\/fr\/#\/schema\/logo\/image\/","url":"https:\/\/bda-connectivity.com\/wp-content\/uploads\/2019\/08\/Logo_bda_web_normal-retina.png","contentUrl":"https:\/\/bda-connectivity.com\/wp-content\/uploads\/2019\/08\/Logo_bda_web_normal-retina.png","width":700,"height":202,"caption":"bda connectivity GmbH"},"image":{"@id":"https:\/\/bda-connectivity.com\/fr\/#\/schema\/logo\/image\/"},"sameAs":["https:\/\/www.facebook.com\/bdaconnectivity\/","https:\/\/x.com\/BdaGmbh","https:\/\/www.instagram.com\/bdaconnectivity\/","https:\/\/www.linkedin.com\/company\/bda-connectivity-gmbh"]}]}},"_links":{"self":[{"href":"https:\/\/bda-connectivity.com\/fr\/wp-json\/wp\/v2\/pages\/7239"}],"collection":[{"href":"https:\/\/bda-connectivity.com\/fr\/wp-json\/wp\/v2\/pages"}],"about":[{"href":"https:\/\/bda-connectivity.com\/fr\/wp-json\/wp\/v2\/types\/page"}],"author":[{"embeddable":true,"href":"https:\/\/bda-connectivity.com\/fr\/wp-json\/wp\/v2\/users\/2"}],"replies":[{"embeddable":true,"href":"https:\/\/bda-connectivity.com\/fr\/wp-json\/wp\/v2\/comments?post=7239"}],"version-history":[{"count":0,"href":"https:\/\/bda-connectivity.com\/fr\/wp-json\/wp\/v2\/pages\/7239\/revisions"}],"up":[{"embeddable":true,"href":"https:\/\/bda-connectivity.com\/fr\/wp-json\/wp\/v2\/pages\/7236"}],"wp:attachment":[{"href":"https:\/\/bda-connectivity.com\/fr\/wp-json\/wp\/v2\/media?parent=7239"}],"curies":[{"name":"wp","href":"https:\/\/api.w.org\/{rel}","templated":true}]}}