{"id":7243,"date":"2019-09-10T15:15:37","date_gmt":"2019-09-10T13:15:37","guid":{"rendered":"https:\/\/bda-connectivity.com\/entreprise\/qui-sommes-nous\/a-propos-de-nous-chez-bda-connectivity\/"},"modified":"2023-01-10T10:45:30","modified_gmt":"2023-01-10T09:45:30","slug":"a-propos-de-nous-chez-bda-connectivity","status":"publish","type":"page","link":"https:\/\/bda-connectivity.com\/fr\/entreprise\/qui-sommes-nous\/a-propos-de-nous-chez-bda-connectivity\/","title":{"rendered":"Nous, chez bda connectivity"},"content":{"rendered":"<p><div class=\"fusion-fullwidth fullwidth-box fusion-builder-row-1 top_bild_bereich_seiten nonhundred-percent-fullwidth non-hundred-percent-height-scrolling\" style=\"--awb-border-radius-top-left:0px;--awb-border-radius-top-right:0px;--awb-border-radius-bottom-right:0px;--awb-border-radius-bottom-left:0px;--awb-padding-top:50px;--awb-flex-wrap:wrap;\" ><div class=\"fusion-builder-row fusion-row\"><div class=\"fusion-layout-column fusion_builder_column fusion-builder-column-0 fusion_builder_column_1_1 1_1 fusion-one-full fusion-column-first fusion-column-last\" style=\"--awb-bg-image:url(&#039;https:\/\/bda-connectivity.com\/wp-content\/uploads\/2019\/09\/Sommerfest_Logobild_soft-1024x395.jpg&#039;);--awb-bg-size:cover;\"><div class=\"fusion-column-wrapper fusion-column-has-shadow fusion-flex-column-wrapper-legacy fusion-empty-column-bg-image fusion-column-has-bg-image\" data-bg-url=\"https:\/\/bda-connectivity.com\/wp-content\/uploads\/2019\/09\/Sommerfest_Logobild_soft-1024x395.jpg\"><img decoding=\"async\" class=\"fusion-empty-dims-img-placeholder\" src=\"data:image\/svg+xml,%3Csvg%20xmlns%3D%27http%3A%2F%2Fwww.w3.org%2F2000%2Fsvg%27%20width%3D%271024%27%20height%3D%27395%27%20viewBox%3D%270%200%201024%20395%27%3E%3Crect%20width%3D%271024%27%20height%3D%27395%27%20fill-opacity%3D%220%22%2F%3E%3C%2Fsvg%3E\"><div class=\"fusion-clearfix\"><\/div><\/div><\/div><\/div><\/div><div class=\"fusion-fullwidth fullwidth-box fusion-builder-row-2 nonhundred-percent-fullwidth non-hundred-percent-height-scrolling\" style=\"--awb-border-radius-top-left:0px;--awb-border-radius-top-right:0px;--awb-border-radius-bottom-right:0px;--awb-border-radius-bottom-left:0px;--awb-flex-wrap:wrap;\" ><div class=\"fusion-builder-row fusion-row\"><div class=\"fusion-layout-column fusion_builder_column fusion-builder-column-1 fusion_builder_column_1_1 1_1 fusion-one-full fusion-column-first fusion-column-last\" style=\"--awb-bg-size:cover;\"><div class=\"fusion-column-wrapper fusion-column-has-shadow fusion-flex-column-wrapper-legacy\"><div class=\"fusion-title title fusion-title-1 fusion-sep-none fusion-title-text fusion-title-size-one\"><h1 class=\"fusion-title-heading title-heading-left fusion-responsive-typography-calculated\" style=\"margin:0;--fontSize:38;line-height:var(--awb-typography1-line-height);\"><h1>\u00c0 propos de nous chez bda connectivity<\/h1><\/h1><\/div><div class=\"fusion-sep-clear\"><\/div><div class=\"fusion-separator fusion-clearfix\" style=\"float:left;margin-bottom:30px;width:100%;max-width:150px;\"><div class=\"fusion-separator-border sep-single\" style=\"--awb-height:20px;--awb-amount:20px;border-color:var(--awb-color4);border-top-width:3px;\"><\/div><\/div><div class=\"fusion-sep-clear\"><\/div><div class=\"fusion-title title fusion-title-2 fusion-sep-none fusion-title-text fusion-title-size-two\"><h2 class=\"fusion-title-heading title-heading-left fusion-responsive-typography-calculated\" style=\"margin:0;--fontSize:28;line-height:var(--awb-typography2-line-height);\"><\/h2><\/div><div class=\"fusion-clearfix\"><\/div><\/div><\/div><div class=\"fusion-layout-column fusion_builder_column fusion-builder-column-2 fusion_builder_column_1_1 1_1 fusion-one-full fusion-column-first fusion-column-last\" style=\"--awb-bg-size:cover;\"><div class=\"fusion-column-wrapper fusion-column-has-shadow fusion-flex-column-wrapper-legacy\"><div class=\"fusion-text fusion-text-1\"><p>Notre culture d&rsquo;entreprise se caract\u00e9rise par un dialogue ouvert, des objectifs communs et un soutien mutuel. Face \u00e0 tous les d\u00e9fis, nous nous concentrons sur nos forces et nos r\u00e9ussites personnelles.<\/p>\n<h2><strong>Ce que nous offrons:<\/strong><\/h2>\n<h3><strong>Vivre la diversit\u00e9<\/strong><\/h3>\n<p>Les collaborateurs sont aussi vari\u00e9s que les t\u00e2ches au sein de l&rsquo;entreprise. Chacun est important et pr\u00e9cieux pour le succ\u00e8s de l&rsquo;entreprise &#8211; ind\u00e9pendamment du sexe et de l&rsquo;identit\u00e9 sexuelle, de la nationalit\u00e9, de l&rsquo;origine ethnique, de la religion ou des convictions, du handicap, de l&rsquo;\u00e2ge.<\/p>\n<p>En tant que membre de la <a href=\"https:\/\/www.charta-der-vielfalt.de\/\">Charte de la diversit\u00e9<\/a>, nous consid\u00e9rons la diversit\u00e9 comme l&rsquo;un des piliers de la r\u00e9ussite de notre entreprise..<\/p>\n<\/div><div class=\"fusion-image-element in-legacy-container\" style=\"--awb-caption-title-font-family:var(--h2_typography-font-family);--awb-caption-title-font-weight:var(--h2_typography-font-weight);--awb-caption-title-font-style:var(--h2_typography-font-style);--awb-caption-title-size:var(--h2_typography-font-size);--awb-caption-title-transform:var(--h2_typography-text-transform);--awb-caption-title-line-height:var(--h2_typography-line-height);--awb-caption-title-letter-spacing:var(--h2_typography-letter-spacing);\"><span class=\" fusion-imageframe imageframe-none imageframe-1 hover-type-none\"><a class=\"fusion-no-lightbox\" href=\"https:\/\/www.charta-der-vielfalt.de\/\" target=\"_self\" aria-label=\"Logo\"><img decoding=\"async\" width=\"1300\" height=\"414\" alt=\"charta der vielfalt\" src=\"https:\/\/bda-connectivity.com\/wp-content\/uploads\/2019\/12\/Logo.jpg\" class=\"img-responsive wp-image-6847\" srcset=\"https:\/\/bda-connectivity.com\/wp-content\/uploads\/2019\/12\/Logo-200x64.jpg 200w, https:\/\/bda-connectivity.com\/wp-content\/uploads\/2019\/12\/Logo-400x127.jpg 400w, https:\/\/bda-connectivity.com\/wp-content\/uploads\/2019\/12\/Logo-600x191.jpg 600w, https:\/\/bda-connectivity.com\/wp-content\/uploads\/2019\/12\/Logo-800x255.jpg 800w, https:\/\/bda-connectivity.com\/wp-content\/uploads\/2019\/12\/Logo-1200x382.jpg 1200w, https:\/\/bda-connectivity.com\/wp-content\/uploads\/2019\/12\/Logo.jpg 1300w\" sizes=\"(max-width: 800px) 100vw, 1300px\" \/><\/a><\/span><\/div><div class=\"fusion-text fusion-text-2\"><h3><strong>Permettre un \u00e9quilibre entre vie professionnelle et vie priv\u00e9e<\/strong><\/h3>\n<p>Un \u00e9quilibre sain entre le travail et la vie est important pour que nous soyons satisfaits \u00e0 long terme. M\u00eame lorsque la situation priv\u00e9e change, par exemple lorsque la famille s&rsquo;agrandit. Lorsque cela est possible et raisonnable, les horaires de travail sont flexibles.<\/p>\n<h3>Fixer des objectifs<\/h3>\n<p>Nous ne pouvons atteindre nos objectifs qu&rsquo;ensemble. Chacun y apporte une contribution importante, que ce soit en tant que collaborateur de production, d\u00e9veloppeur, collaborateur du service commercial ou du service qualit\u00e9.<\/p>\n<p>Valeurs importantes:<\/p>\n<ul>\n<li>\u00c9quit\u00e9, respect et entraide<\/li>\n<li>un environnement ax\u00e9 sur la performance et la valorisation<\/li>\n<li>agir de mani\u00e8re autonome<\/li>\n<li>communication ouverte<\/li>\n<\/ul>\n<h3>Donner des perspectives<\/h3>\n<p>Seul le changement est permanent. Nous nous d\u00e9veloppons gr\u00e2ce \u00e0 de nouveaux d\u00e9fis et de nouvelles t\u00e2ches &#8211; c&rsquo;est pourquoi nous continuons \u00e0 qualifier nos collaborateurs sur le plan professionnel.<\/p>\n<p>Nous soutenons et encourageons nos collaborateurs par:<\/p>\n<ul>\n<li>des possibilit\u00e9s de d\u00e9veloppement int\u00e9ressantes au sein de l&rsquo;entreprise<\/li>\n<li>formation continue li\u00e9e au poste<\/li>\n<li>formation interne<\/li>\n<li>formation initiale et continue en cours d&#8217;emploi<\/li>\n<\/ul>\n<h3>Indiquer la direction<\/h3>\n<p>Seul celui qui sait o\u00f9 il se trouve peut prendre une nouvelle direction. Des entretiens de feedback r\u00e9guliers permettent \u00e0 chaque collaborateur de conna\u00eetre ses possibilit\u00e9s individuelles. Les succ\u00e8s, les attentes et les objectifs et mesures de d\u00e9veloppement sont discut\u00e9s ensemble.<br \/>\n<strong><br \/>\n<\/strong>Entretiens de feedback r\u00e9guliers et structur\u00e9s:<\/p>\n<ul>\n<li>\u00c9valuation de sa propre performance au travail<\/li>\n<li>Reconnaissance des points forts et des points faibles<\/li>\n<li>Accord sur les objectifs personnels et les possibilit\u00e9s de d\u00e9veloppement<\/li>\n<li>Commentaires sur l&rsquo;entreprise<\/li>\n<\/ul>\n<h3>Offrir des activit\u00e9s int\u00e9ressantes<\/h3>\n<p>Nos collaborateurs travaillent sur des solutions de haute qualit\u00e9 dans le domaine de la production de c\u00e2bles, de la technique d&rsquo;antenne et de la technique de mesure CoMeT et s&rsquo;engagent pour des relations \u00e0 long terme avec les clients, au niveau national et international. Chaque employ\u00e9 s&rsquo;engage continuellement \u00e0 atteindre nos objectifs. C&rsquo;est l&rsquo;un des piliers de notre entreprise et c&rsquo;est la garantie d&rsquo;un succ\u00e8s \u00e0 long terme.<\/p>\n<h3>Garantir une r\u00e9mun\u00e9ration \u00e9quitable<\/h3>\n<p>Avec une r\u00e9mun\u00e9ration \u00e9quitable, nous t\u00e9moignons \u00e0 nos collaborateurs de l&rsquo;estime pour leur performance au travail.<\/p>\n<p>Nous offrons:<\/p>\n<ul>\n<li>Juste r\u00e9mun\u00e9ration<\/li>\n<li>Subvention pour la pr\u00e9voyance vieillesse de l&rsquo;entreprise<\/li>\n<\/ul>\n<h3>Cr\u00e9er un environnement de travail sain<\/h3>\n<p>Le travail doit \u00eatre sain. C&rsquo;est pourquoi nous faisons des choses pour que tout le monde reste en bonne sant\u00e9. Par exemple:<\/p>\n<ul>\n<li>examen de m\u00e9decine du travail et conseils aux employ\u00e9s<\/li>\n<li>des consultations ouvertes et des examens pr\u00e9ventifs par notre m\u00e9decin du travail<\/li>\n<li>promotion de la sant\u00e9 en entreprise, comme par exemple l&rsquo;\u00e9cole du dos<\/li>\n<\/ul>\n<h3>Offrir un site attractif<\/h3>\n<p>Ville et campagne &#8211; Asslar r\u00e9unit le meilleur des deux, dans la vall\u00e9e de la Dill, \u00e0 proximit\u00e9 de Wetzlar et de la Westerwald, et dans la zone d&rsquo;influence de la r\u00e9gion Rhin-Main.<br \/>\nOn peut se rendre rapidement sur son lieu de travail, que ce soit en voiture, \u00e0 v\u00e9lo ou avec les transports en commun.<\/p>\n<ul>\n<li>Proximit\u00e9 de l&rsquo;autoroute<\/li>\n<li>Possibilit\u00e9 de se garer directement sur le site<\/li>\n<li>Acc\u00e8s par bus<\/li>\n<li>Parking \u00e0 v\u00e9los<\/li>\n<\/ul>\n<\/div><div class=\"fusion-clearfix\"><\/div><\/div><\/div><\/div><\/div><div class=\"fusion-fullwidth fullwidth-box fusion-builder-row-3 nonhundred-percent-fullwidth non-hundred-percent-height-scrolling\" style=\"--awb-border-radius-top-left:0px;--awb-border-radius-top-right:0px;--awb-border-radius-bottom-right:0px;--awb-border-radius-bottom-left:0px;--awb-flex-wrap:wrap;\" ><div class=\"fusion-builder-row fusion-row\"><div class=\"fusion-layout-column fusion_builder_column fusion-builder-column-3 fusion_builder_column_1_1 1_1 fusion-one-full fusion-column-first fusion-column-last\" style=\"--awb-bg-size:cover;\"><div class=\"fusion-column-wrapper fusion-column-has-shadow fusion-flex-column-wrapper-legacy\"><div class=\"fusion-sep-clear\"><\/div><div class=\"fusion-separator fusion-full-width-sep\" style=\"margin-left: auto;margin-right: auto;margin-bottom:40px;width:100%;\"><div class=\"fusion-separator-border sep-single\" style=\"--awb-height:20px;--awb-amount:20px;border-color:var(--awb-color4);border-top-width:3px;\"><\/div><\/div><div class=\"fusion-sep-clear\"><\/div><div class=\"fusion-builder-row fusion-builder-row-inner fusion-row\"><div class=\"fusion-layout-column fusion_builder_column_inner fusion-builder-nested-column-0 fusion_builder_column_inner_1_4 1_4 fusion-one-fourth fusion-column-first\" style=\"--awb-bg-color:#ffffff;--awb-bg-color-hover:#ffffff;--awb-bg-size:cover;width:25%;width:calc(25% - ( ( 0 ) * 0.25 ) );margin-right: 0px;\"><div class=\"fusion-column-wrapper fusion-column-has-shadow fusion-flex-column-wrapper-legacy\"><div class=\"fusion-column-content-centered\"><div class=\"fusion-column-content\"><div class=\"fusion-image-element fusion-image-align-left in-legacy-container\" style=\"text-align:left;--awb-caption-title-font-family:var(--h2_typography-font-family);--awb-caption-title-font-weight:var(--h2_typography-font-weight);--awb-caption-title-font-style:var(--h2_typography-font-style);--awb-caption-title-size:var(--h2_typography-font-size);--awb-caption-title-transform:var(--h2_typography-text-transform);--awb-caption-title-line-height:var(--h2_typography-line-height);--awb-caption-title-letter-spacing:var(--h2_typography-letter-spacing);\"><span class=\" fusion-imageframe imageframe-none imageframe-2 hover-type-none\" style=\"border:7px solid #ffffff;border-radius:3px;margin-right:25px;float:left;\"><a class=\"fusion-no-lightbox\" href=\"https:\/\/bda-connectivity.com\/fr\/entreprise\/carriere\/\" target=\"_blank\" aria-label=\"pixabay_team-spirit-2447163_257x183\" rel=\"noopener noreferrer\"><img decoding=\"async\" width=\"256\" height=\"183\" alt=\"coh\u00e9sion\" src=\"https:\/\/bda-connectivity.com\/wp-content\/uploads\/2020\/02\/pixabay_team-spirit-2447163_257x183.jpg\" class=\"img-responsive wp-image-6904\" srcset=\"https:\/\/bda-connectivity.com\/wp-content\/uploads\/2020\/02\/pixabay_team-spirit-2447163_257x183-200x143.jpg 200w, https:\/\/bda-connectivity.com\/wp-content\/uploads\/2020\/02\/pixabay_team-spirit-2447163_257x183.jpg 256w\" sizes=\"(max-width: 800px) 100vw, 256px\" \/><\/a><\/span><\/div><\/div><\/div><div class=\"fusion-clearfix\"><\/div><\/div><\/div><div class=\"fusion-layout-column fusion_builder_column_inner fusion-builder-nested-column-1 fusion_builder_column_inner_3_4 3_4 fusion-three-fourth fusion-column-last\" style=\"--awb-padding-top:50px;--awb-bg-size:cover;width:75%;width:calc(75% - ( ( 0 ) * 0.75 ) );\"><div class=\"fusion-column-wrapper fusion-column-has-shadow fusion-flex-column-wrapper-legacy\"><div class=\"fusion-column-content-centered\"><div class=\"fusion-column-content\"><div class=\"fusion-text fusion-text-3\"><p style=\"margin-bottom: 0px;\"><span style=\"color: #ffffff; font-size: 20px;\"><span style=\"color: #000000;\">Vous souhaitez faire partie de notre \u00e9quipe ? Nous nous r\u00e9jouissons de vous accueillir !<br \/>\n<strong><a href=\"https:\/\/bda-connectivity.com\/fr\/entreprise\/carriere\/\">Cliquez ici<\/a><\/strong> pour consulter nos offres d&#8217;emploi actuelles. Ou envoyez votre candidature spontan\u00e9e directement \u00e0 Mme Elke Heinl, , E-Mail: <a href=\"mailto:bewerbung@bda-c.com\">bewerbung@bda-c.com <\/a><\/span> <\/span><\/p>\n<\/div><\/div><\/div><div class=\"fusion-clearfix\"><\/div><\/div><\/div><\/div><div class=\"fusion-clearfix\"><\/div><\/div><\/div><\/div><\/div><\/p>\n","protected":false},"excerpt":{"rendered":"","protected":false},"author":2,"featured_media":0,"parent":7236,"menu_order":2,"comment_status":"closed","ping_status":"closed","template":"100-width.php","meta":{"footnotes":""},"class_list":["post-7243","page","type-page","status-publish","hentry"],"yoast_head":"<!-- This site is optimized with the Yoast SEO Premium plugin v24.6 (Yoast SEO v24.6) - https:\/\/yoast.com\/wordpress\/plugins\/seo\/ -->\n<title>Nous, chez bda connectivity<\/title>\n<meta name=\"description\" content=\"Nous, chez bda connectivity: Notre culture d&#039;entreprise se caract\u00e9rise par un dialogue ouvert, des objectifs communs et un esprit de soutien.\" \/>\n<meta name=\"robots\" content=\"index, follow, max-snippet:-1, max-image-preview:large, max-video-preview:-1\" \/>\n<link rel=\"canonical\" href=\"https:\/\/bda-connectivity.com\/fr\/entreprise\/qui-sommes-nous\/a-propos-de-nous-chez-bda-connectivity\/\" \/>\n<meta property=\"og:locale\" content=\"fr_FR\" \/>\n<meta property=\"og:type\" content=\"article\" \/>\n<meta property=\"og:title\" content=\"Nous, chez bda connectivity\" \/>\n<meta property=\"og:description\" content=\"Nous, chez bda connectivity: Notre culture d&#039;entreprise se caract\u00e9rise par un dialogue ouvert, des objectifs communs et un esprit de soutien.\" \/>\n<meta property=\"og:url\" content=\"https:\/\/bda-connectivity.com\/fr\/entreprise\/qui-sommes-nous\/a-propos-de-nous-chez-bda-connectivity\/\" \/>\n<meta property=\"og:site_name\" content=\"bda connectivity GmbH\" \/>\n<meta property=\"article:publisher\" content=\"https:\/\/www.facebook.com\/bdaconnectivity\/\" \/>\n<meta property=\"article:modified_time\" content=\"2023-01-10T09:45:30+00:00\" \/>\n<meta name=\"twitter:card\" content=\"summary_large_image\" \/>\n<meta name=\"twitter:site\" content=\"@BdaGmbh\" \/>\n<meta name=\"twitter:label1\" content=\"Dur\u00e9e de lecture estim\u00e9e\" \/>\n\t<meta name=\"twitter:data1\" content=\"15 minutes\" \/>\n<script type=\"application\/ld+json\" class=\"yoast-schema-graph\">{\"@context\":\"https:\/\/schema.org\",\"@graph\":[{\"@type\":\"WebPage\",\"@id\":\"https:\/\/bda-connectivity.com\/fr\/entreprise\/qui-sommes-nous\/a-propos-de-nous-chez-bda-connectivity\/\",\"url\":\"https:\/\/bda-connectivity.com\/fr\/entreprise\/qui-sommes-nous\/a-propos-de-nous-chez-bda-connectivity\/\",\"name\":\"Nous, chez bda connectivity\",\"isPartOf\":{\"@id\":\"https:\/\/bda-connectivity.com\/fr\/#website\"},\"datePublished\":\"2019-09-10T13:15:37+00:00\",\"dateModified\":\"2023-01-10T09:45:30+00:00\",\"description\":\"Nous, chez bda connectivity: Notre culture d'entreprise se caract\u00e9rise par un dialogue ouvert, des objectifs communs et un esprit de soutien.\",\"breadcrumb\":{\"@id\":\"https:\/\/bda-connectivity.com\/fr\/entreprise\/qui-sommes-nous\/a-propos-de-nous-chez-bda-connectivity\/#breadcrumb\"},\"inLanguage\":\"fr-FR\",\"potentialAction\":[{\"@type\":\"ReadAction\",\"target\":[\"https:\/\/bda-connectivity.com\/fr\/entreprise\/qui-sommes-nous\/a-propos-de-nous-chez-bda-connectivity\/\"]}]},{\"@type\":\"BreadcrumbList\",\"@id\":\"https:\/\/bda-connectivity.com\/fr\/entreprise\/qui-sommes-nous\/a-propos-de-nous-chez-bda-connectivity\/#breadcrumb\",\"itemListElement\":[{\"@type\":\"ListItem\",\"position\":1,\"name\":\"Page d'accueil\",\"item\":\"https:\/\/bda-connectivity.com\/fr\/\"},{\"@type\":\"ListItem\",\"position\":2,\"name\":\"Entreprise\",\"item\":\"https:\/\/bda-connectivity.com\/fr\/unternehmen\/\"},{\"@type\":\"ListItem\",\"position\":3,\"name\":\"qui sommes-nous\",\"item\":\"https:\/\/bda-connectivity.com\/fr\/unternehmen\/bda-connectivity-wir-ueber-uns\/\"},{\"@type\":\"ListItem\",\"position\":4,\"name\":\"Nous, chez bda connectivity\"}]},{\"@type\":\"WebSite\",\"@id\":\"https:\/\/bda-connectivity.com\/fr\/#website\",\"url\":\"https:\/\/bda-connectivity.com\/fr\/\",\"name\":\"bda connectivity GmbH\",\"description\":\"Spezialkabel und EMV-Mess-Systeme\",\"publisher\":{\"@id\":\"https:\/\/bda-connectivity.com\/fr\/#organization\"},\"potentialAction\":[{\"@type\":\"SearchAction\",\"target\":{\"@type\":\"EntryPoint\",\"urlTemplate\":\"https:\/\/bda-connectivity.com\/fr\/?s={search_term_string}\"},\"query-input\":{\"@type\":\"PropertyValueSpecification\",\"valueRequired\":true,\"valueName\":\"search_term_string\"}}],\"inLanguage\":\"fr-FR\"},{\"@type\":\"Organization\",\"@id\":\"https:\/\/bda-connectivity.com\/fr\/#organization\",\"name\":\"bda connectivity GmbH\",\"url\":\"https:\/\/bda-connectivity.com\/fr\/\",\"logo\":{\"@type\":\"ImageObject\",\"inLanguage\":\"fr-FR\",\"@id\":\"https:\/\/bda-connectivity.com\/fr\/#\/schema\/logo\/image\/\",\"url\":\"https:\/\/bda-connectivity.com\/wp-content\/uploads\/2019\/08\/Logo_bda_web_normal-retina.png\",\"contentUrl\":\"https:\/\/bda-connectivity.com\/wp-content\/uploads\/2019\/08\/Logo_bda_web_normal-retina.png\",\"width\":700,\"height\":202,\"caption\":\"bda connectivity GmbH\"},\"image\":{\"@id\":\"https:\/\/bda-connectivity.com\/fr\/#\/schema\/logo\/image\/\"},\"sameAs\":[\"https:\/\/www.facebook.com\/bdaconnectivity\/\",\"https:\/\/x.com\/BdaGmbh\",\"https:\/\/www.instagram.com\/bdaconnectivity\/\",\"https:\/\/www.linkedin.com\/company\/bda-connectivity-gmbh\"]}]}<\/script>\n<!-- \/ Yoast SEO Premium plugin. -->","yoast_head_json":{"title":"Nous, chez bda connectivity","description":"Nous, chez bda connectivity: Notre culture d'entreprise se caract\u00e9rise par un dialogue ouvert, des objectifs communs et un esprit de soutien.","robots":{"index":"index","follow":"follow","max-snippet":"max-snippet:-1","max-image-preview":"max-image-preview:large","max-video-preview":"max-video-preview:-1"},"canonical":"https:\/\/bda-connectivity.com\/fr\/entreprise\/qui-sommes-nous\/a-propos-de-nous-chez-bda-connectivity\/","og_locale":"fr_FR","og_type":"article","og_title":"Nous, chez bda connectivity","og_description":"Nous, chez bda connectivity: Notre culture d'entreprise se caract\u00e9rise par un dialogue ouvert, des objectifs communs et un esprit de soutien.","og_url":"https:\/\/bda-connectivity.com\/fr\/entreprise\/qui-sommes-nous\/a-propos-de-nous-chez-bda-connectivity\/","og_site_name":"bda connectivity GmbH","article_publisher":"https:\/\/www.facebook.com\/bdaconnectivity\/","article_modified_time":"2023-01-10T09:45:30+00:00","twitter_card":"summary_large_image","twitter_site":"@BdaGmbh","twitter_misc":{"Dur\u00e9e de lecture estim\u00e9e":"15 minutes"},"schema":{"@context":"https:\/\/schema.org","@graph":[{"@type":"WebPage","@id":"https:\/\/bda-connectivity.com\/fr\/entreprise\/qui-sommes-nous\/a-propos-de-nous-chez-bda-connectivity\/","url":"https:\/\/bda-connectivity.com\/fr\/entreprise\/qui-sommes-nous\/a-propos-de-nous-chez-bda-connectivity\/","name":"Nous, chez bda connectivity","isPartOf":{"@id":"https:\/\/bda-connectivity.com\/fr\/#website"},"datePublished":"2019-09-10T13:15:37+00:00","dateModified":"2023-01-10T09:45:30+00:00","description":"Nous, chez bda connectivity: Notre culture d'entreprise se caract\u00e9rise par un dialogue ouvert, des objectifs communs et un esprit de soutien.","breadcrumb":{"@id":"https:\/\/bda-connectivity.com\/fr\/entreprise\/qui-sommes-nous\/a-propos-de-nous-chez-bda-connectivity\/#breadcrumb"},"inLanguage":"fr-FR","potentialAction":[{"@type":"ReadAction","target":["https:\/\/bda-connectivity.com\/fr\/entreprise\/qui-sommes-nous\/a-propos-de-nous-chez-bda-connectivity\/"]}]},{"@type":"BreadcrumbList","@id":"https:\/\/bda-connectivity.com\/fr\/entreprise\/qui-sommes-nous\/a-propos-de-nous-chez-bda-connectivity\/#breadcrumb","itemListElement":[{"@type":"ListItem","position":1,"name":"Page d'accueil","item":"https:\/\/bda-connectivity.com\/fr\/"},{"@type":"ListItem","position":2,"name":"Entreprise","item":"https:\/\/bda-connectivity.com\/fr\/unternehmen\/"},{"@type":"ListItem","position":3,"name":"qui sommes-nous","item":"https:\/\/bda-connectivity.com\/fr\/unternehmen\/bda-connectivity-wir-ueber-uns\/"},{"@type":"ListItem","position":4,"name":"Nous, chez bda connectivity"}]},{"@type":"WebSite","@id":"https:\/\/bda-connectivity.com\/fr\/#website","url":"https:\/\/bda-connectivity.com\/fr\/","name":"bda connectivity GmbH","description":"Spezialkabel und EMV-Mess-Systeme","publisher":{"@id":"https:\/\/bda-connectivity.com\/fr\/#organization"},"potentialAction":[{"@type":"SearchAction","target":{"@type":"EntryPoint","urlTemplate":"https:\/\/bda-connectivity.com\/fr\/?s={search_term_string}"},"query-input":{"@type":"PropertyValueSpecification","valueRequired":true,"valueName":"search_term_string"}}],"inLanguage":"fr-FR"},{"@type":"Organization","@id":"https:\/\/bda-connectivity.com\/fr\/#organization","name":"bda connectivity GmbH","url":"https:\/\/bda-connectivity.com\/fr\/","logo":{"@type":"ImageObject","inLanguage":"fr-FR","@id":"https:\/\/bda-connectivity.com\/fr\/#\/schema\/logo\/image\/","url":"https:\/\/bda-connectivity.com\/wp-content\/uploads\/2019\/08\/Logo_bda_web_normal-retina.png","contentUrl":"https:\/\/bda-connectivity.com\/wp-content\/uploads\/2019\/08\/Logo_bda_web_normal-retina.png","width":700,"height":202,"caption":"bda connectivity GmbH"},"image":{"@id":"https:\/\/bda-connectivity.com\/fr\/#\/schema\/logo\/image\/"},"sameAs":["https:\/\/www.facebook.com\/bdaconnectivity\/","https:\/\/x.com\/BdaGmbh","https:\/\/www.instagram.com\/bdaconnectivity\/","https:\/\/www.linkedin.com\/company\/bda-connectivity-gmbh"]}]}},"_links":{"self":[{"href":"https:\/\/bda-connectivity.com\/fr\/wp-json\/wp\/v2\/pages\/7243"}],"collection":[{"href":"https:\/\/bda-connectivity.com\/fr\/wp-json\/wp\/v2\/pages"}],"about":[{"href":"https:\/\/bda-connectivity.com\/fr\/wp-json\/wp\/v2\/types\/page"}],"author":[{"embeddable":true,"href":"https:\/\/bda-connectivity.com\/fr\/wp-json\/wp\/v2\/users\/2"}],"replies":[{"embeddable":true,"href":"https:\/\/bda-connectivity.com\/fr\/wp-json\/wp\/v2\/comments?post=7243"}],"version-history":[{"count":0,"href":"https:\/\/bda-connectivity.com\/fr\/wp-json\/wp\/v2\/pages\/7243\/revisions"}],"up":[{"embeddable":true,"href":"https:\/\/bda-connectivity.com\/fr\/wp-json\/wp\/v2\/pages\/7236"}],"wp:attachment":[{"href":"https:\/\/bda-connectivity.com\/fr\/wp-json\/wp\/v2\/media?parent=7243"}],"curies":[{"name":"wp","href":"https:\/\/api.w.org\/{rel}","templated":true}]}}