{"id":7247,"date":"2019-08-15T14:49:31","date_gmt":"2019-08-15T12:49:31","guid":{"rendered":"https:\/\/bda-connectivity.com\/entreprise\/qui-sommes-nous\/union-europeenne-feder\/"},"modified":"2023-01-31T10:33:36","modified_gmt":"2023-01-31T09:33:36","slug":"union-europeenne-feder","status":"publish","type":"page","link":"https:\/\/bda-connectivity.com\/fr\/entreprise\/qui-sommes-nous\/union-europeenne-feder\/","title":{"rendered":"Union europ\u00e9enne &#8211; EFRE"},"content":{"rendered":"<p><div class=\"fusion-fullwidth fullwidth-box fusion-builder-row-1 fusion-parallax-none top_bild_bereich_seiten nonhundred-percent-fullwidth non-hundred-percent-height-scrolling\" style=\"--awb-border-radius-top-left:0px;--awb-border-radius-top-right:0px;--awb-border-radius-bottom-right:0px;--awb-border-radius-bottom-left:0px;--awb-background-image:url(&quot;https:\/\/bda-connectivity.com\/wp-content\/uploads\/2019\/08\/bda_header_allgemein.jpg&quot;);--awb-background-size:cover;--awb-flex-wrap:wrap;\" ><div class=\"fusion-builder-row fusion-row\"><div class=\"fusion-layout-column fusion_builder_column fusion-builder-column-0 fusion_builder_column_1_1 1_1 fusion-one-full fusion-column-first fusion-column-last\" style=\"--awb-bg-size:cover;\"><div class=\"fusion-column-wrapper fusion-column-has-shadow fusion-flex-column-wrapper-legacy\"><div class=\"fusion-clearfix\"><\/div><\/div><\/div><\/div><\/div><div class=\"fusion-fullwidth fullwidth-box fusion-builder-row-2 nonhundred-percent-fullwidth non-hundred-percent-height-scrolling\" style=\"--awb-border-radius-top-left:0px;--awb-border-radius-top-right:0px;--awb-border-radius-bottom-right:0px;--awb-border-radius-bottom-left:0px;--awb-flex-wrap:wrap;\" ><div class=\"fusion-builder-row fusion-row\"><div class=\"fusion-layout-column fusion_builder_column fusion-builder-column-1 fusion_builder_column_1_1 1_1 fusion-one-full fusion-column-first fusion-column-last\" style=\"--awb-bg-size:cover;\"><div class=\"fusion-column-wrapper fusion-column-has-shadow fusion-flex-column-wrapper-legacy\"><div class=\"fusion-title title fusion-title-1 fusion-sep-none fusion-title-text fusion-title-size-one\"><h1 class=\"fusion-title-heading title-heading-left fusion-responsive-typography-calculated\" style=\"margin:0;--fontSize:38;line-height:var(--awb-typography1-line-height);\"><h1>Union europ\u00e9enne &#8211; EFRE<\/h1><\/h1><\/div><div class=\"fusion-sep-clear\"><\/div><div class=\"fusion-separator fusion-clearfix\" style=\"float:left;margin-bottom:30px;width:100%;max-width:150px;\"><div class=\"fusion-separator-border sep-single\" style=\"--awb-height:20px;--awb-amount:20px;border-color:var(--awb-color4);border-top-width:3px;\"><\/div><\/div><div class=\"fusion-sep-clear\"><\/div><div class=\"fusion-clearfix\"><\/div><\/div><\/div><\/div><\/div><div class=\"fusion-fullwidth fullwidth-box fusion-builder-row-3 nonhundred-percent-fullwidth non-hundred-percent-height-scrolling\" style=\"--awb-border-radius-top-left:0px;--awb-border-radius-top-right:0px;--awb-border-radius-bottom-right:0px;--awb-border-radius-bottom-left:0px;--awb-padding-top:0px;--awb-flex-wrap:wrap;\" ><div class=\"fusion-builder-row fusion-row\"><div class=\"fusion-layout-column fusion_builder_column fusion-builder-column-2 fusion_builder_column_1_1 1_1 fusion-one-full fusion-column-first fusion-column-last\" style=\"--awb-bg-size:cover;\"><div class=\"fusion-column-wrapper fusion-column-has-shadow fusion-flex-column-wrapper-legacy\"><div class=\"fusion-text fusion-text-1\"><p>Union Europ\u00e9enne &#8211; EFRE: Le 1er septembre 2018, bda connectivity GmbH a repris la fabrication de c\u00e2bles, y compris le site de production correspondant, de bedea Berkenhoff &#038; Drebes GmbH.<\/p>\n<p>Le site d&rsquo;exploitation peut ainsi \u00eatre maintenu et agrandi. Cette mesure pr\u00e9serve environ 60 \u00e0 70 emplois, c&rsquo;est pourquoi le Fonds europ\u00e9en de d\u00e9veloppement r\u00e9gional (FEDER) soutient l&rsquo;entreprise. Dans les ann\u00e9es \u00e0 venir, nous cr\u00e9erons d&rsquo;autres emplois.<\/p>\n<p>En plus du d\u00e9veloppement, de la production et de la vente de c\u00e2bles sp\u00e9ciaux pour les domaines d&rsquo;application les plus divers, la gamme sera \u00e9tendue \u00e0 l&rsquo;avenir \u00e0 d&rsquo;autres produits pour les r\u00e9seaux d&rsquo;infrastructure.<\/p>\n<\/div><div class=\"fusion-clearfix\"><\/div><\/div><\/div><div class=\"fusion-layout-column fusion_builder_column fusion-builder-column-3 fusion_builder_column_1_1 1_1 fusion-one-full fusion-column-first fusion-column-last\" style=\"--awb-bg-size:cover;\"><div class=\"fusion-column-wrapper fusion-column-has-shadow fusion-flex-column-wrapper-legacy\"><div class=\"fusion-image-element in-legacy-container\" style=\"--awb-caption-title-font-family:var(--h2_typography-font-family);--awb-caption-title-font-weight:var(--h2_typography-font-weight);--awb-caption-title-font-style:var(--h2_typography-font-style);--awb-caption-title-size:var(--h2_typography-font-size);--awb-caption-title-transform:var(--h2_typography-text-transform);--awb-caption-title-line-height:var(--h2_typography-line-height);--awb-caption-title-letter-spacing:var(--h2_typography-letter-spacing);\"><span class=\" fusion-imageframe imageframe-none imageframe-1 hover-type-none\"><img decoding=\"async\" width=\"200\" height=\"28\" alt=\"Union europ\u00e9enne \" title=\"Europ\u00e4ischer Fonds f\u00fcr regionale Entwicklung\" src=\"https:\/\/bda-connectivity.com\/wp-content\/uploads\/2019\/08\/efre-200x28.png\" class=\"img-responsive wp-image-6648\" srcset=\"https:\/\/bda-connectivity.com\/wp-content\/uploads\/2019\/08\/efre-200x28.png 200w, https:\/\/bda-connectivity.com\/wp-content\/uploads\/2019\/08\/efre-400x55.png 400w, https:\/\/bda-connectivity.com\/wp-content\/uploads\/2019\/08\/efre-600x83.png 600w, https:\/\/bda-connectivity.com\/wp-content\/uploads\/2019\/08\/efre-800x110.png 800w, https:\/\/bda-connectivity.com\/wp-content\/uploads\/2019\/08\/efre-1200x165.png 1200w, https:\/\/bda-connectivity.com\/wp-content\/uploads\/2019\/08\/efre.png 1600w\" sizes=\"(max-width: 800px) 100vw, 200px\" \/><\/span><\/div><div class=\"fusion-clearfix\"><\/div><\/div><\/div><\/div><\/div><\/p>\n","protected":false},"excerpt":{"rendered":"","protected":false},"author":3,"featured_media":0,"parent":7236,"menu_order":7,"comment_status":"closed","ping_status":"closed","template":"100-width.php","meta":{"footnotes":""},"class_list":["post-7247","page","type-page","status-publish","hentry"],"yoast_head":"<!-- This site is optimized with the Yoast SEO Premium plugin v24.6 (Yoast SEO v24.6) - https:\/\/yoast.com\/wordpress\/plugins\/seo\/ -->\n<title>Union europ\u00e9enne<\/title>\n<meta name=\"description\" content=\"Union Europ\u00e9enne - EFRE: Le 1er septembre 2018, bda connectivity GmbH a repris la fabrication de c\u00e2bles, y compris le site de production correspondant, de bedea Berkenhoff &amp; Drebes GmbH.\" \/>\n<meta name=\"robots\" content=\"index, follow, max-snippet:-1, max-image-preview:large, max-video-preview:-1\" \/>\n<link rel=\"canonical\" href=\"https:\/\/bda-connectivity.com\/fr\/entreprise\/qui-sommes-nous\/union-europeenne-feder\/\" \/>\n<meta property=\"og:locale\" content=\"fr_FR\" \/>\n<meta property=\"og:type\" content=\"article\" \/>\n<meta property=\"og:title\" content=\"Union europ\u00e9enne - EFRE\" \/>\n<meta property=\"og:description\" content=\"Union Europ\u00e9enne - EFRE: Le 1er septembre 2018, bda connectivity GmbH a repris la fabrication de c\u00e2bles, y compris le site de production correspondant, de bedea Berkenhoff &amp; Drebes GmbH.\" \/>\n<meta property=\"og:url\" content=\"https:\/\/bda-connectivity.com\/fr\/entreprise\/qui-sommes-nous\/union-europeenne-feder\/\" \/>\n<meta property=\"og:site_name\" content=\"bda connectivity GmbH\" \/>\n<meta property=\"article:publisher\" content=\"https:\/\/www.facebook.com\/bdaconnectivity\/\" \/>\n<meta property=\"article:modified_time\" content=\"2023-01-31T09:33:36+00:00\" \/>\n<meta name=\"twitter:card\" content=\"summary_large_image\" \/>\n<meta name=\"twitter:site\" content=\"@BdaGmbh\" \/>\n<meta name=\"twitter:label1\" content=\"Dur\u00e9e de lecture estim\u00e9e\" \/>\n\t<meta name=\"twitter:data1\" content=\"7 minutes\" \/>\n<script type=\"application\/ld+json\" class=\"yoast-schema-graph\">{\"@context\":\"https:\/\/schema.org\",\"@graph\":[{\"@type\":\"WebPage\",\"@id\":\"https:\/\/bda-connectivity.com\/fr\/entreprise\/qui-sommes-nous\/union-europeenne-feder\/\",\"url\":\"https:\/\/bda-connectivity.com\/fr\/entreprise\/qui-sommes-nous\/union-europeenne-feder\/\",\"name\":\"Union europ\u00e9enne\",\"isPartOf\":{\"@id\":\"https:\/\/bda-connectivity.com\/fr\/#website\"},\"datePublished\":\"2019-08-15T12:49:31+00:00\",\"dateModified\":\"2023-01-31T09:33:36+00:00\",\"description\":\"Union Europ\u00e9enne - EFRE: Le 1er septembre 2018, bda connectivity GmbH a repris la fabrication de c\u00e2bles, y compris le site de production correspondant, de bedea Berkenhoff & Drebes GmbH.\",\"breadcrumb\":{\"@id\":\"https:\/\/bda-connectivity.com\/fr\/entreprise\/qui-sommes-nous\/union-europeenne-feder\/#breadcrumb\"},\"inLanguage\":\"fr-FR\",\"potentialAction\":[{\"@type\":\"ReadAction\",\"target\":[\"https:\/\/bda-connectivity.com\/fr\/entreprise\/qui-sommes-nous\/union-europeenne-feder\/\"]}]},{\"@type\":\"BreadcrumbList\",\"@id\":\"https:\/\/bda-connectivity.com\/fr\/entreprise\/qui-sommes-nous\/union-europeenne-feder\/#breadcrumb\",\"itemListElement\":[{\"@type\":\"ListItem\",\"position\":1,\"name\":\"Page d'accueil\",\"item\":\"https:\/\/bda-connectivity.com\/fr\/\"},{\"@type\":\"ListItem\",\"position\":2,\"name\":\"Entreprise\",\"item\":\"https:\/\/bda-connectivity.com\/fr\/unternehmen\/\"},{\"@type\":\"ListItem\",\"position\":3,\"name\":\"qui sommes-nous\",\"item\":\"https:\/\/bda-connectivity.com\/fr\/unternehmen\/bda-connectivity-wir-ueber-uns\/\"},{\"@type\":\"ListItem\",\"position\":4,\"name\":\"Union europ\u00e9enne &#8211; EFRE\"}]},{\"@type\":\"WebSite\",\"@id\":\"https:\/\/bda-connectivity.com\/fr\/#website\",\"url\":\"https:\/\/bda-connectivity.com\/fr\/\",\"name\":\"bda connectivity GmbH\",\"description\":\"Spezialkabel und EMV-Mess-Systeme\",\"publisher\":{\"@id\":\"https:\/\/bda-connectivity.com\/fr\/#organization\"},\"potentialAction\":[{\"@type\":\"SearchAction\",\"target\":{\"@type\":\"EntryPoint\",\"urlTemplate\":\"https:\/\/bda-connectivity.com\/fr\/?s={search_term_string}\"},\"query-input\":{\"@type\":\"PropertyValueSpecification\",\"valueRequired\":true,\"valueName\":\"search_term_string\"}}],\"inLanguage\":\"fr-FR\"},{\"@type\":\"Organization\",\"@id\":\"https:\/\/bda-connectivity.com\/fr\/#organization\",\"name\":\"bda connectivity GmbH\",\"url\":\"https:\/\/bda-connectivity.com\/fr\/\",\"logo\":{\"@type\":\"ImageObject\",\"inLanguage\":\"fr-FR\",\"@id\":\"https:\/\/bda-connectivity.com\/fr\/#\/schema\/logo\/image\/\",\"url\":\"https:\/\/bda-connectivity.com\/wp-content\/uploads\/2019\/08\/Logo_bda_web_normal-retina.png\",\"contentUrl\":\"https:\/\/bda-connectivity.com\/wp-content\/uploads\/2019\/08\/Logo_bda_web_normal-retina.png\",\"width\":700,\"height\":202,\"caption\":\"bda connectivity GmbH\"},\"image\":{\"@id\":\"https:\/\/bda-connectivity.com\/fr\/#\/schema\/logo\/image\/\"},\"sameAs\":[\"https:\/\/www.facebook.com\/bdaconnectivity\/\",\"https:\/\/x.com\/BdaGmbh\",\"https:\/\/www.instagram.com\/bdaconnectivity\/\",\"https:\/\/www.linkedin.com\/company\/bda-connectivity-gmbh\"]}]}<\/script>\n<!-- \/ Yoast SEO Premium plugin. -->","yoast_head_json":{"title":"Union europ\u00e9enne","description":"Union Europ\u00e9enne - EFRE: Le 1er septembre 2018, bda connectivity GmbH a repris la fabrication de c\u00e2bles, y compris le site de production correspondant, de bedea Berkenhoff & Drebes GmbH.","robots":{"index":"index","follow":"follow","max-snippet":"max-snippet:-1","max-image-preview":"max-image-preview:large","max-video-preview":"max-video-preview:-1"},"canonical":"https:\/\/bda-connectivity.com\/fr\/entreprise\/qui-sommes-nous\/union-europeenne-feder\/","og_locale":"fr_FR","og_type":"article","og_title":"Union europ\u00e9enne - EFRE","og_description":"Union Europ\u00e9enne - EFRE: Le 1er septembre 2018, bda connectivity GmbH a repris la fabrication de c\u00e2bles, y compris le site de production correspondant, de bedea Berkenhoff & Drebes GmbH.","og_url":"https:\/\/bda-connectivity.com\/fr\/entreprise\/qui-sommes-nous\/union-europeenne-feder\/","og_site_name":"bda connectivity GmbH","article_publisher":"https:\/\/www.facebook.com\/bdaconnectivity\/","article_modified_time":"2023-01-31T09:33:36+00:00","twitter_card":"summary_large_image","twitter_site":"@BdaGmbh","twitter_misc":{"Dur\u00e9e de lecture estim\u00e9e":"7 minutes"},"schema":{"@context":"https:\/\/schema.org","@graph":[{"@type":"WebPage","@id":"https:\/\/bda-connectivity.com\/fr\/entreprise\/qui-sommes-nous\/union-europeenne-feder\/","url":"https:\/\/bda-connectivity.com\/fr\/entreprise\/qui-sommes-nous\/union-europeenne-feder\/","name":"Union europ\u00e9enne","isPartOf":{"@id":"https:\/\/bda-connectivity.com\/fr\/#website"},"datePublished":"2019-08-15T12:49:31+00:00","dateModified":"2023-01-31T09:33:36+00:00","description":"Union Europ\u00e9enne - EFRE: Le 1er septembre 2018, bda connectivity GmbH a repris la fabrication de c\u00e2bles, y compris le site de production correspondant, de bedea Berkenhoff & Drebes GmbH.","breadcrumb":{"@id":"https:\/\/bda-connectivity.com\/fr\/entreprise\/qui-sommes-nous\/union-europeenne-feder\/#breadcrumb"},"inLanguage":"fr-FR","potentialAction":[{"@type":"ReadAction","target":["https:\/\/bda-connectivity.com\/fr\/entreprise\/qui-sommes-nous\/union-europeenne-feder\/"]}]},{"@type":"BreadcrumbList","@id":"https:\/\/bda-connectivity.com\/fr\/entreprise\/qui-sommes-nous\/union-europeenne-feder\/#breadcrumb","itemListElement":[{"@type":"ListItem","position":1,"name":"Page d'accueil","item":"https:\/\/bda-connectivity.com\/fr\/"},{"@type":"ListItem","position":2,"name":"Entreprise","item":"https:\/\/bda-connectivity.com\/fr\/unternehmen\/"},{"@type":"ListItem","position":3,"name":"qui sommes-nous","item":"https:\/\/bda-connectivity.com\/fr\/unternehmen\/bda-connectivity-wir-ueber-uns\/"},{"@type":"ListItem","position":4,"name":"Union europ\u00e9enne &#8211; EFRE"}]},{"@type":"WebSite","@id":"https:\/\/bda-connectivity.com\/fr\/#website","url":"https:\/\/bda-connectivity.com\/fr\/","name":"bda connectivity GmbH","description":"Spezialkabel und EMV-Mess-Systeme","publisher":{"@id":"https:\/\/bda-connectivity.com\/fr\/#organization"},"potentialAction":[{"@type":"SearchAction","target":{"@type":"EntryPoint","urlTemplate":"https:\/\/bda-connectivity.com\/fr\/?s={search_term_string}"},"query-input":{"@type":"PropertyValueSpecification","valueRequired":true,"valueName":"search_term_string"}}],"inLanguage":"fr-FR"},{"@type":"Organization","@id":"https:\/\/bda-connectivity.com\/fr\/#organization","name":"bda connectivity GmbH","url":"https:\/\/bda-connectivity.com\/fr\/","logo":{"@type":"ImageObject","inLanguage":"fr-FR","@id":"https:\/\/bda-connectivity.com\/fr\/#\/schema\/logo\/image\/","url":"https:\/\/bda-connectivity.com\/wp-content\/uploads\/2019\/08\/Logo_bda_web_normal-retina.png","contentUrl":"https:\/\/bda-connectivity.com\/wp-content\/uploads\/2019\/08\/Logo_bda_web_normal-retina.png","width":700,"height":202,"caption":"bda connectivity GmbH"},"image":{"@id":"https:\/\/bda-connectivity.com\/fr\/#\/schema\/logo\/image\/"},"sameAs":["https:\/\/www.facebook.com\/bdaconnectivity\/","https:\/\/x.com\/BdaGmbh","https:\/\/www.instagram.com\/bdaconnectivity\/","https:\/\/www.linkedin.com\/company\/bda-connectivity-gmbh"]}]}},"_links":{"self":[{"href":"https:\/\/bda-connectivity.com\/fr\/wp-json\/wp\/v2\/pages\/7247"}],"collection":[{"href":"https:\/\/bda-connectivity.com\/fr\/wp-json\/wp\/v2\/pages"}],"about":[{"href":"https:\/\/bda-connectivity.com\/fr\/wp-json\/wp\/v2\/types\/page"}],"author":[{"embeddable":true,"href":"https:\/\/bda-connectivity.com\/fr\/wp-json\/wp\/v2\/users\/3"}],"replies":[{"embeddable":true,"href":"https:\/\/bda-connectivity.com\/fr\/wp-json\/wp\/v2\/comments?post=7247"}],"version-history":[{"count":0,"href":"https:\/\/bda-connectivity.com\/fr\/wp-json\/wp\/v2\/pages\/7247\/revisions"}],"up":[{"embeddable":true,"href":"https:\/\/bda-connectivity.com\/fr\/wp-json\/wp\/v2\/pages\/7236"}],"wp:attachment":[{"href":"https:\/\/bda-connectivity.com\/fr\/wp-json\/wp\/v2\/media?parent=7247"}],"curies":[{"name":"wp","href":"https:\/\/api.w.org\/{rel}","templated":true}]}}