{"id":7282,"date":"2019-09-10T16:32:22","date_gmt":"2019-09-10T14:32:22","guid":{"rendered":"https:\/\/bda-connectivity.com\/entreprise\/carriere\/offres-demploi\/"},"modified":"2025-10-20T14:23:12","modified_gmt":"2025-10-20T12:23:12","slug":"offres-demploi","status":"publish","type":"page","link":"https:\/\/bda-connectivity.com\/fr\/entreprise\/carriere\/offres-demploi\/","title":{"rendered":"Offres d&#8217;emploi"},"content":{"rendered":"<p><div class=\"fusion-fullwidth fullwidth-box fusion-builder-row-1 fusion-parallax-none top_bild_bereich_seiten nonhundred-percent-fullwidth non-hundred-percent-height-scrolling fusion-equal-height-columns\" style=\"--awb-border-radius-top-left:0px;--awb-border-radius-top-right:0px;--awb-border-radius-bottom-right:0px;--awb-border-radius-bottom-left:0px;--awb-padding-top:50px;--awb-background-image:url(&quot;https:\/\/bda-connectivity.com\/wp-content\/uploads\/2019\/09\/Zeichenfl\u00e4che-1-1024x213.png&quot;);--awb-background-size:cover;--awb-flex-wrap:wrap;\" ><div class=\"fusion-builder-row fusion-row\"><div class=\"fusion-layout-column fusion_builder_column fusion-builder-column-0 fusion_builder_column_1_1 1_1 fusion-one-full fusion-column-first fusion-column-last\" style=\"--awb-bg-size:cover;\"><div class=\"fusion-column-wrapper fusion-column-has-shadow fusion-flex-column-wrapper-legacy\"><div class=\"fusion-clearfix\"><\/div><\/div><\/div><\/div><\/div><div class=\"fusion-fullwidth fullwidth-box fusion-builder-row-2 nonhundred-percent-fullwidth non-hundred-percent-height-scrolling\" style=\"--awb-border-radius-top-left:0px;--awb-border-radius-top-right:0px;--awb-border-radius-bottom-right:0px;--awb-border-radius-bottom-left:0px;--awb-flex-wrap:wrap;\" ><div class=\"fusion-builder-row fusion-row\"><div class=\"fusion-layout-column fusion_builder_column fusion-builder-column-1 fusion_builder_column_1_1 1_1 fusion-one-full fusion-column-first fusion-column-last\" style=\"--awb-bg-size:cover;\"><div class=\"fusion-column-wrapper fusion-column-has-shadow fusion-flex-column-wrapper-legacy\"><div class=\"fusion-title title fusion-title-1 fusion-sep-none fusion-title-text fusion-title-size-one\"><h1 class=\"fusion-title-heading title-heading-left fusion-responsive-typography-calculated\" style=\"margin:0;--fontSize:38;line-height:var(--awb-typography1-line-height);\"><h1>Nos offres d&#8217;emploi actuelles<\/h1><\/h1><\/div><div class=\"fusion-sep-clear\"><\/div><div class=\"fusion-separator fusion-clearfix\" style=\"float:left;margin-bottom:30px;width:100%;max-width:150px;\"><div class=\"fusion-separator-border sep-single\" style=\"--awb-height:20px;--awb-amount:20px;border-color:var(--awb-color4);border-top-width:3px;\"><\/div><\/div><div class=\"fusion-sep-clear\"><\/div><div class=\"fusion-clearfix\"><\/div><\/div><\/div><div class=\"fusion-layout-column fusion_builder_column fusion-builder-column-2 fusion_builder_column_1_1 1_1 fusion-one-full fusion-column-first fusion-column-last\" style=\"--awb-bg-size:cover;\"><div class=\"fusion-column-wrapper fusion-column-has-shadow fusion-flex-column-wrapper-legacy\"><div class=\"fusion-text fusion-text-1 fusion-text-no-margin\" style=\"--awb-text-transform:none;--awb-margin-bottom:40px;\"><p>Vous trouverez ici nos offres d&#8217;emploi actuelles :<\/p>\n<ul>\n<li><strong>Confection de c\u00e2bles (h\/f\/d)<\/strong><\/li>\n<\/ul>\n<p style=\"padding-left: 40px;\"><a href=\"https:\/\/bda-connectivity.com\/wp-content\/uploads\/2025\/10\/Stellenausschreibung-Konfektionierung.pdf\" target=\"_blank\" rel=\"noopener noreferrer\">&gt;Offre d&#8217;emploi <\/a><\/p>\n<\/div><div class=\"fusion-builder-row fusion-builder-row-inner fusion-row\"><div class=\"fusion-layout-column fusion_builder_column_inner fusion-builder-nested-column-0 fusion_builder_column_inner_3_4 3_4 fusion-three-fourth fusion-column-first\" style=\"--awb-bg-size:cover;width:75%;width:calc(75% - ( ( 4% ) * 0.75 ) );margin-right: 4%;\"><div class=\"fusion-column-wrapper fusion-column-has-shadow fusion-flex-column-wrapper-legacy\"><div class=\"fusion-text fusion-text-2\"><h2>Contact &#8211; Candidatures<\/h2>\n<p>Pour les candidatures spontan\u00e9es ainsi que pour les candidatures en tant qu&rsquo;\u00e9tudiant ou stagiaire scolaire, veuillez envoyer votre dossier de candidature complet par e-mail \u00e0 : Mme Elke Heinl, E-Mail: <a href=\"mailto:elke.heinl@bda-c.com\" target=\"_blank\" rel=\"noopener noreferrer\">bewerbung@bda-c.com<\/a><\/p>\n<\/div><div class=\"fusion-clearfix\"><\/div><\/div><\/div><div class=\"fusion-layout-column fusion_builder_column_inner fusion-builder-nested-column-1 fusion_builder_column_inner_1_4 1_4 fusion-one-fourth fusion-column-last\" style=\"--awb-bg-size:cover;width:25%;width:calc(25% - ( ( 4% ) * 0.25 ) );\"><div class=\"fusion-column-wrapper fusion-column-has-shadow fusion-flex-column-wrapper-legacy\"><div class=\"fusion-image-element in-legacy-container\" style=\"--awb-caption-title-font-family:var(--h2_typography-font-family);--awb-caption-title-font-weight:var(--h2_typography-font-weight);--awb-caption-title-font-style:var(--h2_typography-font-style);--awb-caption-title-size:var(--h2_typography-font-size);--awb-caption-title-transform:var(--h2_typography-text-transform);--awb-caption-title-line-height:var(--h2_typography-line-height);--awb-caption-title-letter-spacing:var(--h2_typography-letter-spacing);\"><span class=\" fusion-imageframe imageframe-none imageframe-1 hover-type-none\"><img decoding=\"async\" width=\"200\" height=\"133\" alt=\"table\" title=\"office-1209640_640x426\" src=\"https:\/\/bda-connectivity.com\/wp-content\/uploads\/2020\/02\/office-1209640_640x426-200x133.jpg\" class=\"img-responsive wp-image-6899\" srcset=\"https:\/\/bda-connectivity.com\/wp-content\/uploads\/2020\/02\/office-1209640_640x426-200x133.jpg 200w, https:\/\/bda-connectivity.com\/wp-content\/uploads\/2020\/02\/office-1209640_640x426-400x266.jpg 400w, https:\/\/bda-connectivity.com\/wp-content\/uploads\/2020\/02\/office-1209640_640x426-600x399.jpg 600w, https:\/\/bda-connectivity.com\/wp-content\/uploads\/2020\/02\/office-1209640_640x426.jpg 640w\" sizes=\"(max-width: 800px) 100vw, 400px\" \/><\/span><\/div><div class=\"fusion-clearfix\"><\/div><\/div><\/div><\/div><div class=\"fusion-clearfix\"><\/div><\/div><\/div><\/div><\/div><\/p>\n","protected":false},"excerpt":{"rendered":"","protected":false},"author":2,"featured_media":0,"parent":7255,"menu_order":2,"comment_status":"closed","ping_status":"closed","template":"100-width.php","meta":{"footnotes":""},"class_list":["post-7282","page","type-page","status-publish","hentry"],"yoast_head":"<!-- This site is optimized with the Yoast SEO Premium plugin v24.6 (Yoast SEO v24.6) - https:\/\/yoast.com\/wordpress\/plugins\/seo\/ -->\n<title>Nos offres d&#039;emploi actuelles<\/title>\n<meta name=\"description\" content=\"Vous trouverez nos offres d&#039;emploi actuelles sur cette page.\" \/>\n<meta name=\"robots\" content=\"index, follow, max-snippet:-1, max-image-preview:large, max-video-preview:-1\" \/>\n<link rel=\"canonical\" href=\"https:\/\/bda-connectivity.com\/fr\/entreprise\/carriere\/offres-demploi\/\" \/>\n<meta property=\"og:locale\" content=\"fr_FR\" \/>\n<meta property=\"og:type\" content=\"article\" \/>\n<meta property=\"og:title\" content=\"Offres d&#039;emploi\" \/>\n<meta property=\"og:description\" content=\"Vous trouverez nos offres d&#039;emploi actuelles sur cette page.\" \/>\n<meta property=\"og:url\" content=\"https:\/\/bda-connectivity.com\/fr\/entreprise\/carriere\/offres-demploi\/\" \/>\n<meta property=\"og:site_name\" content=\"bda connectivity GmbH\" \/>\n<meta property=\"article:publisher\" content=\"https:\/\/www.facebook.com\/bdaconnectivity\/\" \/>\n<meta property=\"article:modified_time\" content=\"2025-10-20T12:23:12+00:00\" \/>\n<meta name=\"twitter:card\" content=\"summary_large_image\" \/>\n<meta name=\"twitter:site\" content=\"@BdaGmbh\" \/>\n<meta name=\"twitter:label1\" content=\"Dur\u00e9e de lecture estim\u00e9e\" \/>\n\t<meta name=\"twitter:data1\" content=\"1 minute\" \/>\n<script type=\"application\/ld+json\" class=\"yoast-schema-graph\">{\"@context\":\"https:\/\/schema.org\",\"@graph\":[{\"@type\":\"WebPage\",\"@id\":\"https:\/\/bda-connectivity.com\/fr\/entreprise\/carriere\/offres-demploi\/\",\"url\":\"https:\/\/bda-connectivity.com\/fr\/entreprise\/carriere\/offres-demploi\/\",\"name\":\"Nos offres d'emploi actuelles\",\"isPartOf\":{\"@id\":\"https:\/\/bda-connectivity.com\/fr\/#website\"},\"datePublished\":\"2019-09-10T14:32:22+00:00\",\"dateModified\":\"2025-10-20T12:23:12+00:00\",\"description\":\"Vous trouverez nos offres d'emploi actuelles sur cette page.\",\"breadcrumb\":{\"@id\":\"https:\/\/bda-connectivity.com\/fr\/entreprise\/carriere\/offres-demploi\/#breadcrumb\"},\"inLanguage\":\"fr-FR\",\"potentialAction\":[{\"@type\":\"ReadAction\",\"target\":[\"https:\/\/bda-connectivity.com\/fr\/entreprise\/carriere\/offres-demploi\/\"]}]},{\"@type\":\"BreadcrumbList\",\"@id\":\"https:\/\/bda-connectivity.com\/fr\/entreprise\/carriere\/offres-demploi\/#breadcrumb\",\"itemListElement\":[{\"@type\":\"ListItem\",\"position\":1,\"name\":\"Page d'accueil\",\"item\":\"https:\/\/bda-connectivity.com\/fr\/\"},{\"@type\":\"ListItem\",\"position\":2,\"name\":\"Entreprise\",\"item\":\"https:\/\/bda-connectivity.com\/fr\/unternehmen\/\"},{\"@type\":\"ListItem\",\"position\":3,\"name\":\"Carri\u00e8re\",\"item\":\"https:\/\/bda-connectivity.com\/fr\/unternehmen\/karriere\/\"},{\"@type\":\"ListItem\",\"position\":4,\"name\":\"Offres d&#8217;emploi\"}]},{\"@type\":\"WebSite\",\"@id\":\"https:\/\/bda-connectivity.com\/fr\/#website\",\"url\":\"https:\/\/bda-connectivity.com\/fr\/\",\"name\":\"bda connectivity GmbH\",\"description\":\"Spezialkabel und EMV-Mess-Systeme\",\"publisher\":{\"@id\":\"https:\/\/bda-connectivity.com\/fr\/#organization\"},\"potentialAction\":[{\"@type\":\"SearchAction\",\"target\":{\"@type\":\"EntryPoint\",\"urlTemplate\":\"https:\/\/bda-connectivity.com\/fr\/?s={search_term_string}\"},\"query-input\":{\"@type\":\"PropertyValueSpecification\",\"valueRequired\":true,\"valueName\":\"search_term_string\"}}],\"inLanguage\":\"fr-FR\"},{\"@type\":\"Organization\",\"@id\":\"https:\/\/bda-connectivity.com\/fr\/#organization\",\"name\":\"bda connectivity GmbH\",\"url\":\"https:\/\/bda-connectivity.com\/fr\/\",\"logo\":{\"@type\":\"ImageObject\",\"inLanguage\":\"fr-FR\",\"@id\":\"https:\/\/bda-connectivity.com\/fr\/#\/schema\/logo\/image\/\",\"url\":\"https:\/\/bda-connectivity.com\/wp-content\/uploads\/2019\/08\/Logo_bda_web_normal-retina.png\",\"contentUrl\":\"https:\/\/bda-connectivity.com\/wp-content\/uploads\/2019\/08\/Logo_bda_web_normal-retina.png\",\"width\":700,\"height\":202,\"caption\":\"bda connectivity GmbH\"},\"image\":{\"@id\":\"https:\/\/bda-connectivity.com\/fr\/#\/schema\/logo\/image\/\"},\"sameAs\":[\"https:\/\/www.facebook.com\/bdaconnectivity\/\",\"https:\/\/x.com\/BdaGmbh\",\"https:\/\/www.instagram.com\/bdaconnectivity\/\",\"https:\/\/www.linkedin.com\/company\/bda-connectivity-gmbh\"]}]}<\/script>\n<!-- \/ Yoast SEO Premium plugin. -->","yoast_head_json":{"title":"Nos offres d'emploi actuelles","description":"Vous trouverez nos offres d'emploi actuelles sur cette page.","robots":{"index":"index","follow":"follow","max-snippet":"max-snippet:-1","max-image-preview":"max-image-preview:large","max-video-preview":"max-video-preview:-1"},"canonical":"https:\/\/bda-connectivity.com\/fr\/entreprise\/carriere\/offres-demploi\/","og_locale":"fr_FR","og_type":"article","og_title":"Offres d'emploi","og_description":"Vous trouverez nos offres d'emploi actuelles sur cette page.","og_url":"https:\/\/bda-connectivity.com\/fr\/entreprise\/carriere\/offres-demploi\/","og_site_name":"bda connectivity GmbH","article_publisher":"https:\/\/www.facebook.com\/bdaconnectivity\/","article_modified_time":"2025-10-20T12:23:12+00:00","twitter_card":"summary_large_image","twitter_site":"@BdaGmbh","twitter_misc":{"Dur\u00e9e de lecture estim\u00e9e":"1 minute"},"schema":{"@context":"https:\/\/schema.org","@graph":[{"@type":"WebPage","@id":"https:\/\/bda-connectivity.com\/fr\/entreprise\/carriere\/offres-demploi\/","url":"https:\/\/bda-connectivity.com\/fr\/entreprise\/carriere\/offres-demploi\/","name":"Nos offres d'emploi actuelles","isPartOf":{"@id":"https:\/\/bda-connectivity.com\/fr\/#website"},"datePublished":"2019-09-10T14:32:22+00:00","dateModified":"2025-10-20T12:23:12+00:00","description":"Vous trouverez nos offres d'emploi actuelles sur cette page.","breadcrumb":{"@id":"https:\/\/bda-connectivity.com\/fr\/entreprise\/carriere\/offres-demploi\/#breadcrumb"},"inLanguage":"fr-FR","potentialAction":[{"@type":"ReadAction","target":["https:\/\/bda-connectivity.com\/fr\/entreprise\/carriere\/offres-demploi\/"]}]},{"@type":"BreadcrumbList","@id":"https:\/\/bda-connectivity.com\/fr\/entreprise\/carriere\/offres-demploi\/#breadcrumb","itemListElement":[{"@type":"ListItem","position":1,"name":"Page d'accueil","item":"https:\/\/bda-connectivity.com\/fr\/"},{"@type":"ListItem","position":2,"name":"Entreprise","item":"https:\/\/bda-connectivity.com\/fr\/unternehmen\/"},{"@type":"ListItem","position":3,"name":"Carri\u00e8re","item":"https:\/\/bda-connectivity.com\/fr\/unternehmen\/karriere\/"},{"@type":"ListItem","position":4,"name":"Offres d&#8217;emploi"}]},{"@type":"WebSite","@id":"https:\/\/bda-connectivity.com\/fr\/#website","url":"https:\/\/bda-connectivity.com\/fr\/","name":"bda connectivity GmbH","description":"Spezialkabel und EMV-Mess-Systeme","publisher":{"@id":"https:\/\/bda-connectivity.com\/fr\/#organization"},"potentialAction":[{"@type":"SearchAction","target":{"@type":"EntryPoint","urlTemplate":"https:\/\/bda-connectivity.com\/fr\/?s={search_term_string}"},"query-input":{"@type":"PropertyValueSpecification","valueRequired":true,"valueName":"search_term_string"}}],"inLanguage":"fr-FR"},{"@type":"Organization","@id":"https:\/\/bda-connectivity.com\/fr\/#organization","name":"bda connectivity GmbH","url":"https:\/\/bda-connectivity.com\/fr\/","logo":{"@type":"ImageObject","inLanguage":"fr-FR","@id":"https:\/\/bda-connectivity.com\/fr\/#\/schema\/logo\/image\/","url":"https:\/\/bda-connectivity.com\/wp-content\/uploads\/2019\/08\/Logo_bda_web_normal-retina.png","contentUrl":"https:\/\/bda-connectivity.com\/wp-content\/uploads\/2019\/08\/Logo_bda_web_normal-retina.png","width":700,"height":202,"caption":"bda connectivity GmbH"},"image":{"@id":"https:\/\/bda-connectivity.com\/fr\/#\/schema\/logo\/image\/"},"sameAs":["https:\/\/www.facebook.com\/bdaconnectivity\/","https:\/\/x.com\/BdaGmbh","https:\/\/www.instagram.com\/bdaconnectivity\/","https:\/\/www.linkedin.com\/company\/bda-connectivity-gmbh"]}]}},"_links":{"self":[{"href":"https:\/\/bda-connectivity.com\/fr\/wp-json\/wp\/v2\/pages\/7282"}],"collection":[{"href":"https:\/\/bda-connectivity.com\/fr\/wp-json\/wp\/v2\/pages"}],"about":[{"href":"https:\/\/bda-connectivity.com\/fr\/wp-json\/wp\/v2\/types\/page"}],"author":[{"embeddable":true,"href":"https:\/\/bda-connectivity.com\/fr\/wp-json\/wp\/v2\/users\/2"}],"replies":[{"embeddable":true,"href":"https:\/\/bda-connectivity.com\/fr\/wp-json\/wp\/v2\/comments?post=7282"}],"version-history":[{"count":3,"href":"https:\/\/bda-connectivity.com\/fr\/wp-json\/wp\/v2\/pages\/7282\/revisions"}],"predecessor-version":[{"id":11515,"href":"https:\/\/bda-connectivity.com\/fr\/wp-json\/wp\/v2\/pages\/7282\/revisions\/11515"}],"up":[{"embeddable":true,"href":"https:\/\/bda-connectivity.com\/fr\/wp-json\/wp\/v2\/pages\/7255"}],"wp:attachment":[{"href":"https:\/\/bda-connectivity.com\/fr\/wp-json\/wp\/v2\/media?parent=7282"}],"curies":[{"name":"wp","href":"https:\/\/api.w.org\/{rel}","templated":true}]}}