{"id":7295,"date":"2019-08-13T16:16:26","date_gmt":"2019-08-13T14:16:26","guid":{"rendered":"https:\/\/bda-connectivity.com\/cables-fabrique-en-allemagne\/"},"modified":"2022-02-16T11:56:02","modified_gmt":"2022-02-16T10:56:02","slug":"cables-fabrique-en-allemagne","status":"publish","type":"page","link":"https:\/\/bda-connectivity.com\/fr\/cables-fabrique-en-allemagne\/","title":{"rendered":"C\u00e2bles &#8211; Fabriqu\u00e9 en Allemagne"},"content":{"rendered":"<p><div class=\"fusion-fullwidth fullwidth-box fusion-builder-row-1 fusion-parallax-none top_bild_bereich_seiten nonhundred-percent-fullwidth non-hundred-percent-height-scrolling\" style=\"--awb-border-radius-top-left:0px;--awb-border-radius-top-right:0px;--awb-border-radius-bottom-right:0px;--awb-border-radius-bottom-left:0px;--awb-background-image:url(&quot;https:\/\/bda-connectivity.com\/wp-content\/uploads\/2019\/08\/bda_header_comet_v2.jpg&quot;);--awb-background-size:cover;--awb-flex-wrap:wrap;\" ><div class=\"fusion-builder-row fusion-row\"><div class=\"fusion-layout-column fusion_builder_column fusion-builder-column-0 fusion_builder_column_1_1 1_1 fusion-one-full fusion-column-first fusion-column-last\" style=\"--awb-bg-size:cover;\"><div class=\"fusion-column-wrapper fusion-column-has-shadow fusion-flex-column-wrapper-legacy\"><div class=\"fusion-clearfix\"><\/div><\/div><\/div><\/div><\/div><div class=\"fusion-fullwidth fullwidth-box fusion-builder-row-2 nonhundred-percent-fullwidth non-hundred-percent-height-scrolling\" style=\"--awb-border-radius-top-left:0px;--awb-border-radius-top-right:0px;--awb-border-radius-bottom-right:0px;--awb-border-radius-bottom-left:0px;--awb-flex-wrap:wrap;\" ><div class=\"fusion-builder-row fusion-row\"><div class=\"fusion-layout-column fusion_builder_column fusion-builder-column-1 fusion_builder_column_1_1 1_1 fusion-one-full fusion-column-first fusion-column-last\" style=\"--awb-bg-size:cover;\"><div class=\"fusion-column-wrapper fusion-column-has-shadow fusion-flex-column-wrapper-legacy\"><div class=\"fusion-title title fusion-title-1 fusion-sep-none fusion-title-text fusion-title-size-one\"><h1 class=\"fusion-title-heading title-heading-left fusion-responsive-typography-calculated\" style=\"margin:0;--fontSize:38;line-height:var(--awb-typography1-line-height);\">C\u00e2bles<\/h1><\/div><div class=\"fusion-sep-clear\"><\/div><div class=\"fusion-separator fusion-clearfix\" style=\"float:left;margin-bottom:30px;width:100%;max-width:150px;\"><div class=\"fusion-separator-border sep-single\" style=\"--awb-height:20px;--awb-amount:20px;border-color:var(--awb-color4);border-top-width:3px;\"><\/div><\/div><div class=\"fusion-sep-clear\"><\/div><div class=\"fusion-title title fusion-title-2 fusion-sep-none fusion-title-text fusion-title-size-two\"><h2 class=\"fusion-title-heading title-heading-left fusion-responsive-typography-calculated\" style=\"margin:0;--fontSize:28;line-height:var(--awb-typography2-line-height);\">Nous sommes des pr\u00e9curseurs en mati\u00e8re de technologie de communication.<\/h2><\/div><div class=\"fusion-clearfix\"><\/div><\/div><\/div><div class=\"fusion-layout-column fusion_builder_column fusion-builder-column-2 fusion_builder_column_1_1 1_1 fusion-one-full fusion-column-first fusion-column-last\" style=\"--awb-bg-size:cover;\"><div class=\"fusion-column-wrapper fusion-column-has-shadow fusion-flex-column-wrapper-legacy\"><div class=\"fusion-text fusion-text-1\"><p>Depuis plus de 60 ans, bda connectivity GmbH fabrique des c\u00e2bles sp\u00e9ciaux \u00e0 Asslar. Notre base de clients s&rsquo;\u00e9tend de l&rsquo;industrie \u00e9lectrique et \u00e9lectronique aux op\u00e9rateurs de r\u00e9seaux de t\u00e9l\u00e9communications, aux grossistes en \u00e9lectricit\u00e9, \u00e0 l&rsquo;industrie de sous-traitance automobile, \u00e0 la technique m\u00e9dicale et \u00e0 la science.<\/p>\n<p>Les installations de production sont flexibles et s&rsquo;adaptent \u00e0 votre volume de commandes, tandis que notre service de d\u00e9veloppement dispose d&rsquo;un grand nombre de types de c\u00e2bles qui peuvent \u00eatre produits directement. Nous nous ferons un plaisir de fabriquer pour vous des c\u00e2bles standard ou personnalis\u00e9s pour votre application sp\u00e9cifique.<\/p>\n<\/div><div class=\"fusion-clearfix\"><\/div><\/div><\/div><div class=\"fusion-layout-column fusion_builder_column fusion-builder-column-3 fusion_builder_column_1_2 1_2 fusion-one-half fusion-column-first\" style=\"--awb-bg-size:cover;width:50%;width:calc(50% - ( ( 4% ) * 0.5 ) );margin-right: 4%;\"><div class=\"fusion-column-wrapper fusion-column-has-shadow fusion-flex-column-wrapper-legacy\"><div class=\"fusion-text fusion-text-2\"><p>Vous savez d\u00e9j\u00e0 exactement ce que vous voulez?\u00a0 Alors, remplissez notre <a href=\"https:\/\/bda-connectivity.com\/wp-content\/uploads\/2020\/05\/kabel-anforderungsblatt-formular.pdf\" target=\"_blank\" rel=\"noopener noreferrer\"><strong>profil d&rsquo;exigences en mati\u00e8re de c\u00e2bles<\/strong><\/a> et envoyez-le \u00e0 nos coll\u00e8gues du service des ventes ou directement <a href=\"mailto:info@bda-c.com\"><strong>info@bda-c.com<\/strong><\/a>. Si vous avez des questions, nos <a href=\"https:\/\/bda-connectivity.com\/fr\/personnes-de-contact\/\"><strong>coll\u00e8gues de la distribution<\/strong><\/a> se tiennent \u00e0 votre disposition..<\/p>\n<\/div><div class=\"fusion-button-wrapper\"><a class=\"fusion-button button-flat fusion-button-default-size button-default fusion-button-default button-1 fusion-button-default-span fusion-button-default-type\" target=\"_blank\" rel=\"noopener noreferrer\" href=\"https:\/\/bda-connectivity.com\/wp-content\/uploads\/2020\/05\/kabel-anforderungsblatt-formular.pdf\"><span class=\"fusion-button-text\">Vers le configurateur de c\u00e2bles<\/span><\/a><\/div><div class=\"fusion-clearfix\"><\/div><\/div><\/div><div class=\"fusion-layout-column fusion_builder_column fusion-builder-column-4 fusion_builder_column_1_2 1_2 fusion-one-half fusion-column-last\" style=\"--awb-bg-size:cover;width:50%;width:calc(50% - ( ( 4% ) * 0.5 ) );\"><div class=\"fusion-column-wrapper fusion-column-has-shadow fusion-flex-column-wrapper-legacy\"><div class=\"fusion-image-element in-legacy-container\" style=\"--awb-caption-title-font-family:var(--h2_typography-font-family);--awb-caption-title-font-weight:var(--h2_typography-font-weight);--awb-caption-title-font-style:var(--h2_typography-font-style);--awb-caption-title-size:var(--h2_typography-font-size);--awb-caption-title-transform:var(--h2_typography-text-transform);--awb-caption-title-line-height:var(--h2_typography-line-height);--awb-caption-title-letter-spacing:var(--h2_typography-letter-spacing);\"><span class=\" fusion-imageframe imageframe-none imageframe-1 hover-type-none\"><img decoding=\"async\" width=\"1889\" height=\"539\" alt=\"bda C\u00e2bles\" title=\"bda C\u00e2bles\" src=\"https:\/\/bda-connectivity.com\/wp-content\/uploads\/2020\/05\/Kabel-Compilation-aus-Messestandfotos22.jpg\" class=\"img-responsive wp-image-6978\" srcset=\"https:\/\/bda-connectivity.com\/wp-content\/uploads\/2020\/05\/Kabel-Compilation-aus-Messestandfotos22-200x57.jpg 200w, https:\/\/bda-connectivity.com\/wp-content\/uploads\/2020\/05\/Kabel-Compilation-aus-Messestandfotos22-400x114.jpg 400w, https:\/\/bda-connectivity.com\/wp-content\/uploads\/2020\/05\/Kabel-Compilation-aus-Messestandfotos22-600x171.jpg 600w, https:\/\/bda-connectivity.com\/wp-content\/uploads\/2020\/05\/Kabel-Compilation-aus-Messestandfotos22-800x228.jpg 800w, https:\/\/bda-connectivity.com\/wp-content\/uploads\/2020\/05\/Kabel-Compilation-aus-Messestandfotos22-1200x342.jpg 1200w, https:\/\/bda-connectivity.com\/wp-content\/uploads\/2020\/05\/Kabel-Compilation-aus-Messestandfotos22.jpg 1889w\" sizes=\"(max-width: 800px) 100vw, 800px\" \/><\/span><\/div><div class=\"fusion-clearfix\"><\/div><\/div><\/div><\/div><\/div><div class=\"fusion-fullwidth fullwidth-box fusion-builder-row-3 nonhundred-percent-fullwidth non-hundred-percent-height-scrolling\" style=\"--awb-border-radius-top-left:0px;--awb-border-radius-top-right:0px;--awb-border-radius-bottom-right:0px;--awb-border-radius-bottom-left:0px;--awb-padding-top:50px;--awb-flex-wrap:wrap;\" ><div class=\"fusion-builder-row fusion-row\"><div class=\"fusion-layout-column fusion_builder_column fusion-builder-column-5 fusion_builder_column_1_1 1_1 fusion-one-full fusion-column-first fusion-column-last\" style=\"--awb-bg-size:cover;\"><div class=\"fusion-column-wrapper fusion-column-has-shadow fusion-flex-column-wrapper-legacy\"><div class=\"fusion-builder-row fusion-builder-row-inner fusion-row\"><div class=\"fusion-layout-column fusion_builder_column_inner fusion-builder-nested-column-0 fusion_builder_column_inner_1_6 1_6 fusion-one-sixth fusion-column-first\" style=\"--awb-bg-color:#ffffff;--awb-bg-color-hover:#ffffff;--awb-bg-size:cover;width:16.666666666667%;width:calc(16.666666666667% - ( ( 0 + 0 + 0 ) * 0.16666666666667 ) );margin-right: 0px;\"><div class=\"fusion-column-wrapper fusion-column-has-shadow fusion-flex-column-wrapper-legacy\"><div class=\"fusion-column-content-centered\"><div class=\"fusion-column-content\"><div class=\"fusion-image-element fusion-image-align-left in-legacy-container\" style=\"text-align:left;--awb-margin-top:50px;--awb-caption-title-font-family:var(--h2_typography-font-family);--awb-caption-title-font-weight:var(--h2_typography-font-weight);--awb-caption-title-font-style:var(--h2_typography-font-style);--awb-caption-title-size:var(--h2_typography-font-size);--awb-caption-title-transform:var(--h2_typography-text-transform);--awb-caption-title-line-height:var(--h2_typography-line-height);--awb-caption-title-letter-spacing:var(--h2_typography-letter-spacing);\"><span class=\" fusion-imageframe imageframe-none imageframe-2 hover-type-none\" style=\"border:7px solid #ffffff;border-radius:3px;margin-right:25px;float:left;\"><a class=\"fusion-no-lightbox\" href=\"https:\/\/bda-connectivity.com\/wp-content\/uploads\/2022\/02\/Produktkatalog-Kabel_FR_web.pdf\" target=\"_blank\" aria-label=\"Icon Brosch\u00fcre\" rel=\"noopener noreferrer\"><img decoding=\"async\" width=\"100\" height=\"100\" alt=\"Icon Brosch\u00fcre\" src=\"https:\/\/bda-connectivity.com\/wp-content\/uploads\/2021\/05\/Icon-Broschuere.jpg\" class=\"img-responsive wp-image-7151\" srcset=\"https:\/\/bda-connectivity.com\/wp-content\/uploads\/2021\/05\/Icon-Broschuere-66x66.jpg 66w, https:\/\/bda-connectivity.com\/wp-content\/uploads\/2021\/05\/Icon-Broschuere.jpg 100w\" sizes=\"(max-width: 100px) 100vw, 100px\" \/><\/a><\/span><\/div><\/div><\/div><div class=\"fusion-clearfix\"><\/div><\/div><\/div><div class=\"fusion-layout-column fusion_builder_column_inner fusion-builder-nested-column-1 fusion_builder_column_inner_1_3 1_3 fusion-one-third\" style=\"--awb-padding-top:50px;--awb-bg-size:cover;width:33.333333333333%;width:calc(33.333333333333% - ( ( 0 + 0 + 0 ) * 0.33333333333333 ) );margin-right: 0px;\"><div class=\"fusion-column-wrapper fusion-column-has-shadow fusion-flex-column-wrapper-legacy\"><div class=\"fusion-column-content-centered\"><div class=\"fusion-column-content\"><div class=\"fusion-text fusion-text-3\" style=\"--awb-text-transform:none;\"><p style=\"margin-bottom: 0px;\"><span style=\"color: #ffffff; font-size: 14pt;\"><span style=\"color: #000000;\">Vous souhaitez vous informer plus en d\u00e9tail?<\/span><\/span><\/p>\n<p style=\"margin-bottom: 0px;\"><span style=\"color: #ffffff; font-size: 14pt;\"><span style=\"color: #000000;\">Vous trouverez ici notre brochure actuelle \u00e0 <a href=\"https:\/\/bda-connectivity.com\/wp-content\/uploads\/2022\/02\/Produktkatalog-Kabel_FR_web.pdf\" target=\"_blank\" rel=\"noopener\"><strong>t\u00e9l\u00e9charger<\/strong><\/a><\/span><\/span><strong>.<\/strong><\/p>\n<p style=\"margin-bottom: 0px;\"><span style=\"color: #ffffff; font-size: 14pt;\"><span style=\"color: #000000;\"><span style=\"color: #000000;\"><br \/>\n<\/span> <\/span><\/span><\/p>\n<\/div><\/div><\/div><div class=\"fusion-clearfix\"><\/div><\/div><\/div><div class=\"fusion-layout-column fusion_builder_column_inner fusion-builder-nested-column-2 fusion_builder_column_inner_1_6 1_6 fusion-one-sixth\" style=\"--awb-bg-color:#ffffff;--awb-bg-color-hover:#ffffff;--awb-bg-size:cover;width:16.666666666667%;width:calc(16.666666666667% - ( ( 0 + 0 + 0 ) * 0.16666666666667 ) );margin-right: 0px;\"><div class=\"fusion-column-wrapper fusion-column-has-shadow fusion-flex-column-wrapper-legacy\"><div class=\"fusion-column-content-centered\"><div class=\"fusion-column-content\"><div class=\"fusion-image-element fusion-image-align-left in-legacy-container\" style=\"text-align:left;--awb-margin-top:50px;--awb-caption-title-font-family:var(--h2_typography-font-family);--awb-caption-title-font-weight:var(--h2_typography-font-weight);--awb-caption-title-font-style:var(--h2_typography-font-style);--awb-caption-title-size:var(--h2_typography-font-size);--awb-caption-title-transform:var(--h2_typography-text-transform);--awb-caption-title-line-height:var(--h2_typography-line-height);--awb-caption-title-letter-spacing:var(--h2_typography-letter-spacing);\"><span class=\" fusion-imageframe imageframe-none imageframe-3 hover-type-none\" style=\"border:7px solid #ffffff;border-radius:3px;margin-right:25px;float:left;\"><a class=\"fusion-no-lightbox\" href=\"https:\/\/cat-db.bda-c.com\/alterra-catalog\/categories\/view?path=%2F1%2F2%2F16270%2F16301&amp;locale=de_DE&amp;layer=de_DE\" target=\"_blank\" aria-label=\"Icon Datenbank\" rel=\"noopener noreferrer\"><img decoding=\"async\" width=\"100\" height=\"100\" alt=\"Icon Datenbank\" src=\"https:\/\/bda-connectivity.com\/wp-content\/uploads\/2021\/05\/Icon-Datenbank-1.jpg\" class=\"img-responsive wp-image-7152\" srcset=\"https:\/\/bda-connectivity.com\/wp-content\/uploads\/2021\/05\/Icon-Datenbank-1-66x66.jpg 66w, https:\/\/bda-connectivity.com\/wp-content\/uploads\/2021\/05\/Icon-Datenbank-1.jpg 100w\" sizes=\"(max-width: 100px) 100vw, 100px\" \/><\/a><\/span><\/div><\/div><\/div><div class=\"fusion-clearfix\"><\/div><\/div><\/div><div class=\"fusion-layout-column fusion_builder_column_inner fusion-builder-nested-column-3 fusion_builder_column_inner_1_3 1_3 fusion-one-third fusion-column-last\" style=\"--awb-padding-top:50px;--awb-bg-size:cover;width:33.333333333333%;width:calc(33.333333333333% - ( ( 0 + 0 + 0 ) * 0.33333333333333 ) );\"><div class=\"fusion-column-wrapper fusion-column-has-shadow fusion-flex-column-wrapper-legacy\"><div class=\"fusion-column-content-centered\"><div class=\"fusion-column-content\"><div class=\"fusion-text fusion-text-4\"><p><span style=\"font-size: 14pt;\">Vous trouverez \u00e9galement les donn\u00e9es actuelles sur les produits dans notre <strong><a href=\"https:\/\/cat-db.bda-c.com\/alterra-catalog\/categories\/view?path=%2F1%2F2%2F16270%2F16301&amp;locale=de_DE&amp;layer=de_DE\" target=\"_blank\" rel=\"noopener noreferrer\">base de donn\u00e9es produits<\/a><\/strong>.<\/span><\/p>\n<\/div><\/div><\/div><div class=\"fusion-clearfix\"><\/div><\/div><\/div><\/div><div class=\"fusion-sep-clear\"><\/div><div class=\"fusion-separator fusion-full-width-sep\" style=\"margin-left: auto;margin-right: auto;margin-bottom:40px;width:100%;\"><div class=\"fusion-separator-border sep-single\" style=\"--awb-height:20px;--awb-amount:20px;border-color:var(--awb-color4);border-top-width:3px;\"><\/div><\/div><div class=\"fusion-sep-clear\"><\/div><div class=\"fusion-clearfix\"><\/div><\/div><\/div><\/div><\/div><\/p>\n","protected":false},"excerpt":{"rendered":"","protected":false},"author":3,"featured_media":0,"parent":0,"menu_order":3,"comment_status":"closed","ping_status":"closed","template":"100-width.php","meta":{"footnotes":""},"class_list":["post-7295","page","type-page","status-publish","hentry"],"yoast_head":"<!-- This site is optimized with the Yoast SEO Premium plugin v24.6 (Yoast SEO v24.6) - https:\/\/yoast.com\/wordpress\/plugins\/seo\/ -->\n<title>C\u00e2bles - Fabriqu\u00e9 en Allemagne<\/title>\n<meta name=\"description\" content=\"C\u00e2bles - Fabriqu\u00e9 en Allemagne: Le c\u00e2ble adapt\u00e9 \u00e0 tous les domaines d&#039;application.\" \/>\n<meta name=\"robots\" content=\"index, follow, max-snippet:-1, max-image-preview:large, max-video-preview:-1\" \/>\n<link rel=\"canonical\" href=\"https:\/\/bda-connectivity.com\/fr\/cables-fabrique-en-allemagne\/\" \/>\n<meta property=\"og:locale\" content=\"fr_FR\" \/>\n<meta property=\"og:type\" content=\"article\" \/>\n<meta property=\"og:title\" content=\"C\u00e2bles - Fabriqu\u00e9 en Allemagne\" \/>\n<meta property=\"og:description\" content=\"C\u00e2bles - Fabriqu\u00e9 en Allemagne: Le c\u00e2ble adapt\u00e9 \u00e0 tous les domaines d&#039;application.\" \/>\n<meta property=\"og:url\" content=\"https:\/\/bda-connectivity.com\/fr\/cables-fabrique-en-allemagne\/\" \/>\n<meta property=\"og:site_name\" content=\"bda connectivity GmbH\" \/>\n<meta property=\"article:publisher\" content=\"https:\/\/www.facebook.com\/bdaconnectivity\/\" \/>\n<meta property=\"article:modified_time\" content=\"2022-02-16T10:56:02+00:00\" \/>\n<meta name=\"twitter:card\" content=\"summary_large_image\" \/>\n<meta name=\"twitter:site\" content=\"@BdaGmbh\" \/>\n<meta name=\"twitter:label1\" content=\"Dur\u00e9e de lecture estim\u00e9e\" \/>\n\t<meta name=\"twitter:data1\" content=\"16 minutes\" \/>\n<script type=\"application\/ld+json\" class=\"yoast-schema-graph\">{\"@context\":\"https:\/\/schema.org\",\"@graph\":[{\"@type\":\"WebPage\",\"@id\":\"https:\/\/bda-connectivity.com\/fr\/cables-fabrique-en-allemagne\/\",\"url\":\"https:\/\/bda-connectivity.com\/fr\/cables-fabrique-en-allemagne\/\",\"name\":\"C\u00e2bles - Fabriqu\u00e9 en Allemagne\",\"isPartOf\":{\"@id\":\"https:\/\/bda-connectivity.com\/fr\/#website\"},\"datePublished\":\"2019-08-13T14:16:26+00:00\",\"dateModified\":\"2022-02-16T10:56:02+00:00\",\"description\":\"C\u00e2bles - Fabriqu\u00e9 en Allemagne: Le c\u00e2ble adapt\u00e9 \u00e0 tous les domaines d'application.\",\"breadcrumb\":{\"@id\":\"https:\/\/bda-connectivity.com\/fr\/cables-fabrique-en-allemagne\/#breadcrumb\"},\"inLanguage\":\"fr-FR\",\"potentialAction\":[{\"@type\":\"ReadAction\",\"target\":[\"https:\/\/bda-connectivity.com\/fr\/cables-fabrique-en-allemagne\/\"]}]},{\"@type\":\"BreadcrumbList\",\"@id\":\"https:\/\/bda-connectivity.com\/fr\/cables-fabrique-en-allemagne\/#breadcrumb\",\"itemListElement\":[{\"@type\":\"ListItem\",\"position\":1,\"name\":\"Page d'accueil\",\"item\":\"https:\/\/bda-connectivity.com\/fr\/\"},{\"@type\":\"ListItem\",\"position\":2,\"name\":\"C\u00e2bles &#8211; Fabriqu\u00e9 en Allemagne\"}]},{\"@type\":\"WebSite\",\"@id\":\"https:\/\/bda-connectivity.com\/fr\/#website\",\"url\":\"https:\/\/bda-connectivity.com\/fr\/\",\"name\":\"bda connectivity GmbH\",\"description\":\"Spezialkabel und EMV-Mess-Systeme\",\"publisher\":{\"@id\":\"https:\/\/bda-connectivity.com\/fr\/#organization\"},\"potentialAction\":[{\"@type\":\"SearchAction\",\"target\":{\"@type\":\"EntryPoint\",\"urlTemplate\":\"https:\/\/bda-connectivity.com\/fr\/?s={search_term_string}\"},\"query-input\":{\"@type\":\"PropertyValueSpecification\",\"valueRequired\":true,\"valueName\":\"search_term_string\"}}],\"inLanguage\":\"fr-FR\"},{\"@type\":\"Organization\",\"@id\":\"https:\/\/bda-connectivity.com\/fr\/#organization\",\"name\":\"bda connectivity GmbH\",\"url\":\"https:\/\/bda-connectivity.com\/fr\/\",\"logo\":{\"@type\":\"ImageObject\",\"inLanguage\":\"fr-FR\",\"@id\":\"https:\/\/bda-connectivity.com\/fr\/#\/schema\/logo\/image\/\",\"url\":\"https:\/\/bda-connectivity.com\/wp-content\/uploads\/2019\/08\/Logo_bda_web_normal-retina.png\",\"contentUrl\":\"https:\/\/bda-connectivity.com\/wp-content\/uploads\/2019\/08\/Logo_bda_web_normal-retina.png\",\"width\":700,\"height\":202,\"caption\":\"bda connectivity GmbH\"},\"image\":{\"@id\":\"https:\/\/bda-connectivity.com\/fr\/#\/schema\/logo\/image\/\"},\"sameAs\":[\"https:\/\/www.facebook.com\/bdaconnectivity\/\",\"https:\/\/x.com\/BdaGmbh\",\"https:\/\/www.instagram.com\/bdaconnectivity\/\",\"https:\/\/www.linkedin.com\/company\/bda-connectivity-gmbh\"]}]}<\/script>\n<!-- \/ Yoast SEO Premium plugin. -->","yoast_head_json":{"title":"C\u00e2bles - Fabriqu\u00e9 en Allemagne","description":"C\u00e2bles - Fabriqu\u00e9 en Allemagne: Le c\u00e2ble adapt\u00e9 \u00e0 tous les domaines d'application.","robots":{"index":"index","follow":"follow","max-snippet":"max-snippet:-1","max-image-preview":"max-image-preview:large","max-video-preview":"max-video-preview:-1"},"canonical":"https:\/\/bda-connectivity.com\/fr\/cables-fabrique-en-allemagne\/","og_locale":"fr_FR","og_type":"article","og_title":"C\u00e2bles - Fabriqu\u00e9 en Allemagne","og_description":"C\u00e2bles - Fabriqu\u00e9 en Allemagne: Le c\u00e2ble adapt\u00e9 \u00e0 tous les domaines d'application.","og_url":"https:\/\/bda-connectivity.com\/fr\/cables-fabrique-en-allemagne\/","og_site_name":"bda connectivity GmbH","article_publisher":"https:\/\/www.facebook.com\/bdaconnectivity\/","article_modified_time":"2022-02-16T10:56:02+00:00","twitter_card":"summary_large_image","twitter_site":"@BdaGmbh","twitter_misc":{"Dur\u00e9e de lecture estim\u00e9e":"16 minutes"},"schema":{"@context":"https:\/\/schema.org","@graph":[{"@type":"WebPage","@id":"https:\/\/bda-connectivity.com\/fr\/cables-fabrique-en-allemagne\/","url":"https:\/\/bda-connectivity.com\/fr\/cables-fabrique-en-allemagne\/","name":"C\u00e2bles - Fabriqu\u00e9 en Allemagne","isPartOf":{"@id":"https:\/\/bda-connectivity.com\/fr\/#website"},"datePublished":"2019-08-13T14:16:26+00:00","dateModified":"2022-02-16T10:56:02+00:00","description":"C\u00e2bles - Fabriqu\u00e9 en Allemagne: Le c\u00e2ble adapt\u00e9 \u00e0 tous les domaines d'application.","breadcrumb":{"@id":"https:\/\/bda-connectivity.com\/fr\/cables-fabrique-en-allemagne\/#breadcrumb"},"inLanguage":"fr-FR","potentialAction":[{"@type":"ReadAction","target":["https:\/\/bda-connectivity.com\/fr\/cables-fabrique-en-allemagne\/"]}]},{"@type":"BreadcrumbList","@id":"https:\/\/bda-connectivity.com\/fr\/cables-fabrique-en-allemagne\/#breadcrumb","itemListElement":[{"@type":"ListItem","position":1,"name":"Page d'accueil","item":"https:\/\/bda-connectivity.com\/fr\/"},{"@type":"ListItem","position":2,"name":"C\u00e2bles &#8211; Fabriqu\u00e9 en Allemagne"}]},{"@type":"WebSite","@id":"https:\/\/bda-connectivity.com\/fr\/#website","url":"https:\/\/bda-connectivity.com\/fr\/","name":"bda connectivity GmbH","description":"Spezialkabel und EMV-Mess-Systeme","publisher":{"@id":"https:\/\/bda-connectivity.com\/fr\/#organization"},"potentialAction":[{"@type":"SearchAction","target":{"@type":"EntryPoint","urlTemplate":"https:\/\/bda-connectivity.com\/fr\/?s={search_term_string}"},"query-input":{"@type":"PropertyValueSpecification","valueRequired":true,"valueName":"search_term_string"}}],"inLanguage":"fr-FR"},{"@type":"Organization","@id":"https:\/\/bda-connectivity.com\/fr\/#organization","name":"bda connectivity GmbH","url":"https:\/\/bda-connectivity.com\/fr\/","logo":{"@type":"ImageObject","inLanguage":"fr-FR","@id":"https:\/\/bda-connectivity.com\/fr\/#\/schema\/logo\/image\/","url":"https:\/\/bda-connectivity.com\/wp-content\/uploads\/2019\/08\/Logo_bda_web_normal-retina.png","contentUrl":"https:\/\/bda-connectivity.com\/wp-content\/uploads\/2019\/08\/Logo_bda_web_normal-retina.png","width":700,"height":202,"caption":"bda connectivity GmbH"},"image":{"@id":"https:\/\/bda-connectivity.com\/fr\/#\/schema\/logo\/image\/"},"sameAs":["https:\/\/www.facebook.com\/bdaconnectivity\/","https:\/\/x.com\/BdaGmbh","https:\/\/www.instagram.com\/bdaconnectivity\/","https:\/\/www.linkedin.com\/company\/bda-connectivity-gmbh"]}]}},"_links":{"self":[{"href":"https:\/\/bda-connectivity.com\/fr\/wp-json\/wp\/v2\/pages\/7295"}],"collection":[{"href":"https:\/\/bda-connectivity.com\/fr\/wp-json\/wp\/v2\/pages"}],"about":[{"href":"https:\/\/bda-connectivity.com\/fr\/wp-json\/wp\/v2\/types\/page"}],"author":[{"embeddable":true,"href":"https:\/\/bda-connectivity.com\/fr\/wp-json\/wp\/v2\/users\/3"}],"replies":[{"embeddable":true,"href":"https:\/\/bda-connectivity.com\/fr\/wp-json\/wp\/v2\/comments?post=7295"}],"version-history":[{"count":0,"href":"https:\/\/bda-connectivity.com\/fr\/wp-json\/wp\/v2\/pages\/7295\/revisions"}],"wp:attachment":[{"href":"https:\/\/bda-connectivity.com\/fr\/wp-json\/wp\/v2\/media?parent=7295"}],"curies":[{"name":"wp","href":"https:\/\/api.w.org\/{rel}","templated":true}]}}