{"id":7305,"date":"2019-08-15T13:58:08","date_gmt":"2019-08-15T11:58:08","guid":{"rendered":"https:\/\/bda-connectivity.com\/procedure-ce\/"},"modified":"2022-02-11T15:11:29","modified_gmt":"2022-02-11T14:11:29","slug":"procedure-ce","status":"publish","type":"page","link":"https:\/\/bda-connectivity.com\/fr\/service\/procedure-ce\/","title":{"rendered":"Proc\u00e9dure CE"},"content":{"rendered":"<p><div class=\"fusion-fullwidth fullwidth-box fusion-builder-row-1 fusion-parallax-none top_bild_bereich_seiten nonhundred-percent-fullwidth non-hundred-percent-height-scrolling\" style=\"--awb-border-radius-top-left:0px;--awb-border-radius-top-right:0px;--awb-border-radius-bottom-right:0px;--awb-border-radius-bottom-left:0px;--awb-background-image:url(&quot;https:\/\/bda-connectivity.com\/wp-content\/uploads\/2019\/08\/bda_header_technische_infos.jpg&quot;);--awb-background-size:cover;--awb-flex-wrap:wrap;\" ><div class=\"fusion-builder-row fusion-row\"><div class=\"fusion-layout-column fusion_builder_column fusion-builder-column-0 fusion_builder_column_1_1 1_1 fusion-one-full fusion-column-first fusion-column-last\" style=\"--awb-bg-size:cover;\"><div class=\"fusion-column-wrapper fusion-column-has-shadow fusion-flex-column-wrapper-legacy\"><div class=\"fusion-clearfix\"><\/div><\/div><\/div><\/div><\/div><div class=\"fusion-fullwidth fullwidth-box fusion-builder-row-2 nonhundred-percent-fullwidth non-hundred-percent-height-scrolling\" style=\"--awb-border-radius-top-left:0px;--awb-border-radius-top-right:0px;--awb-border-radius-bottom-right:0px;--awb-border-radius-bottom-left:0px;--awb-flex-wrap:wrap;\" ><div class=\"fusion-builder-row fusion-row\"><div class=\"fusion-layout-column fusion_builder_column fusion-builder-column-1 fusion_builder_column_1_1 1_1 fusion-one-full fusion-column-first fusion-column-last\" style=\"--awb-bg-size:cover;\"><div class=\"fusion-column-wrapper fusion-column-has-shadow fusion-flex-column-wrapper-legacy\"><div class=\"fusion-title title fusion-title-1 fusion-sep-none fusion-title-text fusion-title-size-one\"><h1 class=\"fusion-title-heading title-heading-left fusion-responsive-typography-calculated\" style=\"margin:0;--fontSize:38;line-height:var(--awb-typography1-line-height);\">Proc\u00e9dure CE<\/h1><\/div><div class=\"fusion-sep-clear\"><\/div><div class=\"fusion-separator fusion-clearfix\" style=\"float:left;margin-bottom:30px;width:100%;max-width:150px;\"><div class=\"fusion-separator-border sep-single\" style=\"--awb-height:20px;--awb-amount:20px;border-color:var(--awb-color4);border-top-width:3px;\"><\/div><\/div><div class=\"fusion-sep-clear\"><\/div><div class=\"fusion-clearfix\"><\/div><\/div><\/div><div class=\"fusion-layout-column fusion_builder_column fusion-builder-column-2 fusion_builder_column_1_2 1_2 fusion-one-half fusion-column-first\" style=\"--awb-bg-size:cover;width:50%;width:calc(50% - ( ( 4% ) * 0.5 ) );margin-right: 4%;\"><div class=\"fusion-column-wrapper fusion-column-has-shadow fusion-flex-column-wrapper-legacy\"><div class=\"fusion-text fusion-text-1\"><p>Pour les produits concern\u00e9s et test\u00e9s, les \u00e9tiquettes CE et les d\u00e9clarations de performance sont disponibles au t\u00e9l\u00e9chargement sous forme de documents pdf. Il suffit d&rsquo;entrer le num\u00e9ro de produit pour trouver l&rsquo;\u00e9tiquette correspondante ; des possibilit\u00e9s de recherche suppl\u00e9mentaires sont offertes par l&rsquo;entr\u00e9e du num\u00e9ro de montage ou du num\u00e9ro de la d\u00e9claration de performance.<\/p>\n<p>Le num\u00e9ro de produit est constitu\u00e9 des 4 premiers chiffres de notre num\u00e9ro d&rsquo;article (identiques pour toutes les variantes de couleur et de pr\u00e9sentation d&rsquo;un produit). Le num\u00e9ro d&rsquo;article se trouve sur l&rsquo;\u00e9tiquette de la marchandise, sur le carton d&#8217;emballage et sur les documents de livraison. Il est \u00e9galement indiqu\u00e9 dans la confirmation de commande et la facture.<\/p>\n<p>En outre, le num\u00e9ro de produit est g\u00e9n\u00e9ralement imprim\u00e9 sur la gaine du c\u00e2ble (sch\u00e9ma : bedea # 1234 &#8211; voir exemples de photos).<\/p>\n<\/div><div class=\"fusion-clearfix\"><\/div><\/div><\/div><div class=\"fusion-layout-column fusion_builder_column fusion-builder-column-3 fusion_builder_column_1_2 1_2 fusion-one-half fusion-column-last\" style=\"--awb-bg-size:cover;width:50%;width:calc(50% - ( ( 4% ) * 0.5 ) );\"><div class=\"fusion-column-wrapper fusion-column-has-shadow fusion-flex-column-wrapper-legacy\"><div class=\"fusion-text fusion-text-2\"><p><strong>\u00c9tiquettes<\/strong><\/p>\n<\/div><div class=\"fusion-image-element in-legacy-container\" style=\"--awb-caption-title-font-family:var(--h2_typography-font-family);--awb-caption-title-font-weight:var(--h2_typography-font-weight);--awb-caption-title-font-style:var(--h2_typography-font-style);--awb-caption-title-size:var(--h2_typography-font-size);--awb-caption-title-transform:var(--h2_typography-text-transform);--awb-caption-title-line-height:var(--h2_typography-line-height);--awb-caption-title-letter-spacing:var(--h2_typography-letter-spacing);\"><span class=\" fusion-imageframe imageframe-none imageframe-1 hover-type-none\"><a href=\"https:\/\/bda-connectivity.com\/wp-content\/uploads\/2020\/03\/CE-Etikett-160x300.jpg\" class=\"fusion-lightbox\" data-rel=\"iLightbox[aba9c235893b3e3e069]\" data-title=\"CE \u00c9tiquette\" title=\"CE \u00c9tiquette\"><img decoding=\"async\" width=\"160\" height=\"300\" src=\"https:\/\/bda-connectivity.com\/wp-content\/uploads\/2020\/03\/CE-Etikett-160x300.jpg\" alt class=\"img-responsive wp-image-6906\" srcset=\"https:\/\/bda-connectivity.com\/wp-content\/uploads\/2020\/03\/CE-Etikett-200x376.jpg 200w, https:\/\/bda-connectivity.com\/wp-content\/uploads\/2020\/03\/CE-Etikett-400x752.jpg 400w, https:\/\/bda-connectivity.com\/wp-content\/uploads\/2020\/03\/CE-Etikett.jpg 409w\" sizes=\"(max-width: 800px) 100vw, 160px\" \/><\/a><\/span><\/div><div class=\"fusion-clearfix\"><\/div><\/div><\/div><div class=\"fusion-layout-column fusion_builder_column fusion-builder-column-4 fusion_builder_column_1_2 1_2 fusion-one-half fusion-column-first\" style=\"--awb-bg-size:cover;width:50%;width:calc(50% - ( ( 4% ) * 0.5 ) );margin-right: 4%;\"><div class=\"fusion-column-wrapper fusion-column-has-shadow fusion-flex-column-wrapper-legacy\"><div class=\"fusion-text fusion-text-3\"><p><strong>C\u00e2bles<\/strong><\/p>\n<\/div><div class=\"fusion-image-element in-legacy-container\" style=\"--awb-caption-title-font-family:var(--h2_typography-font-family);--awb-caption-title-font-weight:var(--h2_typography-font-weight);--awb-caption-title-font-style:var(--h2_typography-font-style);--awb-caption-title-size:var(--h2_typography-font-size);--awb-caption-title-transform:var(--h2_typography-text-transform);--awb-caption-title-line-height:var(--h2_typography-line-height);--awb-caption-title-letter-spacing:var(--h2_typography-letter-spacing);\"><span class=\" fusion-imageframe imageframe-none imageframe-2 hover-type-none\"><a href=\"https:\/\/bda-connectivity.com\/wp-content\/uploads\/2019\/08\/ce-handhabung-kabel-1-600x103.jpg\" class=\"fusion-lightbox\" data-rel=\"iLightbox[3578e4606eeddab8cf4]\" data-caption=\"Proc\u00e9dure CE pour c\u00e2bles\" data-title=\"Proc\u00e9dure CE pour c\u00e2bles\" title=\"Proc\u00e9dure CE pour c\u00e2bles\"><img decoding=\"async\" width=\"600\" height=\"103\" alt=\"Proc\u00e9dure CE pour c\u00e2bles\" src=\"https:\/\/bda-connectivity.com\/wp-content\/uploads\/2019\/08\/ce-handhabung-kabel-1-600x103.jpg\" class=\"img-responsive wp-image-6629\" srcset=\"https:\/\/bda-connectivity.com\/wp-content\/uploads\/2019\/08\/ce-handhabung-kabel-1-200x34.jpg 200w, https:\/\/bda-connectivity.com\/wp-content\/uploads\/2019\/08\/ce-handhabung-kabel-1-400x69.jpg 400w, https:\/\/bda-connectivity.com\/wp-content\/uploads\/2019\/08\/ce-handhabung-kabel-1-600x103.jpg 600w, https:\/\/bda-connectivity.com\/wp-content\/uploads\/2019\/08\/ce-handhabung-kabel-1-800x138.jpg 800w, https:\/\/bda-connectivity.com\/wp-content\/uploads\/2019\/08\/ce-handhabung-kabel-1-1200x207.jpg 1200w\" sizes=\"(max-width: 800px) 100vw, 800px\" \/><\/a><\/span><\/div><div class=\"fusion-clearfix\"><\/div><\/div><\/div><div class=\"fusion-layout-column fusion_builder_column fusion-builder-column-5 fusion_builder_column_1_2 1_2 fusion-one-half fusion-column-last\" style=\"--awb-bg-size:cover;width:50%;width:calc(50% - ( ( 4% ) * 0.5 ) );\"><div class=\"fusion-column-wrapper fusion-column-has-shadow fusion-flex-column-wrapper-legacy\"><div class=\"fusion-text fusion-text-4\"><p><strong>C\u00e2bles<\/strong><\/p>\n<\/div><div class=\"fusion-image-element in-legacy-container\" style=\"--awb-caption-title-font-family:var(--h2_typography-font-family);--awb-caption-title-font-weight:var(--h2_typography-font-weight);--awb-caption-title-font-style:var(--h2_typography-font-style);--awb-caption-title-size:var(--h2_typography-font-size);--awb-caption-title-transform:var(--h2_typography-text-transform);--awb-caption-title-line-height:var(--h2_typography-line-height);--awb-caption-title-letter-spacing:var(--h2_typography-letter-spacing);\"><span class=\" fusion-imageframe imageframe-none imageframe-3 hover-type-none\"><a href=\"https:\/\/bda-connectivity.com\/wp-content\/uploads\/2019\/08\/ce-handhabung-kabel-2-600x94.jpg\" class=\"fusion-lightbox\" data-rel=\"iLightbox[f96d9174afaf09b3c30]\" data-caption=\"Proc\u00e9dure CE pour c\u00e2bles\" data-title=\"Proc\u00e9dure CE pour c\u00e2bles\" title=\"Proc\u00e9dure CE pour c\u00e2bles\"><img decoding=\"async\" width=\"600\" height=\"94\" alt=\"Proc\u00e9dure CE pour c\u00e2bles\" src=\"https:\/\/bda-connectivity.com\/wp-content\/uploads\/2019\/08\/ce-handhabung-kabel-2-600x94.jpg\" class=\"img-responsive wp-image-6628\" srcset=\"https:\/\/bda-connectivity.com\/wp-content\/uploads\/2019\/08\/ce-handhabung-kabel-2-200x31.jpg 200w, https:\/\/bda-connectivity.com\/wp-content\/uploads\/2019\/08\/ce-handhabung-kabel-2-400x62.jpg 400w, https:\/\/bda-connectivity.com\/wp-content\/uploads\/2019\/08\/ce-handhabung-kabel-2-600x94.jpg 600w, https:\/\/bda-connectivity.com\/wp-content\/uploads\/2019\/08\/ce-handhabung-kabel-2-800x125.jpg 800w, https:\/\/bda-connectivity.com\/wp-content\/uploads\/2019\/08\/ce-handhabung-kabel-2-1200x187.jpg 1200w\" sizes=\"(max-width: 800px) 100vw, 800px\" \/><\/a><\/span><\/div><div class=\"fusion-clearfix\"><\/div><\/div><\/div><div class=\"fusion-layout-column fusion_builder_column fusion-builder-column-6 fusion_builder_column_1_1 1_1 fusion-one-full fusion-column-first fusion-column-last\" style=\"--awb-bg-size:cover;\"><div class=\"fusion-column-wrapper fusion-column-has-shadow fusion-flex-column-wrapper-legacy\"><div class=\"fusion-sep-clear\"><\/div><div class=\"fusion-separator fusion-clearfix\" style=\"float:left;margin-bottom:30px;width:100%;max-width:150px;\"><div class=\"fusion-separator-border sep-single\" style=\"--awb-height:20px;--awb-amount:20px;border-color:var(--awb-color4);border-top-width:3px;\"><\/div><\/div><div class=\"fusion-sep-clear\"><\/div><div class=\"fusion-text fusion-text-5\"><p><strong>\u00c9tiquetage CE\/strong><\/p>\n<\/div><div class=\"fusion-text fusion-text-6\"><p>bda connectivity met \u00e0 disposition des \u00e9tiquettes CE pour les produits concern\u00e9s et test\u00e9s sous forme de documents pdf \u00e0 t\u00e9l\u00e9charger. Il suffit d&rsquo;entrer le num\u00e9ro de produit pour trouver l&rsquo;\u00e9tiquette correspondante. <strong><a href=\"http:\/\/ce.bda-connectivity.com\/\" target=\"_blank\" rel=\"noopener noreferrer\">Ici<\/a><\/strong> vous acc\u00e9dez aux diff\u00e9rentes \u00e9tiquettes CE que vous pouvez imprimer.<\/p>\n<\/div><div class=\"fusion-clearfix\"><\/div><\/div><\/div><\/div><\/div><\/p>\n","protected":false},"excerpt":{"rendered":"","protected":false},"author":3,"featured_media":0,"parent":7309,"menu_order":1,"comment_status":"closed","ping_status":"closed","template":"100-width.php","meta":{"footnotes":""},"class_list":["post-7305","page","type-page","status-publish","hentry"],"yoast_head":"<!-- This site is optimized with the Yoast SEO Premium plugin v24.6 (Yoast SEO v24.6) - https:\/\/yoast.com\/wordpress\/plugins\/seo\/ -->\n<title>Proc\u00e9dure CE | bda connectivity GmbH<\/title>\n<meta name=\"description\" content=\"Proc\u00e9dure CE: pour les produits concern\u00e9s et test\u00e9s, les \u00e9tiquettes CE et la d\u00e9claration de performance sont disponibles au t\u00e9l\u00e9chargement sous forme de documents pdf.\" \/>\n<meta name=\"robots\" content=\"index, follow, max-snippet:-1, max-image-preview:large, max-video-preview:-1\" \/>\n<link rel=\"canonical\" href=\"https:\/\/bda-connectivity.com\/fr\/service\/procedure-ce\/\" \/>\n<meta property=\"og:locale\" content=\"fr_FR\" \/>\n<meta property=\"og:type\" content=\"article\" \/>\n<meta property=\"og:title\" content=\"Proc\u00e9dure CE\" \/>\n<meta property=\"og:description\" content=\"Proc\u00e9dure CE: pour les produits concern\u00e9s et test\u00e9s, les \u00e9tiquettes CE et la d\u00e9claration de performance sont disponibles au t\u00e9l\u00e9chargement sous forme de documents pdf.\" \/>\n<meta property=\"og:url\" content=\"https:\/\/bda-connectivity.com\/fr\/service\/procedure-ce\/\" \/>\n<meta property=\"og:site_name\" content=\"bda connectivity GmbH\" \/>\n<meta property=\"article:publisher\" content=\"https:\/\/www.facebook.com\/bdaconnectivity\/\" \/>\n<meta property=\"article:modified_time\" content=\"2022-02-11T14:11:29+00:00\" \/>\n<meta name=\"twitter:card\" content=\"summary_large_image\" \/>\n<meta name=\"twitter:site\" content=\"@BdaGmbh\" \/>\n<meta name=\"twitter:label1\" content=\"Dur\u00e9e de lecture estim\u00e9e\" \/>\n\t<meta name=\"twitter:data1\" content=\"8 minutes\" \/>\n<script type=\"application\/ld+json\" class=\"yoast-schema-graph\">{\"@context\":\"https:\/\/schema.org\",\"@graph\":[{\"@type\":\"WebPage\",\"@id\":\"https:\/\/bda-connectivity.com\/fr\/service\/procedure-ce\/\",\"url\":\"https:\/\/bda-connectivity.com\/fr\/service\/procedure-ce\/\",\"name\":\"Proc\u00e9dure CE | bda connectivity GmbH\",\"isPartOf\":{\"@id\":\"https:\/\/bda-connectivity.com\/fr\/#website\"},\"datePublished\":\"2019-08-15T11:58:08+00:00\",\"dateModified\":\"2022-02-11T14:11:29+00:00\",\"description\":\"Proc\u00e9dure CE: pour les produits concern\u00e9s et test\u00e9s, les \u00e9tiquettes CE et la d\u00e9claration de performance sont disponibles au t\u00e9l\u00e9chargement sous forme de documents pdf.\",\"breadcrumb\":{\"@id\":\"https:\/\/bda-connectivity.com\/fr\/service\/procedure-ce\/#breadcrumb\"},\"inLanguage\":\"fr-FR\",\"potentialAction\":[{\"@type\":\"ReadAction\",\"target\":[\"https:\/\/bda-connectivity.com\/fr\/service\/procedure-ce\/\"]}]},{\"@type\":\"BreadcrumbList\",\"@id\":\"https:\/\/bda-connectivity.com\/fr\/service\/procedure-ce\/#breadcrumb\",\"itemListElement\":[{\"@type\":\"ListItem\",\"position\":1,\"name\":\"Page d'accueil\",\"item\":\"https:\/\/bda-connectivity.com\/fr\/\"},{\"@type\":\"ListItem\",\"position\":2,\"name\":\"Service\",\"item\":\"https:\/\/bda-connectivity.com\/fr\/service\/\"},{\"@type\":\"ListItem\",\"position\":3,\"name\":\"Proc\u00e9dure CE\"}]},{\"@type\":\"WebSite\",\"@id\":\"https:\/\/bda-connectivity.com\/fr\/#website\",\"url\":\"https:\/\/bda-connectivity.com\/fr\/\",\"name\":\"bda connectivity GmbH\",\"description\":\"Spezialkabel und EMV-Mess-Systeme\",\"publisher\":{\"@id\":\"https:\/\/bda-connectivity.com\/fr\/#organization\"},\"potentialAction\":[{\"@type\":\"SearchAction\",\"target\":{\"@type\":\"EntryPoint\",\"urlTemplate\":\"https:\/\/bda-connectivity.com\/fr\/?s={search_term_string}\"},\"query-input\":{\"@type\":\"PropertyValueSpecification\",\"valueRequired\":true,\"valueName\":\"search_term_string\"}}],\"inLanguage\":\"fr-FR\"},{\"@type\":\"Organization\",\"@id\":\"https:\/\/bda-connectivity.com\/fr\/#organization\",\"name\":\"bda connectivity GmbH\",\"url\":\"https:\/\/bda-connectivity.com\/fr\/\",\"logo\":{\"@type\":\"ImageObject\",\"inLanguage\":\"fr-FR\",\"@id\":\"https:\/\/bda-connectivity.com\/fr\/#\/schema\/logo\/image\/\",\"url\":\"https:\/\/bda-connectivity.com\/wp-content\/uploads\/2019\/08\/Logo_bda_web_normal-retina.png\",\"contentUrl\":\"https:\/\/bda-connectivity.com\/wp-content\/uploads\/2019\/08\/Logo_bda_web_normal-retina.png\",\"width\":700,\"height\":202,\"caption\":\"bda connectivity GmbH\"},\"image\":{\"@id\":\"https:\/\/bda-connectivity.com\/fr\/#\/schema\/logo\/image\/\"},\"sameAs\":[\"https:\/\/www.facebook.com\/bdaconnectivity\/\",\"https:\/\/x.com\/BdaGmbh\",\"https:\/\/www.instagram.com\/bdaconnectivity\/\",\"https:\/\/www.linkedin.com\/company\/bda-connectivity-gmbh\"]}]}<\/script>\n<!-- \/ Yoast SEO Premium plugin. -->","yoast_head_json":{"title":"Proc\u00e9dure CE | bda connectivity GmbH","description":"Proc\u00e9dure CE: pour les produits concern\u00e9s et test\u00e9s, les \u00e9tiquettes CE et la d\u00e9claration de performance sont disponibles au t\u00e9l\u00e9chargement sous forme de documents pdf.","robots":{"index":"index","follow":"follow","max-snippet":"max-snippet:-1","max-image-preview":"max-image-preview:large","max-video-preview":"max-video-preview:-1"},"canonical":"https:\/\/bda-connectivity.com\/fr\/service\/procedure-ce\/","og_locale":"fr_FR","og_type":"article","og_title":"Proc\u00e9dure CE","og_description":"Proc\u00e9dure CE: pour les produits concern\u00e9s et test\u00e9s, les \u00e9tiquettes CE et la d\u00e9claration de performance sont disponibles au t\u00e9l\u00e9chargement sous forme de documents pdf.","og_url":"https:\/\/bda-connectivity.com\/fr\/service\/procedure-ce\/","og_site_name":"bda connectivity GmbH","article_publisher":"https:\/\/www.facebook.com\/bdaconnectivity\/","article_modified_time":"2022-02-11T14:11:29+00:00","twitter_card":"summary_large_image","twitter_site":"@BdaGmbh","twitter_misc":{"Dur\u00e9e de lecture estim\u00e9e":"8 minutes"},"schema":{"@context":"https:\/\/schema.org","@graph":[{"@type":"WebPage","@id":"https:\/\/bda-connectivity.com\/fr\/service\/procedure-ce\/","url":"https:\/\/bda-connectivity.com\/fr\/service\/procedure-ce\/","name":"Proc\u00e9dure CE | bda connectivity GmbH","isPartOf":{"@id":"https:\/\/bda-connectivity.com\/fr\/#website"},"datePublished":"2019-08-15T11:58:08+00:00","dateModified":"2022-02-11T14:11:29+00:00","description":"Proc\u00e9dure CE: pour les produits concern\u00e9s et test\u00e9s, les \u00e9tiquettes CE et la d\u00e9claration de performance sont disponibles au t\u00e9l\u00e9chargement sous forme de documents pdf.","breadcrumb":{"@id":"https:\/\/bda-connectivity.com\/fr\/service\/procedure-ce\/#breadcrumb"},"inLanguage":"fr-FR","potentialAction":[{"@type":"ReadAction","target":["https:\/\/bda-connectivity.com\/fr\/service\/procedure-ce\/"]}]},{"@type":"BreadcrumbList","@id":"https:\/\/bda-connectivity.com\/fr\/service\/procedure-ce\/#breadcrumb","itemListElement":[{"@type":"ListItem","position":1,"name":"Page d'accueil","item":"https:\/\/bda-connectivity.com\/fr\/"},{"@type":"ListItem","position":2,"name":"Service","item":"https:\/\/bda-connectivity.com\/fr\/service\/"},{"@type":"ListItem","position":3,"name":"Proc\u00e9dure CE"}]},{"@type":"WebSite","@id":"https:\/\/bda-connectivity.com\/fr\/#website","url":"https:\/\/bda-connectivity.com\/fr\/","name":"bda connectivity GmbH","description":"Spezialkabel und EMV-Mess-Systeme","publisher":{"@id":"https:\/\/bda-connectivity.com\/fr\/#organization"},"potentialAction":[{"@type":"SearchAction","target":{"@type":"EntryPoint","urlTemplate":"https:\/\/bda-connectivity.com\/fr\/?s={search_term_string}"},"query-input":{"@type":"PropertyValueSpecification","valueRequired":true,"valueName":"search_term_string"}}],"inLanguage":"fr-FR"},{"@type":"Organization","@id":"https:\/\/bda-connectivity.com\/fr\/#organization","name":"bda connectivity GmbH","url":"https:\/\/bda-connectivity.com\/fr\/","logo":{"@type":"ImageObject","inLanguage":"fr-FR","@id":"https:\/\/bda-connectivity.com\/fr\/#\/schema\/logo\/image\/","url":"https:\/\/bda-connectivity.com\/wp-content\/uploads\/2019\/08\/Logo_bda_web_normal-retina.png","contentUrl":"https:\/\/bda-connectivity.com\/wp-content\/uploads\/2019\/08\/Logo_bda_web_normal-retina.png","width":700,"height":202,"caption":"bda connectivity GmbH"},"image":{"@id":"https:\/\/bda-connectivity.com\/fr\/#\/schema\/logo\/image\/"},"sameAs":["https:\/\/www.facebook.com\/bdaconnectivity\/","https:\/\/x.com\/BdaGmbh","https:\/\/www.instagram.com\/bdaconnectivity\/","https:\/\/www.linkedin.com\/company\/bda-connectivity-gmbh"]}]}},"_links":{"self":[{"href":"https:\/\/bda-connectivity.com\/fr\/wp-json\/wp\/v2\/pages\/7305"}],"collection":[{"href":"https:\/\/bda-connectivity.com\/fr\/wp-json\/wp\/v2\/pages"}],"about":[{"href":"https:\/\/bda-connectivity.com\/fr\/wp-json\/wp\/v2\/types\/page"}],"author":[{"embeddable":true,"href":"https:\/\/bda-connectivity.com\/fr\/wp-json\/wp\/v2\/users\/3"}],"replies":[{"embeddable":true,"href":"https:\/\/bda-connectivity.com\/fr\/wp-json\/wp\/v2\/comments?post=7305"}],"version-history":[{"count":0,"href":"https:\/\/bda-connectivity.com\/fr\/wp-json\/wp\/v2\/pages\/7305\/revisions"}],"up":[{"embeddable":true,"href":"https:\/\/bda-connectivity.com\/fr\/wp-json\/wp\/v2\/pages\/7309"}],"wp:attachment":[{"href":"https:\/\/bda-connectivity.com\/fr\/wp-json\/wp\/v2\/media?parent=7305"}],"curies":[{"name":"wp","href":"https:\/\/api.w.org\/{rel}","templated":true}]}}