{"id":7338,"date":"2019-08-15T12:47:37","date_gmt":"2019-08-15T10:47:37","guid":{"rendered":"https:\/\/bda-connectivity.com\/service\/reglement-pour-les-produits-de-construction\/"},"modified":"2022-02-14T11:31:40","modified_gmt":"2022-02-14T10:31:40","slug":"reglement-pour-les-produits-de-construction","status":"publish","type":"page","link":"https:\/\/bda-connectivity.com\/fr\/service\/reglement-pour-les-produits-de-construction\/","title":{"rendered":"R\u00e8glement pour les produits de construction"},"content":{"rendered":"<p><div class=\"fusion-fullwidth fullwidth-box fusion-builder-row-1 fusion-parallax-none top_bild_bereich_seiten nonhundred-percent-fullwidth non-hundred-percent-height-scrolling\" style=\"--awb-border-radius-top-left:0px;--awb-border-radius-top-right:0px;--awb-border-radius-bottom-right:0px;--awb-border-radius-bottom-left:0px;--awb-background-image:url(&quot;https:\/\/bda-connectivity.com\/wp-content\/uploads\/2019\/08\/bda_header_technische_infos.jpg&quot;);--awb-background-size:cover;--awb-flex-wrap:wrap;\" ><div class=\"fusion-builder-row fusion-row\"><div class=\"fusion-layout-column fusion_builder_column fusion-builder-column-0 fusion_builder_column_1_1 1_1 fusion-one-full fusion-column-first fusion-column-last\" style=\"--awb-bg-size:cover;\"><div class=\"fusion-column-wrapper fusion-column-has-shadow fusion-flex-column-wrapper-legacy\"><div class=\"fusion-clearfix\"><\/div><\/div><\/div><\/div><\/div><div class=\"fusion-fullwidth fullwidth-box fusion-builder-row-2 nonhundred-percent-fullwidth non-hundred-percent-height-scrolling\" style=\"--awb-border-radius-top-left:0px;--awb-border-radius-top-right:0px;--awb-border-radius-bottom-right:0px;--awb-border-radius-bottom-left:0px;--awb-flex-wrap:wrap;\" ><div class=\"fusion-builder-row fusion-row\"><div class=\"fusion-layout-column fusion_builder_column fusion-builder-column-1 fusion_builder_column_1_1 1_1 fusion-one-full fusion-column-first fusion-column-last\" style=\"--awb-bg-size:cover;\"><div class=\"fusion-column-wrapper fusion-column-has-shadow fusion-flex-column-wrapper-legacy\"><div class=\"fusion-title title fusion-title-1 fusion-sep-none fusion-title-text fusion-title-size-one\"><h1 class=\"fusion-title-heading title-heading-left fusion-responsive-typography-calculated\" style=\"margin:0;--fontSize:38;line-height:var(--awb-typography1-line-height);\">R\u00e8glement pour les produits de construction<\/h1><\/div><div class=\"fusion-sep-clear\"><\/div><div class=\"fusion-separator fusion-clearfix\" style=\"float:left;margin-bottom:30px;width:100%;max-width:150px;\"><div class=\"fusion-separator-border sep-single\" style=\"--awb-height:20px;--awb-amount:20px;border-color:var(--awb-color4);border-top-width:3px;\"><\/div><\/div><div class=\"fusion-sep-clear\"><\/div><div class=\"fusion-clearfix\"><\/div><\/div><\/div><div class=\"fusion-layout-column fusion_builder_column fusion-builder-column-2 fusion_builder_column_1_1 1_1 fusion-one-full fusion-column-first fusion-column-last\" style=\"--awb-bg-size:cover;\"><div class=\"fusion-column-wrapper fusion-column-has-shadow fusion-flex-column-wrapper-legacy\"><div class=\"fusion-text fusion-text-1 awb-text-cols fusion-text-columns-2\" style=\"--awb-columns:2;--awb-column-spacing:2em;--awb-column-min-width:400px;\"><p><strong>En g\u00e9n\u00e9ral <\/strong><br \/>\nLes incendies dans les b\u00e2timents font payer un lourd tribut en vies humaines.<\/p>\n<p>En 2015, rien qu&rsquo;en Allemagne, 343 personnes ont \u00e9t\u00e9 tu\u00e9es par la fum\u00e9e, le feu et les flammes, dont 206 dans des b\u00e2timents ou des constructions. La cause de d\u00e9c\u00e8s la plus fr\u00e9quente dans les incendies est l&rsquo;exposition \u00e0 des gaz ou des fum\u00e9es toxiques, qui fait environ 92 % des victimes dans les b\u00e2timents. (Donn\u00e9es: Office f\u00e9d\u00e9ral des statistiques)<\/p>\n<p><strong>Base l\u00e9gale :<\/strong><br \/>\nR\u00e8glement UE n\u00b0 305\/2011 sur les produits de construction \u00e9tablissant des conditions harmonis\u00e9es de commercialisation pour les produits de construction.<\/p>\n<p><strong>Que sont les \u00ab\u00a0produits de construction\u00a0\u00bb:<\/strong><br \/>\n\u00ab\u00a0&#8230; Selon le r\u00e8glement europ\u00e9en sur les produits de construction, on entend par \u00ab\u00a0produit de construction\u00a0\u00bb tout produit ou kit fabriqu\u00e9 et mis sur le march\u00e9 en vue d&rsquo;\u00eatre incorpor\u00e9 de fa\u00e7on permanente dans des ouvrages ou des parties d&rsquo;ouvrages de construction et dont la performance a une incidence sur la performance de l&rsquo;ouvrage en ce qui concerne les exigences fondamentales applicables aux ouvrages de construction.<\/p>\n<p>permanent est \u00e0 consid\u00e9rer comme le contraire d&rsquo;une installation temporaire intentionnellement pr\u00e9visible&#8230;\u201c.<br \/>\n(Zitat ZVEI)<\/p>\n<p>Les c\u00e2bles et conduits sont r\u00e9partis en 7 classes de feu. Des propri\u00e9t\u00e9s suppl\u00e9mentaires telles que le d\u00e9gagement de fum\u00e9e, la formation de gouttes enflamm\u00e9es et le d\u00e9gagement d&rsquo;acide compl\u00e8tent cette classification et sont document\u00e9es dans la d\u00e9claration de performance. Les tests sont effectu\u00e9s par un institut de contr\u00f4le notifi\u00e9.<\/p>\n<p>La d\u00e9claration de performance doit \u00eatre r\u00e9dig\u00e9e dans la langue sp\u00e9cifi\u00e9e par l&rsquo;\u00c9tat membre dans lequel le produit est mis sur le march\u00e9.<\/p>\n<p>Nous vous proposons de t\u00e9l\u00e9charger <a href=\"https:\/\/dop.bda-c.com\/\" target=\"_blank\" rel=\"noopener noreferrer\"><strong>les d\u00e9clarations de performance<\/strong><\/a> pour les diff\u00e9rents produits.<\/p>\n<\/div><div class=\"fusion-clearfix\"><\/div><\/div><\/div><div class=\"fusion-layout-column fusion_builder_column fusion-builder-column-3 fusion_builder_column_1_2 1_2 fusion-one-half fusion-column-first\" style=\"--awb-bg-size:cover;width:50%;width:calc(50% - ( ( 4% ) * 0.5 ) );margin-right: 4%;\"><div class=\"fusion-column-wrapper fusion-column-has-shadow fusion-flex-column-wrapper-legacy\"><div class=\"fusion-button-wrapper\"><a class=\"fusion-button button-flat fusion-button-default-size button-default fusion-button-default button-1 fusion-button-default-span fusion-button-default-type\" target=\"_blank\" rel=\"noopener noreferrer\" href=\"https:\/\/bda-connectivity.com\/wp-content\/uploads\/2019\/09\/White-Paper-Brandschutzkabel-ZVEI-FV-Kabel-6Aufl-2019.pdf\"><span class=\"fusion-button-text\">Plus d&rsquo;informations du ZVEI (en allemand)<\/span><\/a><\/div><div class=\"fusion-clearfix\"><\/div><\/div><\/div><\/div><\/div><\/p>\n","protected":false},"excerpt":{"rendered":"","protected":false},"author":3,"featured_media":0,"parent":7309,"menu_order":2,"comment_status":"closed","ping_status":"closed","template":"100-width.php","meta":{"footnotes":""},"class_list":["post-7338","page","type-page","status-publish","hentry"],"yoast_head":"<!-- This site is optimized with the Yoast SEO Premium plugin v24.6 (Yoast SEO v24.6) - https:\/\/yoast.com\/wordpress\/plugins\/seo\/ -->\n<title>R\u00e8glement pour les produits de construction | bda connectivity GmbH<\/title>\n<meta name=\"description\" content=\"R\u00e8glement pour les produits de construction: R\u00e8glement UE n\u00b0 305\/2011 sur les produits de construction \u00e9tablissant des conditions harmonis\u00e9es de commercialisation pour les produits de construction.\" \/>\n<meta name=\"robots\" content=\"index, follow, max-snippet:-1, max-image-preview:large, max-video-preview:-1\" \/>\n<link rel=\"canonical\" href=\"https:\/\/bda-connectivity.com\/fr\/service\/reglement-pour-les-produits-de-construction\/\" \/>\n<meta property=\"og:locale\" content=\"fr_FR\" \/>\n<meta property=\"og:type\" content=\"article\" \/>\n<meta property=\"og:title\" content=\"R\u00e8glement pour les produits de construction\" \/>\n<meta property=\"og:description\" content=\"R\u00e8glement pour les produits de construction: R\u00e8glement UE n\u00b0 305\/2011 sur les produits de construction \u00e9tablissant des conditions harmonis\u00e9es de commercialisation pour les produits de construction.\" \/>\n<meta property=\"og:url\" content=\"https:\/\/bda-connectivity.com\/fr\/service\/reglement-pour-les-produits-de-construction\/\" \/>\n<meta property=\"og:site_name\" content=\"bda connectivity GmbH\" \/>\n<meta property=\"article:publisher\" content=\"https:\/\/www.facebook.com\/bdaconnectivity\/\" \/>\n<meta property=\"article:modified_time\" content=\"2022-02-14T10:31:40+00:00\" \/>\n<meta name=\"twitter:card\" content=\"summary_large_image\" \/>\n<meta name=\"twitter:site\" content=\"@BdaGmbh\" \/>\n<meta name=\"twitter:label1\" content=\"Dur\u00e9e de lecture estim\u00e9e\" \/>\n\t<meta name=\"twitter:data1\" content=\"6 minutes\" \/>\n<script type=\"application\/ld+json\" class=\"yoast-schema-graph\">{\"@context\":\"https:\/\/schema.org\",\"@graph\":[{\"@type\":\"WebPage\",\"@id\":\"https:\/\/bda-connectivity.com\/fr\/service\/reglement-pour-les-produits-de-construction\/\",\"url\":\"https:\/\/bda-connectivity.com\/fr\/service\/reglement-pour-les-produits-de-construction\/\",\"name\":\"R\u00e8glement pour les produits de construction | bda connectivity GmbH\",\"isPartOf\":{\"@id\":\"https:\/\/bda-connectivity.com\/fr\/#website\"},\"datePublished\":\"2019-08-15T10:47:37+00:00\",\"dateModified\":\"2022-02-14T10:31:40+00:00\",\"description\":\"R\u00e8glement pour les produits de construction: R\u00e8glement UE n\u00b0 305\/2011 sur les produits de construction \u00e9tablissant des conditions harmonis\u00e9es de commercialisation pour les produits de construction.\",\"breadcrumb\":{\"@id\":\"https:\/\/bda-connectivity.com\/fr\/service\/reglement-pour-les-produits-de-construction\/#breadcrumb\"},\"inLanguage\":\"fr-FR\",\"potentialAction\":[{\"@type\":\"ReadAction\",\"target\":[\"https:\/\/bda-connectivity.com\/fr\/service\/reglement-pour-les-produits-de-construction\/\"]}]},{\"@type\":\"BreadcrumbList\",\"@id\":\"https:\/\/bda-connectivity.com\/fr\/service\/reglement-pour-les-produits-de-construction\/#breadcrumb\",\"itemListElement\":[{\"@type\":\"ListItem\",\"position\":1,\"name\":\"Page d'accueil\",\"item\":\"https:\/\/bda-connectivity.com\/fr\/\"},{\"@type\":\"ListItem\",\"position\":2,\"name\":\"Service\",\"item\":\"https:\/\/bda-connectivity.com\/fr\/service\/\"},{\"@type\":\"ListItem\",\"position\":3,\"name\":\"R\u00e8glement pour les produits de construction\"}]},{\"@type\":\"WebSite\",\"@id\":\"https:\/\/bda-connectivity.com\/fr\/#website\",\"url\":\"https:\/\/bda-connectivity.com\/fr\/\",\"name\":\"bda connectivity GmbH\",\"description\":\"Spezialkabel und EMV-Mess-Systeme\",\"publisher\":{\"@id\":\"https:\/\/bda-connectivity.com\/fr\/#organization\"},\"potentialAction\":[{\"@type\":\"SearchAction\",\"target\":{\"@type\":\"EntryPoint\",\"urlTemplate\":\"https:\/\/bda-connectivity.com\/fr\/?s={search_term_string}\"},\"query-input\":{\"@type\":\"PropertyValueSpecification\",\"valueRequired\":true,\"valueName\":\"search_term_string\"}}],\"inLanguage\":\"fr-FR\"},{\"@type\":\"Organization\",\"@id\":\"https:\/\/bda-connectivity.com\/fr\/#organization\",\"name\":\"bda connectivity GmbH\",\"url\":\"https:\/\/bda-connectivity.com\/fr\/\",\"logo\":{\"@type\":\"ImageObject\",\"inLanguage\":\"fr-FR\",\"@id\":\"https:\/\/bda-connectivity.com\/fr\/#\/schema\/logo\/image\/\",\"url\":\"https:\/\/bda-connectivity.com\/wp-content\/uploads\/2019\/08\/Logo_bda_web_normal-retina.png\",\"contentUrl\":\"https:\/\/bda-connectivity.com\/wp-content\/uploads\/2019\/08\/Logo_bda_web_normal-retina.png\",\"width\":700,\"height\":202,\"caption\":\"bda connectivity GmbH\"},\"image\":{\"@id\":\"https:\/\/bda-connectivity.com\/fr\/#\/schema\/logo\/image\/\"},\"sameAs\":[\"https:\/\/www.facebook.com\/bdaconnectivity\/\",\"https:\/\/x.com\/BdaGmbh\",\"https:\/\/www.instagram.com\/bdaconnectivity\/\",\"https:\/\/www.linkedin.com\/company\/bda-connectivity-gmbh\"]}]}<\/script>\n<!-- \/ Yoast SEO Premium plugin. -->","yoast_head_json":{"title":"R\u00e8glement pour les produits de construction | bda connectivity GmbH","description":"R\u00e8glement pour les produits de construction: R\u00e8glement UE n\u00b0 305\/2011 sur les produits de construction \u00e9tablissant des conditions harmonis\u00e9es de commercialisation pour les produits de construction.","robots":{"index":"index","follow":"follow","max-snippet":"max-snippet:-1","max-image-preview":"max-image-preview:large","max-video-preview":"max-video-preview:-1"},"canonical":"https:\/\/bda-connectivity.com\/fr\/service\/reglement-pour-les-produits-de-construction\/","og_locale":"fr_FR","og_type":"article","og_title":"R\u00e8glement pour les produits de construction","og_description":"R\u00e8glement pour les produits de construction: R\u00e8glement UE n\u00b0 305\/2011 sur les produits de construction \u00e9tablissant des conditions harmonis\u00e9es de commercialisation pour les produits de construction.","og_url":"https:\/\/bda-connectivity.com\/fr\/service\/reglement-pour-les-produits-de-construction\/","og_site_name":"bda connectivity GmbH","article_publisher":"https:\/\/www.facebook.com\/bdaconnectivity\/","article_modified_time":"2022-02-14T10:31:40+00:00","twitter_card":"summary_large_image","twitter_site":"@BdaGmbh","twitter_misc":{"Dur\u00e9e de lecture estim\u00e9e":"6 minutes"},"schema":{"@context":"https:\/\/schema.org","@graph":[{"@type":"WebPage","@id":"https:\/\/bda-connectivity.com\/fr\/service\/reglement-pour-les-produits-de-construction\/","url":"https:\/\/bda-connectivity.com\/fr\/service\/reglement-pour-les-produits-de-construction\/","name":"R\u00e8glement pour les produits de construction | bda connectivity GmbH","isPartOf":{"@id":"https:\/\/bda-connectivity.com\/fr\/#website"},"datePublished":"2019-08-15T10:47:37+00:00","dateModified":"2022-02-14T10:31:40+00:00","description":"R\u00e8glement pour les produits de construction: R\u00e8glement UE n\u00b0 305\/2011 sur les produits de construction \u00e9tablissant des conditions harmonis\u00e9es de commercialisation pour les produits de construction.","breadcrumb":{"@id":"https:\/\/bda-connectivity.com\/fr\/service\/reglement-pour-les-produits-de-construction\/#breadcrumb"},"inLanguage":"fr-FR","potentialAction":[{"@type":"ReadAction","target":["https:\/\/bda-connectivity.com\/fr\/service\/reglement-pour-les-produits-de-construction\/"]}]},{"@type":"BreadcrumbList","@id":"https:\/\/bda-connectivity.com\/fr\/service\/reglement-pour-les-produits-de-construction\/#breadcrumb","itemListElement":[{"@type":"ListItem","position":1,"name":"Page d'accueil","item":"https:\/\/bda-connectivity.com\/fr\/"},{"@type":"ListItem","position":2,"name":"Service","item":"https:\/\/bda-connectivity.com\/fr\/service\/"},{"@type":"ListItem","position":3,"name":"R\u00e8glement pour les produits de construction"}]},{"@type":"WebSite","@id":"https:\/\/bda-connectivity.com\/fr\/#website","url":"https:\/\/bda-connectivity.com\/fr\/","name":"bda connectivity GmbH","description":"Spezialkabel und EMV-Mess-Systeme","publisher":{"@id":"https:\/\/bda-connectivity.com\/fr\/#organization"},"potentialAction":[{"@type":"SearchAction","target":{"@type":"EntryPoint","urlTemplate":"https:\/\/bda-connectivity.com\/fr\/?s={search_term_string}"},"query-input":{"@type":"PropertyValueSpecification","valueRequired":true,"valueName":"search_term_string"}}],"inLanguage":"fr-FR"},{"@type":"Organization","@id":"https:\/\/bda-connectivity.com\/fr\/#organization","name":"bda connectivity GmbH","url":"https:\/\/bda-connectivity.com\/fr\/","logo":{"@type":"ImageObject","inLanguage":"fr-FR","@id":"https:\/\/bda-connectivity.com\/fr\/#\/schema\/logo\/image\/","url":"https:\/\/bda-connectivity.com\/wp-content\/uploads\/2019\/08\/Logo_bda_web_normal-retina.png","contentUrl":"https:\/\/bda-connectivity.com\/wp-content\/uploads\/2019\/08\/Logo_bda_web_normal-retina.png","width":700,"height":202,"caption":"bda connectivity GmbH"},"image":{"@id":"https:\/\/bda-connectivity.com\/fr\/#\/schema\/logo\/image\/"},"sameAs":["https:\/\/www.facebook.com\/bdaconnectivity\/","https:\/\/x.com\/BdaGmbh","https:\/\/www.instagram.com\/bdaconnectivity\/","https:\/\/www.linkedin.com\/company\/bda-connectivity-gmbh"]}]}},"_links":{"self":[{"href":"https:\/\/bda-connectivity.com\/fr\/wp-json\/wp\/v2\/pages\/7338"}],"collection":[{"href":"https:\/\/bda-connectivity.com\/fr\/wp-json\/wp\/v2\/pages"}],"about":[{"href":"https:\/\/bda-connectivity.com\/fr\/wp-json\/wp\/v2\/types\/page"}],"author":[{"embeddable":true,"href":"https:\/\/bda-connectivity.com\/fr\/wp-json\/wp\/v2\/users\/3"}],"replies":[{"embeddable":true,"href":"https:\/\/bda-connectivity.com\/fr\/wp-json\/wp\/v2\/comments?post=7338"}],"version-history":[{"count":0,"href":"https:\/\/bda-connectivity.com\/fr\/wp-json\/wp\/v2\/pages\/7338\/revisions"}],"up":[{"embeddable":true,"href":"https:\/\/bda-connectivity.com\/fr\/wp-json\/wp\/v2\/pages\/7309"}],"wp:attachment":[{"href":"https:\/\/bda-connectivity.com\/fr\/wp-json\/wp\/v2\/media?parent=7338"}],"curies":[{"name":"wp","href":"https:\/\/api.w.org\/{rel}","templated":true}]}}