{"id":7342,"date":"2019-08-15T14:20:18","date_gmt":"2019-08-15T12:20:18","guid":{"rendered":"https:\/\/bda-connectivity.com\/service\/rohs-reach\/"},"modified":"2023-02-13T11:47:43","modified_gmt":"2023-02-13T10:47:43","slug":"rohs-reach","status":"publish","type":"page","link":"https:\/\/bda-connectivity.com\/fr\/service\/rohs-reach\/","title":{"rendered":"RoHS &#038; REACH"},"content":{"rendered":"<p><div class=\"fusion-fullwidth fullwidth-box fusion-builder-row-1 fusion-parallax-none top_bild_bereich_seiten nonhundred-percent-fullwidth non-hundred-percent-height-scrolling\" style=\"--awb-border-radius-top-left:0px;--awb-border-radius-top-right:0px;--awb-border-radius-bottom-right:0px;--awb-border-radius-bottom-left:0px;--awb-background-image:url(&quot;https:\/\/bda-connectivity.com\/wp-content\/uploads\/2019\/08\/bda_header_technische_infos.jpg&quot;);--awb-background-size:cover;--awb-flex-wrap:wrap;\" ><div class=\"fusion-builder-row fusion-row\"><div class=\"fusion-layout-column fusion_builder_column fusion-builder-column-0 fusion_builder_column_1_1 1_1 fusion-one-full fusion-column-first fusion-column-last\" style=\"--awb-bg-size:cover;\"><div class=\"fusion-column-wrapper fusion-column-has-shadow fusion-flex-column-wrapper-legacy\"><div class=\"fusion-clearfix\"><\/div><\/div><\/div><\/div><\/div><div class=\"fusion-fullwidth fullwidth-box fusion-builder-row-2 nonhundred-percent-fullwidth non-hundred-percent-height-scrolling\" style=\"--awb-border-radius-top-left:0px;--awb-border-radius-top-right:0px;--awb-border-radius-bottom-right:0px;--awb-border-radius-bottom-left:0px;--awb-flex-wrap:wrap;\" ><div class=\"fusion-builder-row fusion-row\"><div class=\"fusion-layout-column fusion_builder_column fusion-builder-column-1 fusion_builder_column_1_1 1_1 fusion-one-full fusion-column-first fusion-column-last\" style=\"--awb-bg-size:cover;\"><div class=\"fusion-column-wrapper fusion-column-has-shadow fusion-flex-column-wrapper-legacy\"><div class=\"fusion-title title fusion-title-1 fusion-sep-none fusion-title-text fusion-title-size-one\"><h1 class=\"fusion-title-heading title-heading-left fusion-responsive-typography-calculated\" style=\"margin:0;--fontSize:38;line-height:var(--awb-typography1-line-height);\"><h1>RoHS &amp; REACH<\/h1><\/h1><\/div><div class=\"fusion-sep-clear\"><\/div><div class=\"fusion-separator fusion-clearfix\" style=\"float:left;margin-bottom:30px;width:100%;max-width:150px;\"><div class=\"fusion-separator-border sep-single\" style=\"--awb-height:20px;--awb-amount:20px;border-color:var(--awb-color4);border-top-width:3px;\"><\/div><\/div><div class=\"fusion-sep-clear\"><\/div><div class=\"fusion-clearfix\"><\/div><\/div><\/div><div class=\"fusion-layout-column fusion_builder_column fusion-builder-column-2 fusion_builder_column_1_1 1_1 fusion-one-full fusion-column-first fusion-column-last\" style=\"--awb-bg-size:cover;\"><div class=\"fusion-column-wrapper fusion-column-has-shadow fusion-flex-column-wrapper-legacy\"><div class=\"fusion-text fusion-text-1\"><p>A notre connaissance, les produits fabriqu\u00e9s par bda connectivity ne contiennent pas de substances \u00e0 des concentrations interdisant leur mise sur le march\u00e9. Les r\u00e9glementations concern\u00e9es sont les suivantes:<\/p>\n<p>2011\/65\/EU u. 2015\/863: Directive RoHS<br \/>\n1907\/2006\/EG: R\u00e8glement REACH<br \/>\n1005\/2009\/EG: Ordonnance relative \u00e0 des substances qui appauvrissent la couche d&rsquo;ozone<br \/>\nElektroStoffV: Ordonnance sur les substances dangereuses dans les \u00e9quipements \u00e9lectriques et \u00e9lectroniques<\/p>\n<h2><strong>RoHS<\/strong><\/h2>\n<p><strong>Directive 2011\/65\/UE et 2015\/863 (RoHS 3) du Parlement europ\u00e9en et du Conseil du 8 juin 2011 relative \u00e0 la limitation de l&rsquo;utilisation de certaines substances dangereuses dans les \u00e9quipements \u00e9lectriques et \u00e9lectroniques<\/strong><\/p>\n<p>La directive 2011\/65\/UE (RoHS II) limite l&rsquo;utilisation du plomb, du cadmium, du mercure, du chrome hexavalent, des polybromobiph\u00e9nyles (PBB) et des polybromodiph\u00e9nyl\u00e9thers (PBDE) dans certains \u00e9quipements \u00e9lectriques et \u00e9lectroniques (EEE).En juillet 2011, cette directive est entr\u00e9e en vigueur et remplace enti\u00e8rement l&rsquo;ancienne directive 2006\/95\/CE (RoHS) depuis le 3 janvier 2013. Dans RoHS II, un processus a \u00e9t\u00e9 mis en place pour ajouter des substances suppl\u00e9mentaires \u00e0 l&rsquo;avenir (similaire \u00e0 REACH). bda connectivity continuera \u00e0 surveiller le processus et \u00e0 r\u00e9agir \u00e0 d&rsquo;\u00e9ventuelles nouvelles restrictions de substances.<\/p>\n<p>Ind\u00e9pendamment du champ d&rsquo;application de la directive RoHS II, tous les produits sont conformes \u00e0 la directive 2011\/65\/UE (RoHS II) relative \u00e0 la limitation de l&rsquo;utilisation de certaines substances dangereuses dans les \u00e9quipements \u00e9lectriques et \u00e9lectroniques. Ces produits ne contiennent aucune des substances interdites sp\u00e9cifi\u00e9es dans la directive RoHS II, ni les concentrations maximales autoris\u00e9es qui y sont d\u00e9finies, compte tenu des exceptions pr\u00e9vues \u00e0 l&rsquo;annexe III de la directive.<\/p>\n<h2><strong>REACH<\/strong><\/h2>\n<p><strong>R\u00e8glement (CE) n\u00b0 1907\/2006 du Parlement europ\u00e9en et du Conseil du 18 d\u00e9cembre 2006 concernant l&rsquo;enregistrement, l&rsquo;\u00e9valuation et l&rsquo;autorisation des substances chimiques, ainsi que les restrictions applicables \u00e0 ces substances.<\/strong><\/p>\n<p>Avec le r\u00e8glement REACH, l&rsquo;UE a mis en place un syst\u00e8me uniforme d&rsquo;enregistrement (\u00ab\u00a0Registration\u00a0\u00bb), d&rsquo;\u00e9valuation (\u00ab\u00a0Evaluation\u00a0\u00bb), d&rsquo;autorisation (\u00ab\u00a0Authorisation\u00a0\u00bb) et de restriction (\u00ab\u00a0Restriction\u00a0\u00bb) des substances chimiques, dont l&rsquo;objectif est d&rsquo;assurer un niveau \u00e9lev\u00e9 de protection de la sant\u00e9 humaine et de l&rsquo;environnement.<\/p>\n<p>REACH est entr\u00e9 en vigueur le 1er juin 2007 et remplace un grand nombre d&rsquo;exigences relatives \u00e0 la composition des produits, telles qu&rsquo;elles \u00e9taient jusqu&rsquo;alors regroup\u00e9es, par exemple, dans la directive 76\/769\/CEE concernant le rapprochement des dispositions l\u00e9gislatives, r\u00e9glementaires et administratives des \u00c9tats membres relatives \u00e0 la limitation de la mise sur le march\u00e9 et de l&#8217;emploi de certaines substances et pr\u00e9parations dangereuses.<\/p>\n<p>bda connectivity respecte toutes les obligations d&rsquo;autorisation des substances conform\u00e9ment \u00e0 l&rsquo;annexe XIV de REACH et les restrictions de fabrication, de mise sur le march\u00e9 et d&rsquo;utilisation conform\u00e9ment \u00e0 l&rsquo;annexe XVII de REACH.<\/p>\n<p>Nous \u00e9valuons en permanence la \u00ab\u00a0liste candidate\u00a0\u00bb publi\u00e9e par l&rsquo;Agence europ\u00e9enne des produits chimiques, qui r\u00e9pertorie les substances extr\u00eamement pr\u00e9occupantes (SVHC), et prenons les mesures de substitution qui s&rsquo;imposent. Nous sommes ainsi \u00e9galement bien pr\u00e9par\u00e9s aux extensions r\u00e9guli\u00e8res de la liste des candidats. Si, dans un cas particulier, nous apprenons que des SVHC sont utilis\u00e9es dans des produits, nous vous en informons bien entendu conform\u00e9ment aux dispositions de REACH.<\/p>\n<\/div><div class=\"fusion-clearfix\"><\/div><\/div><\/div><\/div><\/div><\/p>\n","protected":false},"excerpt":{"rendered":"","protected":false},"author":3,"featured_media":0,"parent":7309,"menu_order":4,"comment_status":"closed","ping_status":"closed","template":"100-width.php","meta":{"footnotes":""},"class_list":["post-7342","page","type-page","status-publish","hentry"],"yoast_head":"<!-- This site is optimized with the Yoast SEO Premium plugin v24.6 (Yoast SEO v24.6) - https:\/\/yoast.com\/wordpress\/plugins\/seo\/ -->\n<title>RoHS &amp; REACH | bda connectivity GmbH<\/title>\n<meta name=\"description\" content=\"A notre connaissance, les produits fabriqu\u00e9s par bda connectivity ne contiennent pas de substances \u00e0 des concentrations interdisant leur mise sur le march\u00e9.\" \/>\n<meta name=\"robots\" content=\"index, follow, max-snippet:-1, max-image-preview:large, max-video-preview:-1\" \/>\n<link rel=\"canonical\" href=\"https:\/\/bda-connectivity.com\/fr\/service\/rohs-reach\/\" \/>\n<meta property=\"og:locale\" content=\"fr_FR\" \/>\n<meta property=\"og:type\" content=\"article\" \/>\n<meta property=\"og:title\" content=\"RoHS &amp; REACH\" \/>\n<meta property=\"og:description\" content=\"A notre connaissance, les produits fabriqu\u00e9s par bda connectivity ne contiennent pas de substances \u00e0 des concentrations interdisant leur mise sur le march\u00e9.\" \/>\n<meta property=\"og:url\" content=\"https:\/\/bda-connectivity.com\/fr\/service\/rohs-reach\/\" \/>\n<meta property=\"og:site_name\" content=\"bda connectivity GmbH\" \/>\n<meta property=\"article:publisher\" content=\"https:\/\/www.facebook.com\/bdaconnectivity\/\" \/>\n<meta property=\"article:modified_time\" content=\"2023-02-13T10:47:43+00:00\" \/>\n<meta name=\"twitter:card\" content=\"summary_large_image\" \/>\n<meta name=\"twitter:site\" content=\"@BdaGmbh\" \/>\n<meta name=\"twitter:label1\" content=\"Dur\u00e9e de lecture estim\u00e9e\" \/>\n\t<meta name=\"twitter:data1\" content=\"7 minutes\" \/>\n<script type=\"application\/ld+json\" class=\"yoast-schema-graph\">{\"@context\":\"https:\/\/schema.org\",\"@graph\":[{\"@type\":\"WebPage\",\"@id\":\"https:\/\/bda-connectivity.com\/fr\/service\/rohs-reach\/\",\"url\":\"https:\/\/bda-connectivity.com\/fr\/service\/rohs-reach\/\",\"name\":\"RoHS & REACH | bda connectivity GmbH\",\"isPartOf\":{\"@id\":\"https:\/\/bda-connectivity.com\/fr\/#website\"},\"datePublished\":\"2019-08-15T12:20:18+00:00\",\"dateModified\":\"2023-02-13T10:47:43+00:00\",\"description\":\"A notre connaissance, les produits fabriqu\u00e9s par bda connectivity ne contiennent pas de substances \u00e0 des concentrations interdisant leur mise sur le march\u00e9.\",\"breadcrumb\":{\"@id\":\"https:\/\/bda-connectivity.com\/fr\/service\/rohs-reach\/#breadcrumb\"},\"inLanguage\":\"fr-FR\",\"potentialAction\":[{\"@type\":\"ReadAction\",\"target\":[\"https:\/\/bda-connectivity.com\/fr\/service\/rohs-reach\/\"]}]},{\"@type\":\"BreadcrumbList\",\"@id\":\"https:\/\/bda-connectivity.com\/fr\/service\/rohs-reach\/#breadcrumb\",\"itemListElement\":[{\"@type\":\"ListItem\",\"position\":1,\"name\":\"Page d'accueil\",\"item\":\"https:\/\/bda-connectivity.com\/fr\/\"},{\"@type\":\"ListItem\",\"position\":2,\"name\":\"Service\",\"item\":\"https:\/\/bda-connectivity.com\/fr\/service\/\"},{\"@type\":\"ListItem\",\"position\":3,\"name\":\"RoHS &#038; REACH\"}]},{\"@type\":\"WebSite\",\"@id\":\"https:\/\/bda-connectivity.com\/fr\/#website\",\"url\":\"https:\/\/bda-connectivity.com\/fr\/\",\"name\":\"bda connectivity GmbH\",\"description\":\"Spezialkabel und EMV-Mess-Systeme\",\"publisher\":{\"@id\":\"https:\/\/bda-connectivity.com\/fr\/#organization\"},\"potentialAction\":[{\"@type\":\"SearchAction\",\"target\":{\"@type\":\"EntryPoint\",\"urlTemplate\":\"https:\/\/bda-connectivity.com\/fr\/?s={search_term_string}\"},\"query-input\":{\"@type\":\"PropertyValueSpecification\",\"valueRequired\":true,\"valueName\":\"search_term_string\"}}],\"inLanguage\":\"fr-FR\"},{\"@type\":\"Organization\",\"@id\":\"https:\/\/bda-connectivity.com\/fr\/#organization\",\"name\":\"bda connectivity GmbH\",\"url\":\"https:\/\/bda-connectivity.com\/fr\/\",\"logo\":{\"@type\":\"ImageObject\",\"inLanguage\":\"fr-FR\",\"@id\":\"https:\/\/bda-connectivity.com\/fr\/#\/schema\/logo\/image\/\",\"url\":\"https:\/\/bda-connectivity.com\/wp-content\/uploads\/2019\/08\/Logo_bda_web_normal-retina.png\",\"contentUrl\":\"https:\/\/bda-connectivity.com\/wp-content\/uploads\/2019\/08\/Logo_bda_web_normal-retina.png\",\"width\":700,\"height\":202,\"caption\":\"bda connectivity GmbH\"},\"image\":{\"@id\":\"https:\/\/bda-connectivity.com\/fr\/#\/schema\/logo\/image\/\"},\"sameAs\":[\"https:\/\/www.facebook.com\/bdaconnectivity\/\",\"https:\/\/x.com\/BdaGmbh\",\"https:\/\/www.instagram.com\/bdaconnectivity\/\",\"https:\/\/www.linkedin.com\/company\/bda-connectivity-gmbh\"]}]}<\/script>\n<!-- \/ Yoast SEO Premium plugin. -->","yoast_head_json":{"title":"RoHS & REACH | bda connectivity GmbH","description":"A notre connaissance, les produits fabriqu\u00e9s par bda connectivity ne contiennent pas de substances \u00e0 des concentrations interdisant leur mise sur le march\u00e9.","robots":{"index":"index","follow":"follow","max-snippet":"max-snippet:-1","max-image-preview":"max-image-preview:large","max-video-preview":"max-video-preview:-1"},"canonical":"https:\/\/bda-connectivity.com\/fr\/service\/rohs-reach\/","og_locale":"fr_FR","og_type":"article","og_title":"RoHS & REACH","og_description":"A notre connaissance, les produits fabriqu\u00e9s par bda connectivity ne contiennent pas de substances \u00e0 des concentrations interdisant leur mise sur le march\u00e9.","og_url":"https:\/\/bda-connectivity.com\/fr\/service\/rohs-reach\/","og_site_name":"bda connectivity GmbH","article_publisher":"https:\/\/www.facebook.com\/bdaconnectivity\/","article_modified_time":"2023-02-13T10:47:43+00:00","twitter_card":"summary_large_image","twitter_site":"@BdaGmbh","twitter_misc":{"Dur\u00e9e de lecture estim\u00e9e":"7 minutes"},"schema":{"@context":"https:\/\/schema.org","@graph":[{"@type":"WebPage","@id":"https:\/\/bda-connectivity.com\/fr\/service\/rohs-reach\/","url":"https:\/\/bda-connectivity.com\/fr\/service\/rohs-reach\/","name":"RoHS & REACH | bda connectivity GmbH","isPartOf":{"@id":"https:\/\/bda-connectivity.com\/fr\/#website"},"datePublished":"2019-08-15T12:20:18+00:00","dateModified":"2023-02-13T10:47:43+00:00","description":"A notre connaissance, les produits fabriqu\u00e9s par bda connectivity ne contiennent pas de substances \u00e0 des concentrations interdisant leur mise sur le march\u00e9.","breadcrumb":{"@id":"https:\/\/bda-connectivity.com\/fr\/service\/rohs-reach\/#breadcrumb"},"inLanguage":"fr-FR","potentialAction":[{"@type":"ReadAction","target":["https:\/\/bda-connectivity.com\/fr\/service\/rohs-reach\/"]}]},{"@type":"BreadcrumbList","@id":"https:\/\/bda-connectivity.com\/fr\/service\/rohs-reach\/#breadcrumb","itemListElement":[{"@type":"ListItem","position":1,"name":"Page d'accueil","item":"https:\/\/bda-connectivity.com\/fr\/"},{"@type":"ListItem","position":2,"name":"Service","item":"https:\/\/bda-connectivity.com\/fr\/service\/"},{"@type":"ListItem","position":3,"name":"RoHS &#038; REACH"}]},{"@type":"WebSite","@id":"https:\/\/bda-connectivity.com\/fr\/#website","url":"https:\/\/bda-connectivity.com\/fr\/","name":"bda connectivity GmbH","description":"Spezialkabel und EMV-Mess-Systeme","publisher":{"@id":"https:\/\/bda-connectivity.com\/fr\/#organization"},"potentialAction":[{"@type":"SearchAction","target":{"@type":"EntryPoint","urlTemplate":"https:\/\/bda-connectivity.com\/fr\/?s={search_term_string}"},"query-input":{"@type":"PropertyValueSpecification","valueRequired":true,"valueName":"search_term_string"}}],"inLanguage":"fr-FR"},{"@type":"Organization","@id":"https:\/\/bda-connectivity.com\/fr\/#organization","name":"bda connectivity GmbH","url":"https:\/\/bda-connectivity.com\/fr\/","logo":{"@type":"ImageObject","inLanguage":"fr-FR","@id":"https:\/\/bda-connectivity.com\/fr\/#\/schema\/logo\/image\/","url":"https:\/\/bda-connectivity.com\/wp-content\/uploads\/2019\/08\/Logo_bda_web_normal-retina.png","contentUrl":"https:\/\/bda-connectivity.com\/wp-content\/uploads\/2019\/08\/Logo_bda_web_normal-retina.png","width":700,"height":202,"caption":"bda connectivity GmbH"},"image":{"@id":"https:\/\/bda-connectivity.com\/fr\/#\/schema\/logo\/image\/"},"sameAs":["https:\/\/www.facebook.com\/bdaconnectivity\/","https:\/\/x.com\/BdaGmbh","https:\/\/www.instagram.com\/bdaconnectivity\/","https:\/\/www.linkedin.com\/company\/bda-connectivity-gmbh"]}]}},"_links":{"self":[{"href":"https:\/\/bda-connectivity.com\/fr\/wp-json\/wp\/v2\/pages\/7342"}],"collection":[{"href":"https:\/\/bda-connectivity.com\/fr\/wp-json\/wp\/v2\/pages"}],"about":[{"href":"https:\/\/bda-connectivity.com\/fr\/wp-json\/wp\/v2\/types\/page"}],"author":[{"embeddable":true,"href":"https:\/\/bda-connectivity.com\/fr\/wp-json\/wp\/v2\/users\/3"}],"replies":[{"embeddable":true,"href":"https:\/\/bda-connectivity.com\/fr\/wp-json\/wp\/v2\/comments?post=7342"}],"version-history":[{"count":0,"href":"https:\/\/bda-connectivity.com\/fr\/wp-json\/wp\/v2\/pages\/7342\/revisions"}],"up":[{"embeddable":true,"href":"https:\/\/bda-connectivity.com\/fr\/wp-json\/wp\/v2\/pages\/7309"}],"wp:attachment":[{"href":"https:\/\/bda-connectivity.com\/fr\/wp-json\/wp\/v2\/media?parent=7342"}],"curies":[{"name":"wp","href":"https:\/\/api.w.org\/{rel}","templated":true}]}}