{"id":7345,"date":"2019-08-14T15:42:11","date_gmt":"2019-08-14T13:42:11","guid":{"rendered":"https:\/\/bda-connectivity.com\/service\/materiaux-de-conflit\/"},"modified":"2024-09-17T14:26:28","modified_gmt":"2024-09-17T12:26:28","slug":"materiaux-de-conflit","status":"publish","type":"page","link":"https:\/\/bda-connectivity.com\/fr\/service\/materiaux-de-conflit\/","title":{"rendered":"Mat\u00e9riaux de conflit"},"content":{"rendered":"<p><div class=\"fusion-fullwidth fullwidth-box fusion-builder-row-1 fusion-parallax-none top_bild_bereich_seiten nonhundred-percent-fullwidth non-hundred-percent-height-scrolling\" style=\"--awb-border-radius-top-left:0px;--awb-border-radius-top-right:0px;--awb-border-radius-bottom-right:0px;--awb-border-radius-bottom-left:0px;--awb-background-image:url(&quot;https:\/\/bda-connectivity.com\/wp-content\/uploads\/2019\/08\/bda_header_technische_infos.jpg&quot;);--awb-background-size:cover;--awb-flex-wrap:wrap;\" ><div class=\"fusion-builder-row fusion-row\"><div class=\"fusion-layout-column fusion_builder_column fusion-builder-column-0 fusion_builder_column_1_1 1_1 fusion-one-full fusion-column-first fusion-column-last\" style=\"--awb-bg-size:cover;\"><div class=\"fusion-column-wrapper fusion-column-has-shadow fusion-flex-column-wrapper-legacy\"><div class=\"fusion-clearfix\"><\/div><\/div><\/div><\/div><\/div><div class=\"fusion-fullwidth fullwidth-box fusion-builder-row-2 nonhundred-percent-fullwidth non-hundred-percent-height-scrolling\" style=\"--awb-border-radius-top-left:0px;--awb-border-radius-top-right:0px;--awb-border-radius-bottom-right:0px;--awb-border-radius-bottom-left:0px;--awb-flex-wrap:wrap;\" ><div class=\"fusion-builder-row fusion-row\"><div class=\"fusion-layout-column fusion_builder_column fusion-builder-column-1 fusion_builder_column_1_1 1_1 fusion-one-full fusion-column-first fusion-column-last\" style=\"--awb-bg-size:cover;\"><div class=\"fusion-column-wrapper fusion-column-has-shadow fusion-flex-column-wrapper-legacy\"><div class=\"fusion-title title fusion-title-1 fusion-sep-none fusion-title-text fusion-title-size-one\"><h1 class=\"fusion-title-heading title-heading-left fusion-responsive-typography-calculated\" style=\"margin:0;--fontSize:38;line-height:var(--awb-typography1-line-height);\">Mat\u00e9riaux de conflit<\/h1><\/div><div class=\"fusion-sep-clear\"><\/div><div class=\"fusion-separator fusion-clearfix\" style=\"float:left;margin-bottom:30px;width:100%;max-width:150px;\"><div class=\"fusion-separator-border sep-single\" style=\"--awb-height:20px;--awb-amount:20px;border-color:var(--awb-color4);border-top-width:3px;\"><\/div><\/div><div class=\"fusion-sep-clear\"><\/div><div class=\"fusion-clearfix\"><\/div><\/div><\/div><div class=\"fusion-layout-column fusion_builder_column fusion-builder-column-2 fusion_builder_column_1_1 1_1 fusion-one-full fusion-column-first fusion-column-last\" style=\"--awb-bg-size:cover;\"><div class=\"fusion-column-wrapper fusion-column-has-shadow fusion-flex-column-wrapper-legacy\"><div class=\"fusion-text fusion-text-1 awb-text-cols fusion-text-columns-2\" style=\"--awb-columns:2;--awb-column-spacing:2em;--awb-column-min-width:400px;\"><p>Loi Dodd-Frank sur la r\u00e9forme de Wall Street et la protection des consommateurs<\/p>\n<p>Les minerais de conflit peuvent \u00eatre le tantale, l&rsquo;\u00e9tain, le tungst\u00e8ne, l&rsquo;or ou encore le cobalt, lorsqu&rsquo;ils proviennent de la R\u00e9publique d\u00e9mocratique du Congo ou des pays voisins. Les recettes issues de la vente de ces substances peuvent \u00eatre utilis\u00e9es pour financer les conflits arm\u00e9s dans cette r\u00e9gion et, dans certains cas, des groupes militaires et paramilitaires violant les droits de l&rsquo;homme contr\u00f4lent leur extraction et leur commercialisation. Les restrictions visent \u00e0 limiter ces possibilit\u00e9s de financement et \u00e0 dissuader les entreprises d&rsquo;utiliser ces minerais de conflit. Leur utilisation n&rsquo;est toutefois pas interdite.<\/p>\n<p>Contr\u00f4ler les produits quant \u00e0 l&rsquo;utilisation de min\u00e9raux dits de conflit &#8211; c&rsquo;est le d\u00e9fi auquel sont confront\u00e9es les entreprises qui se trouvent le long de la cha\u00eene d&rsquo;approvisionnement des entreprises am\u00e9ricaines cot\u00e9es en bourse, que ce soit en tant que fournisseur direct ou en tant que fournisseur interm\u00e9diaire.<\/p>\n<p>En raison des relations commerciales internationales, nous sommes \u00e9galement concern\u00e9s &#8211; en tant que transformateur de m\u00e9taux contenant de l&rsquo;\u00e9tain et de l&rsquo;or &#8211; par des demandes et avons donc mis \u00e0 votre disposition un questionnaire standardis\u00e9 \u00e0 t\u00e9l\u00e9charger ici.<\/p>\n<\/div><div class=\"fusion-clearfix\"><\/div><\/div><\/div><\/div><\/div><div class=\"fusion-fullwidth fullwidth-box fusion-builder-row-3 nonhundred-percent-fullwidth non-hundred-percent-height-scrolling fusion-equal-height-columns\" style=\"--awb-border-radius-top-left:0px;--awb-border-radius-top-right:0px;--awb-border-radius-bottom-right:0px;--awb-border-radius-bottom-left:0px;--awb-padding-top:50px;--awb-flex-wrap:wrap;\" ><div class=\"fusion-builder-row fusion-row\"><div class=\"fusion-layout-column fusion_builder_column fusion-builder-column-3 fusion_builder_column_1_1 1_1 fusion-one-full fusion-column-first fusion-column-last\" style=\"--awb-padding-top:35px;--awb-padding-right:8%;--awb-padding-bottom:10px;--awb-padding-left:8%;--awb-bg-color:#525766;--awb-bg-color-hover:#525766;--awb-bg-size:cover;--awb-margin-bottom:50px;\"><div class=\"fusion-column-wrapper fusion-column-has-shadow fusion-flex-column-wrapper-legacy\"><div class=\"fusion-column-content-centered\"><div class=\"fusion-column-content\"><div class=\"fusion-builder-row fusion-builder-row-inner fusion-row\"><div class=\"fusion-layout-column fusion_builder_column_inner fusion-builder-nested-column-0 fusion_builder_column_inner_1_4 1_4 fusion-one-fourth fusion-column-first\" style=\"--awb-bg-size:cover;width:25%;width:calc(25% - ( ( 0 ) * 0.25 ) );margin-right: 0px;\"><div class=\"fusion-column-wrapper fusion-column-has-shadow fusion-flex-column-wrapper-legacy\"><div class=\"fusion-column-content-centered\"><div class=\"fusion-column-content\"><div class=\"fusion-image-element in-legacy-container\" style=\"--awb-caption-title-font-family:var(--h2_typography-font-family);--awb-caption-title-font-weight:var(--h2_typography-font-weight);--awb-caption-title-font-style:var(--h2_typography-font-style);--awb-caption-title-size:var(--h2_typography-font-size);--awb-caption-title-transform:var(--h2_typography-text-transform);--awb-caption-title-line-height:var(--h2_typography-line-height);--awb-caption-title-letter-spacing:var(--h2_typography-letter-spacing);\"><span class=\" fusion-imageframe imageframe-none imageframe-1 hover-type-none\"><img decoding=\"async\" width=\"132\" height=\"132\" alt=\"bda connectivity GmbH\" title=\"bda connectivity GmbH\" src=\"https:\/\/bda-connectivity.com\/wp-content\/uploads\/2019\/08\/ce-label-circle.png\" class=\"img-responsive wp-image-6638\" srcset=\"https:\/\/bda-connectivity.com\/wp-content\/uploads\/2019\/08\/ce-label-circle-66x66.png 66w, https:\/\/bda-connectivity.com\/wp-content\/uploads\/2019\/08\/ce-label-circle.png 132w\" sizes=\"(max-width: 132px) 100vw, 132px\" \/><\/span><\/div><\/div><\/div><div class=\"fusion-clearfix\"><\/div><\/div><\/div><div class=\"fusion-layout-column fusion_builder_column_inner fusion-builder-nested-column-1 fusion_builder_column_inner_3_4 3_4 fusion-three-fourth fusion-column-last\" style=\"--awb-bg-size:cover;width:75%;width:calc(75% - ( ( 0 ) * 0.75 ) );\"><div class=\"fusion-column-wrapper fusion-column-has-shadow fusion-flex-column-wrapper-legacy\"><div class=\"fusion-column-content-centered\"><div class=\"fusion-column-content\"><div class=\"fusion-text fusion-text-2\" style=\"--awb-text-transform:none;\"><p><span style=\"color: #ffffff;\"><strong><a style=\"color: #ffffff;\" href=\"https:\/\/bda-connectivity.com\/wp-content\/uploads\/2024\/06\/bda-CMRT_6.4.xlsx\">Rapport sur les mat\u00e9riaux de conflit (CMRT) \u2013 en anglais<\/a><\/strong><\/span><\/p>\n<\/div><div class=\"fusion-text fusion-text-3\" style=\"--awb-text-transform:none;\"><h3><a style=\"color: #ffffff;\" href=\"https:\/\/bda-connectivity.com\/wp-content\/uploads\/2024\/09\/bda-RMI_EMRT_1.3.xlsx\">Mod\u00e8le \u00e9largi de rapport sur les min\u00e9raux (EMRT)- <\/a><strong><a href=\"https:\/\/bda-connectivity.com\/wp-content\/uploads\/2023\/02\/bda-RMI_EMRT_1-01_template.xlsx\" target=\"_blank\" rel=\"noopener noreferrer\">\u00a0<span style=\"color: #ffffff;\">en anglais<\/span><\/a><\/strong><\/h3>\n<\/div><\/div><\/div><div class=\"fusion-clearfix\"><\/div><\/div><\/div><\/div><\/div><\/div><div class=\"fusion-clearfix\"><\/div><\/div><\/div><\/div><\/div><\/p>\n","protected":false},"excerpt":{"rendered":"","protected":false},"author":3,"featured_media":0,"parent":7309,"menu_order":5,"comment_status":"closed","ping_status":"closed","template":"100-width.php","meta":{"footnotes":""},"class_list":["post-7345","page","type-page","status-publish","hentry"],"yoast_head":"<!-- This site is optimized with the Yoast SEO Premium plugin v24.6 (Yoast SEO v24.6) - https:\/\/yoast.com\/wordpress\/plugins\/seo\/ -->\n<title>Mat\u00e9riaux de conflit | bda connectivity GmbH<\/title>\n<meta name=\"description\" content=\"Les minerais de conflit peuvent \u00eatre le tantale, l&#039;\u00e9tain, le tungst\u00e8ne, l&#039;or ou encore le cobalt s&#039;ils proviennent de la R\u00e9publique d\u00e9mocratique du Congo ou des pays voisins.\" \/>\n<meta name=\"robots\" content=\"index, follow, max-snippet:-1, max-image-preview:large, max-video-preview:-1\" \/>\n<link rel=\"canonical\" href=\"https:\/\/bda-connectivity.com\/fr\/service\/materiaux-de-conflit\/\" \/>\n<meta property=\"og:locale\" content=\"fr_FR\" \/>\n<meta property=\"og:type\" content=\"article\" \/>\n<meta property=\"og:title\" content=\"Mat\u00e9riaux de conflit\" \/>\n<meta property=\"og:description\" content=\"Les minerais de conflit peuvent \u00eatre le tantale, l&#039;\u00e9tain, le tungst\u00e8ne, l&#039;or ou encore le cobalt s&#039;ils proviennent de la R\u00e9publique d\u00e9mocratique du Congo ou des pays voisins.\" \/>\n<meta property=\"og:url\" content=\"https:\/\/bda-connectivity.com\/fr\/service\/materiaux-de-conflit\/\" \/>\n<meta property=\"og:site_name\" content=\"bda connectivity GmbH\" \/>\n<meta property=\"article:publisher\" content=\"https:\/\/www.facebook.com\/bdaconnectivity\/\" \/>\n<meta property=\"article:modified_time\" content=\"2024-09-17T12:26:28+00:00\" \/>\n<meta name=\"twitter:card\" content=\"summary_large_image\" \/>\n<meta name=\"twitter:site\" content=\"@BdaGmbh\" \/>\n<meta name=\"twitter:label1\" content=\"Dur\u00e9e de lecture estim\u00e9e\" \/>\n\t<meta name=\"twitter:data1\" content=\"8 minutes\" \/>\n<script type=\"application\/ld+json\" class=\"yoast-schema-graph\">{\"@context\":\"https:\/\/schema.org\",\"@graph\":[{\"@type\":\"WebPage\",\"@id\":\"https:\/\/bda-connectivity.com\/fr\/service\/materiaux-de-conflit\/\",\"url\":\"https:\/\/bda-connectivity.com\/fr\/service\/materiaux-de-conflit\/\",\"name\":\"Mat\u00e9riaux de conflit | bda connectivity GmbH\",\"isPartOf\":{\"@id\":\"https:\/\/bda-connectivity.com\/fr\/#website\"},\"datePublished\":\"2019-08-14T13:42:11+00:00\",\"dateModified\":\"2024-09-17T12:26:28+00:00\",\"description\":\"Les minerais de conflit peuvent \u00eatre le tantale, l'\u00e9tain, le tungst\u00e8ne, l'or ou encore le cobalt s'ils proviennent de la R\u00e9publique d\u00e9mocratique du Congo ou des pays voisins.\",\"breadcrumb\":{\"@id\":\"https:\/\/bda-connectivity.com\/fr\/service\/materiaux-de-conflit\/#breadcrumb\"},\"inLanguage\":\"fr-FR\",\"potentialAction\":[{\"@type\":\"ReadAction\",\"target\":[\"https:\/\/bda-connectivity.com\/fr\/service\/materiaux-de-conflit\/\"]}]},{\"@type\":\"BreadcrumbList\",\"@id\":\"https:\/\/bda-connectivity.com\/fr\/service\/materiaux-de-conflit\/#breadcrumb\",\"itemListElement\":[{\"@type\":\"ListItem\",\"position\":1,\"name\":\"Page d'accueil\",\"item\":\"https:\/\/bda-connectivity.com\/fr\/\"},{\"@type\":\"ListItem\",\"position\":2,\"name\":\"Service\",\"item\":\"https:\/\/bda-connectivity.com\/fr\/service\/\"},{\"@type\":\"ListItem\",\"position\":3,\"name\":\"Mat\u00e9riaux de conflit\"}]},{\"@type\":\"WebSite\",\"@id\":\"https:\/\/bda-connectivity.com\/fr\/#website\",\"url\":\"https:\/\/bda-connectivity.com\/fr\/\",\"name\":\"bda connectivity GmbH\",\"description\":\"Spezialkabel und EMV-Mess-Systeme\",\"publisher\":{\"@id\":\"https:\/\/bda-connectivity.com\/fr\/#organization\"},\"potentialAction\":[{\"@type\":\"SearchAction\",\"target\":{\"@type\":\"EntryPoint\",\"urlTemplate\":\"https:\/\/bda-connectivity.com\/fr\/?s={search_term_string}\"},\"query-input\":{\"@type\":\"PropertyValueSpecification\",\"valueRequired\":true,\"valueName\":\"search_term_string\"}}],\"inLanguage\":\"fr-FR\"},{\"@type\":\"Organization\",\"@id\":\"https:\/\/bda-connectivity.com\/fr\/#organization\",\"name\":\"bda connectivity GmbH\",\"url\":\"https:\/\/bda-connectivity.com\/fr\/\",\"logo\":{\"@type\":\"ImageObject\",\"inLanguage\":\"fr-FR\",\"@id\":\"https:\/\/bda-connectivity.com\/fr\/#\/schema\/logo\/image\/\",\"url\":\"https:\/\/bda-connectivity.com\/wp-content\/uploads\/2019\/08\/Logo_bda_web_normal-retina.png\",\"contentUrl\":\"https:\/\/bda-connectivity.com\/wp-content\/uploads\/2019\/08\/Logo_bda_web_normal-retina.png\",\"width\":700,\"height\":202,\"caption\":\"bda connectivity GmbH\"},\"image\":{\"@id\":\"https:\/\/bda-connectivity.com\/fr\/#\/schema\/logo\/image\/\"},\"sameAs\":[\"https:\/\/www.facebook.com\/bdaconnectivity\/\",\"https:\/\/x.com\/BdaGmbh\",\"https:\/\/www.instagram.com\/bdaconnectivity\/\",\"https:\/\/www.linkedin.com\/company\/bda-connectivity-gmbh\"]}]}<\/script>\n<!-- \/ Yoast SEO Premium plugin. -->","yoast_head_json":{"title":"Mat\u00e9riaux de conflit | bda connectivity GmbH","description":"Les minerais de conflit peuvent \u00eatre le tantale, l'\u00e9tain, le tungst\u00e8ne, l'or ou encore le cobalt s'ils proviennent de la R\u00e9publique d\u00e9mocratique du Congo ou des pays voisins.","robots":{"index":"index","follow":"follow","max-snippet":"max-snippet:-1","max-image-preview":"max-image-preview:large","max-video-preview":"max-video-preview:-1"},"canonical":"https:\/\/bda-connectivity.com\/fr\/service\/materiaux-de-conflit\/","og_locale":"fr_FR","og_type":"article","og_title":"Mat\u00e9riaux de conflit","og_description":"Les minerais de conflit peuvent \u00eatre le tantale, l'\u00e9tain, le tungst\u00e8ne, l'or ou encore le cobalt s'ils proviennent de la R\u00e9publique d\u00e9mocratique du Congo ou des pays voisins.","og_url":"https:\/\/bda-connectivity.com\/fr\/service\/materiaux-de-conflit\/","og_site_name":"bda connectivity GmbH","article_publisher":"https:\/\/www.facebook.com\/bdaconnectivity\/","article_modified_time":"2024-09-17T12:26:28+00:00","twitter_card":"summary_large_image","twitter_site":"@BdaGmbh","twitter_misc":{"Dur\u00e9e de lecture estim\u00e9e":"8 minutes"},"schema":{"@context":"https:\/\/schema.org","@graph":[{"@type":"WebPage","@id":"https:\/\/bda-connectivity.com\/fr\/service\/materiaux-de-conflit\/","url":"https:\/\/bda-connectivity.com\/fr\/service\/materiaux-de-conflit\/","name":"Mat\u00e9riaux de conflit | bda connectivity GmbH","isPartOf":{"@id":"https:\/\/bda-connectivity.com\/fr\/#website"},"datePublished":"2019-08-14T13:42:11+00:00","dateModified":"2024-09-17T12:26:28+00:00","description":"Les minerais de conflit peuvent \u00eatre le tantale, l'\u00e9tain, le tungst\u00e8ne, l'or ou encore le cobalt s'ils proviennent de la R\u00e9publique d\u00e9mocratique du Congo ou des pays voisins.","breadcrumb":{"@id":"https:\/\/bda-connectivity.com\/fr\/service\/materiaux-de-conflit\/#breadcrumb"},"inLanguage":"fr-FR","potentialAction":[{"@type":"ReadAction","target":["https:\/\/bda-connectivity.com\/fr\/service\/materiaux-de-conflit\/"]}]},{"@type":"BreadcrumbList","@id":"https:\/\/bda-connectivity.com\/fr\/service\/materiaux-de-conflit\/#breadcrumb","itemListElement":[{"@type":"ListItem","position":1,"name":"Page d'accueil","item":"https:\/\/bda-connectivity.com\/fr\/"},{"@type":"ListItem","position":2,"name":"Service","item":"https:\/\/bda-connectivity.com\/fr\/service\/"},{"@type":"ListItem","position":3,"name":"Mat\u00e9riaux de conflit"}]},{"@type":"WebSite","@id":"https:\/\/bda-connectivity.com\/fr\/#website","url":"https:\/\/bda-connectivity.com\/fr\/","name":"bda connectivity GmbH","description":"Spezialkabel und EMV-Mess-Systeme","publisher":{"@id":"https:\/\/bda-connectivity.com\/fr\/#organization"},"potentialAction":[{"@type":"SearchAction","target":{"@type":"EntryPoint","urlTemplate":"https:\/\/bda-connectivity.com\/fr\/?s={search_term_string}"},"query-input":{"@type":"PropertyValueSpecification","valueRequired":true,"valueName":"search_term_string"}}],"inLanguage":"fr-FR"},{"@type":"Organization","@id":"https:\/\/bda-connectivity.com\/fr\/#organization","name":"bda connectivity GmbH","url":"https:\/\/bda-connectivity.com\/fr\/","logo":{"@type":"ImageObject","inLanguage":"fr-FR","@id":"https:\/\/bda-connectivity.com\/fr\/#\/schema\/logo\/image\/","url":"https:\/\/bda-connectivity.com\/wp-content\/uploads\/2019\/08\/Logo_bda_web_normal-retina.png","contentUrl":"https:\/\/bda-connectivity.com\/wp-content\/uploads\/2019\/08\/Logo_bda_web_normal-retina.png","width":700,"height":202,"caption":"bda connectivity GmbH"},"image":{"@id":"https:\/\/bda-connectivity.com\/fr\/#\/schema\/logo\/image\/"},"sameAs":["https:\/\/www.facebook.com\/bdaconnectivity\/","https:\/\/x.com\/BdaGmbh","https:\/\/www.instagram.com\/bdaconnectivity\/","https:\/\/www.linkedin.com\/company\/bda-connectivity-gmbh"]}]}},"_links":{"self":[{"href":"https:\/\/bda-connectivity.com\/fr\/wp-json\/wp\/v2\/pages\/7345"}],"collection":[{"href":"https:\/\/bda-connectivity.com\/fr\/wp-json\/wp\/v2\/pages"}],"about":[{"href":"https:\/\/bda-connectivity.com\/fr\/wp-json\/wp\/v2\/types\/page"}],"author":[{"embeddable":true,"href":"https:\/\/bda-connectivity.com\/fr\/wp-json\/wp\/v2\/users\/3"}],"replies":[{"embeddable":true,"href":"https:\/\/bda-connectivity.com\/fr\/wp-json\/wp\/v2\/comments?post=7345"}],"version-history":[{"count":0,"href":"https:\/\/bda-connectivity.com\/fr\/wp-json\/wp\/v2\/pages\/7345\/revisions"}],"up":[{"embeddable":true,"href":"https:\/\/bda-connectivity.com\/fr\/wp-json\/wp\/v2\/pages\/7309"}],"wp:attachment":[{"href":"https:\/\/bda-connectivity.com\/fr\/wp-json\/wp\/v2\/media?parent=7345"}],"curies":[{"name":"wp","href":"https:\/\/api.w.org\/{rel}","templated":true}]}}