{"id":7420,"date":"2019-08-15T10:38:55","date_gmt":"2019-08-15T08:38:55","guid":{"rendered":"https:\/\/bda-connectivity.com\/cables-fabrique-en-allemagne\/cables-speciaux\/"},"modified":"2022-02-16T11:56:47","modified_gmt":"2022-02-16T10:56:47","slug":"cables-speciaux","status":"publish","type":"page","link":"https:\/\/bda-connectivity.com\/fr\/cables-fabrique-en-allemagne\/cables-speciaux\/","title":{"rendered":"C\u00e2bles sp\u00e9ciaux"},"content":{"rendered":"<p><div class=\"fusion-fullwidth fullwidth-box fusion-builder-row-1 fusion-parallax-none top_bild_bereich_seiten nonhundred-percent-fullwidth non-hundred-percent-height-scrolling\" style=\"--awb-border-radius-top-left:0px;--awb-border-radius-top-right:0px;--awb-border-radius-bottom-right:0px;--awb-border-radius-bottom-left:0px;--awb-background-image:url(&quot;https:\/\/bda-connectivity.com\/wp-content\/uploads\/2019\/08\/bda_header_comet_v2.jpg&quot;);--awb-background-size:cover;--awb-flex-wrap:wrap;\" ><div class=\"fusion-builder-row fusion-row\"><div class=\"fusion-layout-column fusion_builder_column fusion-builder-column-0 fusion_builder_column_1_1 1_1 fusion-one-full fusion-column-first fusion-column-last\" style=\"--awb-bg-size:cover;\"><div class=\"fusion-column-wrapper fusion-column-has-shadow fusion-flex-column-wrapper-legacy\"><div class=\"fusion-clearfix\"><\/div><\/div><\/div><\/div><\/div><div class=\"fusion-fullwidth fullwidth-box fusion-builder-row-2 nonhundred-percent-fullwidth non-hundred-percent-height-scrolling\" style=\"--awb-border-radius-top-left:0px;--awb-border-radius-top-right:0px;--awb-border-radius-bottom-right:0px;--awb-border-radius-bottom-left:0px;--awb-flex-wrap:wrap;\" ><div class=\"fusion-builder-row fusion-row\"><div class=\"fusion-layout-column fusion_builder_column fusion-builder-column-1 fusion_builder_column_1_1 1_1 fusion-one-full fusion-column-first fusion-column-last\" style=\"--awb-bg-size:cover;\"><div class=\"fusion-column-wrapper fusion-column-has-shadow fusion-flex-column-wrapper-legacy\"><div class=\"fusion-title title fusion-title-1 fusion-sep-none fusion-title-text fusion-title-size-one\"><h1 class=\"fusion-title-heading title-heading-left fusion-responsive-typography-calculated\" style=\"margin:0;--fontSize:38;line-height:var(--awb-typography1-line-height);\">C\u00e2bles sp\u00e9ciaux<\/h1><\/div><div class=\"fusion-sep-clear\"><\/div><div class=\"fusion-separator fusion-clearfix\" style=\"float:left;margin-bottom:30px;width:100%;max-width:150px;\"><div class=\"fusion-separator-border sep-single\" style=\"--awb-height:20px;--awb-amount:20px;border-color:var(--awb-color4);border-top-width:3px;\"><\/div><\/div><div class=\"fusion-sep-clear\"><\/div><div class=\"fusion-text fusion-text-1\"><p>Nous sommes les experts des c\u00e2bles sp\u00e9ciaux, enti\u00e8rement adapt\u00e9s \u00e0 vos besoins ou \u00e0 votre application.<\/p>\n<p>Nous concevons et produisons les c\u00e2bles selon vos sp\u00e9cifications. Nous disposons \u00e0 cet effet d&rsquo;un r\u00e9pertoire de plusieurs dizaines de milliers de c\u00e2bles d\u00e9j\u00e0 con\u00e7us et pr\u00eats \u00e0 \u00eatre produits. Bien entendu, notre \u00e9quipe de d\u00e9veloppeurs se tient \u00e0 votre disposition pour concevoir un c\u00e2ble qui r\u00e9pond exactement \u00e0 vos exigences. Nous sommes \u00e0 votre disposition pour r\u00e9pondre \u00e0 vos souhaits, \u00e0 vos fabrications sp\u00e9ciales ou \u00e0 vos demandes particuli\u00e8res.<\/p>\n<\/div><div class=\"fusion-clearfix\"><\/div><\/div><\/div><div class=\"fusion-layout-column fusion_builder_column fusion-builder-column-2 fusion_builder_column_1_1 1_1 fusion-one-full fusion-column-first fusion-column-last\" style=\"--awb-bg-size:cover;\"><div class=\"fusion-column-wrapper fusion-column-has-shadow fusion-flex-column-wrapper-legacy\"><div class=\"fusion-text fusion-text-2\"><p>Vous savez d\u00e9j\u00e0 exactement ce que vous voulez ? Alors, remplissez notre <a href=\"https:\/\/bda-connectivity.com\/wp-content\/uploads\/2020\/05\/kabel-anforderungsblatt-formular.pdf\" target=\"_blank\" rel=\"noopener noreferrer\"><strong>fiche de demande de c\u00e2bles<\/strong><\/a> et envoyez-le \u00e0 nos coll\u00e8gues du service commercial ou directement \u00e0 <a href=\"mailto:info@bda-c.com\"><strong>info@bda-c.com<\/strong><\/a>. Nos <a href=\"https:\/\/bda-connectivity.com\/fr\/personnes-de-contact\/\"><strong>coll\u00e8gues du service commercial<\/strong><\/a> se tiennent \u00e0 votre disposition pour r\u00e9pondre \u00e0 vos questions.<\/p>\n<\/div><div class=\"fusion-button-wrapper\"><a class=\"fusion-button button-flat fusion-button-default-size button-default fusion-button-default button-1 fusion-button-default-span fusion-button-default-type\" target=\"_blank\" rel=\"noopener noreferrer\" href=\"https:\/\/bda-connectivity.com\/wp-content\/uploads\/2020\/05\/kabel-anforderungsblatt-formular.pdf\"><span class=\"fusion-button-text\">Vers le configurateur de c\u00e2bles<\/span><\/a><\/div><div class=\"fusion-clearfix\"><\/div><\/div><\/div><\/div><\/div><div class=\"fusion-fullwidth fullwidth-box fusion-builder-row-3 nonhundred-percent-fullwidth non-hundred-percent-height-scrolling\" style=\"--awb-border-radius-top-left:0px;--awb-border-radius-top-right:0px;--awb-border-radius-bottom-right:0px;--awb-border-radius-bottom-left:0px;--awb-padding-top:50px;--awb-flex-wrap:wrap;\" ><div class=\"fusion-builder-row fusion-row\"><div class=\"fusion-layout-column fusion_builder_column fusion-builder-column-3 fusion_builder_column_1_1 1_1 fusion-one-full fusion-column-first fusion-column-last\" style=\"--awb-bg-size:cover;\"><div class=\"fusion-column-wrapper fusion-column-has-shadow fusion-flex-column-wrapper-legacy\"><div class=\"fusion-builder-row fusion-builder-row-inner fusion-row\"><div class=\"fusion-layout-column fusion_builder_column_inner fusion-builder-nested-column-0 fusion_builder_column_inner_1_6 1_6 fusion-one-sixth fusion-column-first\" style=\"--awb-bg-color:#ffffff;--awb-bg-color-hover:#ffffff;--awb-bg-size:cover;width:16.666666666667%;width:calc(16.666666666667% - ( ( 0 + 0 + 0 ) * 0.16666666666667 ) );margin-right: 0px;\"><div class=\"fusion-column-wrapper fusion-column-has-shadow fusion-flex-column-wrapper-legacy\"><div class=\"fusion-column-content-centered\"><div class=\"fusion-column-content\"><div class=\"fusion-image-element fusion-image-align-left in-legacy-container\" style=\"text-align:left;--awb-margin-top:50px;--awb-caption-title-font-family:var(--h2_typography-font-family);--awb-caption-title-font-weight:var(--h2_typography-font-weight);--awb-caption-title-font-style:var(--h2_typography-font-style);--awb-caption-title-size:var(--h2_typography-font-size);--awb-caption-title-transform:var(--h2_typography-text-transform);--awb-caption-title-line-height:var(--h2_typography-line-height);--awb-caption-title-letter-spacing:var(--h2_typography-letter-spacing);\"><span class=\" fusion-imageframe imageframe-none imageframe-1 hover-type-none\" style=\"border:7px solid #ffffff;border-radius:3px;margin-right:25px;float:left;\"><a class=\"fusion-no-lightbox\" href=\"https:\/\/bda-connectivity.com\/wp-content\/uploads\/2022\/02\/Produktkatalog-Kabel_FR_web.pdf\" target=\"_blank\" aria-label=\"Icon Brosch\u00fcre\" rel=\"noopener noreferrer\"><img decoding=\"async\" width=\"100\" height=\"100\" alt=\"Icon Brosch\u00fcre\" src=\"https:\/\/bda-connectivity.com\/wp-content\/uploads\/2021\/05\/Icon-Broschuere.jpg\" class=\"img-responsive wp-image-7151\" srcset=\"https:\/\/bda-connectivity.com\/wp-content\/uploads\/2021\/05\/Icon-Broschuere-66x66.jpg 66w, https:\/\/bda-connectivity.com\/wp-content\/uploads\/2021\/05\/Icon-Broschuere.jpg 100w\" sizes=\"(max-width: 100px) 100vw, 100px\" \/><\/a><\/span><\/div><\/div><\/div><div class=\"fusion-clearfix\"><\/div><\/div><\/div><div class=\"fusion-layout-column fusion_builder_column_inner fusion-builder-nested-column-1 fusion_builder_column_inner_1_3 1_3 fusion-one-third\" style=\"--awb-padding-top:50px;--awb-bg-size:cover;width:33.333333333333%;width:calc(33.333333333333% - ( ( 0 + 0 + 0 ) * 0.33333333333333 ) );margin-right: 0px;\"><div class=\"fusion-column-wrapper fusion-column-has-shadow fusion-flex-column-wrapper-legacy\"><div class=\"fusion-column-content-centered\"><div class=\"fusion-column-content\"><div class=\"fusion-text fusion-text-3\" style=\"--awb-text-transform:none;\"><p style=\"margin-bottom: 0px;\"><span style=\"color: #ffffff; font-size: 14pt;\"><span style=\"color: #000000;\">Vous souhaitez vous informer plus en d\u00e9tail?<\/span><\/span><\/p>\n<p style=\"margin-bottom: 0px;\"><span style=\"color: #ffffff; font-size: 14pt;\"><span style=\"color: #000000;\">Vous trouverez ici notre brochure actuelle \u00e0\u00a0 <a href=\"https:\/\/bda-connectivity.com\/wp-content\/uploads\/2022\/02\/Produktkatalog-Kabel_FR_web.pdf\" target=\"_blank\" rel=\"noopener\"><strong>t\u00e9l\u00e9charger<\/strong><\/a><\/span><\/span><strong>.<\/strong><\/p>\n<\/div><\/div><\/div><div class=\"fusion-clearfix\"><\/div><\/div><\/div><div class=\"fusion-layout-column fusion_builder_column_inner fusion-builder-nested-column-2 fusion_builder_column_inner_1_6 1_6 fusion-one-sixth\" style=\"--awb-bg-color:#ffffff;--awb-bg-color-hover:#ffffff;--awb-bg-size:cover;width:16.666666666667%;width:calc(16.666666666667% - ( ( 0 + 0 + 0 ) * 0.16666666666667 ) );margin-right: 0px;\"><div class=\"fusion-column-wrapper fusion-column-has-shadow fusion-flex-column-wrapper-legacy\"><div class=\"fusion-column-content-centered\"><div class=\"fusion-column-content\"><div class=\"fusion-image-element fusion-image-align-left in-legacy-container\" style=\"text-align:left;--awb-margin-top:50px;--awb-caption-title-font-family:var(--h2_typography-font-family);--awb-caption-title-font-weight:var(--h2_typography-font-weight);--awb-caption-title-font-style:var(--h2_typography-font-style);--awb-caption-title-size:var(--h2_typography-font-size);--awb-caption-title-transform:var(--h2_typography-text-transform);--awb-caption-title-line-height:var(--h2_typography-line-height);--awb-caption-title-letter-spacing:var(--h2_typography-letter-spacing);\"><span class=\" fusion-imageframe imageframe-none imageframe-2 hover-type-none\" style=\"border:7px solid #ffffff;border-radius:3px;margin-right:25px;float:left;\"><a class=\"fusion-no-lightbox\" href=\"https:\/\/cat-db.bda-c.com\/alterra-catalog\/categories\/view?path=%2F1%2F2%2F16270%2F16301%2F15910&amp;locale=de_DE&amp;layer=de_DE\" target=\"_blank\" aria-label=\"Icon Datenbank\" rel=\"noopener noreferrer\"><img decoding=\"async\" width=\"100\" height=\"100\" alt=\"Icon Datenbank\" src=\"https:\/\/bda-connectivity.com\/wp-content\/uploads\/2021\/05\/Icon-Datenbank-1.jpg\" class=\"img-responsive wp-image-7152\" srcset=\"https:\/\/bda-connectivity.com\/wp-content\/uploads\/2021\/05\/Icon-Datenbank-1-66x66.jpg 66w, https:\/\/bda-connectivity.com\/wp-content\/uploads\/2021\/05\/Icon-Datenbank-1.jpg 100w\" sizes=\"(max-width: 100px) 100vw, 100px\" \/><\/a><\/span><\/div><\/div><\/div><div class=\"fusion-clearfix\"><\/div><\/div><\/div><div class=\"fusion-layout-column fusion_builder_column_inner fusion-builder-nested-column-3 fusion_builder_column_inner_1_3 1_3 fusion-one-third fusion-column-last\" style=\"--awb-padding-top:50px;--awb-bg-size:cover;width:33.333333333333%;width:calc(33.333333333333% - ( ( 0 + 0 + 0 ) * 0.33333333333333 ) );\"><div class=\"fusion-column-wrapper fusion-column-has-shadow fusion-flex-column-wrapper-legacy\"><div class=\"fusion-column-content-centered\"><div class=\"fusion-column-content\"><div class=\"fusion-text fusion-text-4\"><p><span style=\"font-size: 14pt;\">Vous trouverez \u00e9galement les donn\u00e9es actuelles sur les produits dans notre <strong><a href=\"https:\/\/cat-db.bda-c.com\/alterra-catalog\/categories\/view?path=%2F1%2F2%2F16270%2F16301&amp;locale=de_DE&amp;layer=de_DE\" target=\"_blank\" rel=\"noopener noreferrer\">Base de donn\u00e9es des produits<\/a><\/strong>.<\/span><\/p>\n<\/div><\/div><\/div><div class=\"fusion-clearfix\"><\/div><\/div><\/div><\/div><div class=\"fusion-sep-clear\"><\/div><div class=\"fusion-separator fusion-full-width-sep\" style=\"margin-left: auto;margin-right: auto;margin-top:30px;margin-bottom:40px;width:100%;\"><div class=\"fusion-separator-border sep-single\" style=\"--awb-height:20px;--awb-amount:20px;border-color:var(--awb-color4);border-top-width:3px;\"><\/div><\/div><div class=\"fusion-sep-clear\"><\/div>\n<div class=\"fusion-content-boxes content-boxes columns row fusion-columns-3 fusion-columns-total-3 fusion-content-boxes-1 content-boxes-timeline-horizontal content-left content-boxes-icon-on-top content-boxes-timeline-layout fusion-delayed-animation\" style=\"--awb-hover-accent-color:var(--awb-color4);--awb-circle-hover-accent-color:var(--awb-color4);\" data-animation-delay=\"350\" data-animationOffset=\"top-into-view\"><div style=\"--awb-backgroundcolor:rgba(255,255,255,0);\" class=\"fusion-column content-box-column content-box-column content-box-column-1 col-lg-4 col-md-4 col-sm-4 fusion-content-box-hover content-box-column-first-in-row\"><div class=\"col content-box-wrapper content-wrapper link-area-link-icon link-type-text icon-hover-animation-fade fusion-animated\" data-animationType=\"fadeIn\" data-animationDuration=\"0.25\" data-animationOffset=\"top-into-view\"><div class=\"heading heading-with-icon icon-left\"><a class=\"heading-link\" href=\"https:\/\/bda-connectivity.com\/fr\/personnes-de-contact\/distribution\/\" target=\"_self\"><div class=\"icon\" style=\"-webkit-animation-duration: 350ms;animation-duration: 350ms;\"><i style=\"border-color:#333333;border-width:1px;background-color:#333333;box-sizing:content-box;height:42px;width:42px;line-height:42px;border-radius:50%;font-size:21px;\" aria-hidden=\"true\" class=\"fontawesome-icon fa-address-card fas circle-yes\"><\/i><\/div><h2 class=\"content-box-heading fusion-responsive-typography-calculated\" style=\"--h2_typography-font-size:18px;--fontSize:18;line-height:var(--awb-typography2-line-height);\">Service des ventes<\/h2><\/a><\/div><div class=\"fusion-clearfix\"><\/div><div class=\"content-container\">\n<p style=\"padding-left: 40px;\">Tel.: +49 6441 38452 02<\/p>\n<p style=\"padding-left: 40px;\">Email:<a href=\"mailto:info@bda-c.com\">info@bda-c.com<\/a><\/p>\n<\/div><div class=\"content-box-shortcode-timeline\" style=\"border-color:rgba(255,255,255,0);top:21px;-webkit-transition-duration: 350ms;animation-duration: 350ms;\"><\/div><\/div><\/div><div style=\"--awb-backgroundcolor:rgba(255,255,255,0);\" class=\"fusion-column content-box-column content-box-column content-box-column-2 col-lg-4 col-md-4 col-sm-4 fusion-content-box-hover \"><div class=\"col content-box-wrapper content-wrapper link-area-link-icon link-type-text icon-hover-animation-fade fusion-animated\" data-animationType=\"fadeIn\" data-animationDuration=\"0.25\" data-animationOffset=\"top-into-view\"><div class=\"heading heading-with-icon icon-left\"><a class=\"heading-link\" href=\"https:\/\/bda-connectivity.com\/ansprechpartner\/comet\/\" target=\"_self\"><div class=\"icon\" style=\"-webkit-animation-duration: 350ms;animation-duration: 350ms;\"><i style=\"border-color:#333333;border-width:1px;background-color:#333333;box-sizing:content-box;height:42px;width:42px;line-height:42px;border-radius:50%;font-size:21px;\" aria-hidden=\"true\" class=\"fontawesome-icon fa-address-card fas circle-yes\"><\/i><\/div><h2 class=\"content-box-heading fusion-responsive-typography-calculated\" style=\"--h2_typography-font-size:18px;--fontSize:18;line-height:var(--awb-typography2-line-height);\">CoMeT<\/h2><\/a><\/div><div class=\"fusion-clearfix\"><\/div><div class=\"content-container\">\n<p style=\"padding-left: 40px;\">Tel.: +49 6441 38452 05<\/p>\n<p style=\"padding-left: 40px;\">Email: <a href=\"mailto:info@bda-c.com\">info@bda-c.com<\/a><\/p>\n<\/div><div class=\"content-box-shortcode-timeline\" style=\"border-color:rgba(255,255,255,0);top:21px;-webkit-transition-duration: 350ms;animation-duration: 350ms;\"><\/div><\/div><\/div><div style=\"--awb-backgroundcolor:rgba(255,255,255,0);\" class=\"fusion-column content-box-column content-box-column content-box-column-3 col-lg-4 col-md-4 col-sm-4 fusion-content-box-hover content-box-column-last content-box-column-last-in-row\"><div class=\"col content-box-wrapper content-wrapper link-area-link-icon link-type-text icon-hover-animation-fade fusion-animated\" data-animationType=\"fadeIn\" data-animationDuration=\"0.25\" data-animationOffset=\"top-into-view\"><div class=\"heading heading-with-icon icon-left\"><a class=\"heading-link\" href=\"https:\/\/bda-connectivity.com\/fr\/personnes-de-contact\/\" target=\"_self\"><div class=\"icon\" style=\"-webkit-animation-duration: 350ms;animation-duration: 350ms;\"><i style=\"border-color:#333333;border-width:1px;background-color:#333333;box-sizing:content-box;height:42px;width:42px;line-height:42px;border-radius:50%;font-size:21px;\" aria-hidden=\"true\" class=\"fontawesome-icon fa-address-card fas circle-yes\"><\/i><\/div><h2 class=\"content-box-heading fusion-responsive-typography-calculated\" style=\"--h2_typography-font-size:18px;--fontSize:18;line-height:var(--awb-typography2-line-height);\">Centrale<\/h2><\/a><\/div><div class=\"fusion-clearfix\"><\/div><div class=\"content-container\">\n<p style=\"padding-left: 40px;\">Tel.: +49 6441 38452 00<\/p>\n<p style=\"padding-left: 40px;\">Email:<a href=\"mailto:info@bda-c.com\"> info@bda-c.com<\/a><\/p>\n<\/div><div class=\"content-box-shortcode-timeline\" style=\"border-color:rgba(255,255,255,0);top:21px;-webkit-transition-duration: 350ms;animation-duration: 350ms;\"><\/div><\/div><\/div><div class=\"fusion-clearfix\"><\/div><\/div><div class=\"fusion-clearfix\"><\/div><\/div><\/div><\/div><\/div><\/p>\n","protected":false},"excerpt":{"rendered":"","protected":false},"author":3,"featured_media":0,"parent":7295,"menu_order":1,"comment_status":"closed","ping_status":"closed","template":"100-width.php","meta":{"footnotes":""},"class_list":["post-7420","page","type-page","status-publish","hentry"],"yoast_head":"<!-- This site is optimized with the Yoast SEO Premium plugin v24.6 (Yoast SEO v24.6) - https:\/\/yoast.com\/wordpress\/plugins\/seo\/ -->\n<title>C\u00e2bles sp\u00e9ciaux | bda connectivity GmbH<\/title>\n<meta name=\"description\" content=\"Nous sommes les experts des c\u00e2bles sp\u00e9ciaux et nous concevons et produisons les c\u00e2bles selon vos sp\u00e9cifications.\" \/>\n<meta name=\"robots\" content=\"index, follow, max-snippet:-1, max-image-preview:large, max-video-preview:-1\" \/>\n<link rel=\"canonical\" href=\"https:\/\/bda-connectivity.com\/fr\/cables-fabrique-en-allemagne\/cables-speciaux\/\" \/>\n<meta property=\"og:locale\" content=\"fr_FR\" \/>\n<meta property=\"og:type\" content=\"article\" \/>\n<meta property=\"og:title\" content=\"C\u00e2bles sp\u00e9ciaux\" \/>\n<meta property=\"og:description\" content=\"Nous sommes les experts des c\u00e2bles sp\u00e9ciaux et nous concevons et produisons les c\u00e2bles selon vos sp\u00e9cifications.\" \/>\n<meta property=\"og:url\" content=\"https:\/\/bda-connectivity.com\/fr\/cables-fabrique-en-allemagne\/cables-speciaux\/\" \/>\n<meta property=\"og:site_name\" content=\"bda connectivity GmbH\" \/>\n<meta property=\"article:publisher\" content=\"https:\/\/www.facebook.com\/bdaconnectivity\/\" \/>\n<meta property=\"article:modified_time\" content=\"2022-02-16T10:56:47+00:00\" \/>\n<meta name=\"twitter:card\" content=\"summary_large_image\" \/>\n<meta name=\"twitter:site\" content=\"@BdaGmbh\" \/>\n<meta name=\"twitter:label1\" content=\"Dur\u00e9e de lecture estim\u00e9e\" \/>\n\t<meta name=\"twitter:data1\" content=\"15 minutes\" \/>\n<script type=\"application\/ld+json\" class=\"yoast-schema-graph\">{\"@context\":\"https:\/\/schema.org\",\"@graph\":[{\"@type\":\"WebPage\",\"@id\":\"https:\/\/bda-connectivity.com\/fr\/cables-fabrique-en-allemagne\/cables-speciaux\/\",\"url\":\"https:\/\/bda-connectivity.com\/fr\/cables-fabrique-en-allemagne\/cables-speciaux\/\",\"name\":\"C\u00e2bles sp\u00e9ciaux | bda connectivity GmbH\",\"isPartOf\":{\"@id\":\"https:\/\/bda-connectivity.com\/fr\/#website\"},\"datePublished\":\"2019-08-15T08:38:55+00:00\",\"dateModified\":\"2022-02-16T10:56:47+00:00\",\"description\":\"Nous sommes les experts des c\u00e2bles sp\u00e9ciaux et nous concevons et produisons les c\u00e2bles selon vos sp\u00e9cifications.\",\"breadcrumb\":{\"@id\":\"https:\/\/bda-connectivity.com\/fr\/cables-fabrique-en-allemagne\/cables-speciaux\/#breadcrumb\"},\"inLanguage\":\"fr-FR\",\"potentialAction\":[{\"@type\":\"ReadAction\",\"target\":[\"https:\/\/bda-connectivity.com\/fr\/cables-fabrique-en-allemagne\/cables-speciaux\/\"]}]},{\"@type\":\"BreadcrumbList\",\"@id\":\"https:\/\/bda-connectivity.com\/fr\/cables-fabrique-en-allemagne\/cables-speciaux\/#breadcrumb\",\"itemListElement\":[{\"@type\":\"ListItem\",\"position\":1,\"name\":\"Page d'accueil\",\"item\":\"https:\/\/bda-connectivity.com\/fr\/\"},{\"@type\":\"ListItem\",\"position\":2,\"name\":\"C\u00e2bles &#8211; Fabriqu\u00e9 en Allemagne\",\"item\":\"https:\/\/bda-connectivity.com\/fr\/cables-fabrique-en-allemagne\/\"},{\"@type\":\"ListItem\",\"position\":3,\"name\":\"C\u00e2bles sp\u00e9ciaux\"}]},{\"@type\":\"WebSite\",\"@id\":\"https:\/\/bda-connectivity.com\/fr\/#website\",\"url\":\"https:\/\/bda-connectivity.com\/fr\/\",\"name\":\"bda connectivity GmbH\",\"description\":\"Spezialkabel und EMV-Mess-Systeme\",\"publisher\":{\"@id\":\"https:\/\/bda-connectivity.com\/fr\/#organization\"},\"potentialAction\":[{\"@type\":\"SearchAction\",\"target\":{\"@type\":\"EntryPoint\",\"urlTemplate\":\"https:\/\/bda-connectivity.com\/fr\/?s={search_term_string}\"},\"query-input\":{\"@type\":\"PropertyValueSpecification\",\"valueRequired\":true,\"valueName\":\"search_term_string\"}}],\"inLanguage\":\"fr-FR\"},{\"@type\":\"Organization\",\"@id\":\"https:\/\/bda-connectivity.com\/fr\/#organization\",\"name\":\"bda connectivity GmbH\",\"url\":\"https:\/\/bda-connectivity.com\/fr\/\",\"logo\":{\"@type\":\"ImageObject\",\"inLanguage\":\"fr-FR\",\"@id\":\"https:\/\/bda-connectivity.com\/fr\/#\/schema\/logo\/image\/\",\"url\":\"https:\/\/bda-connectivity.com\/wp-content\/uploads\/2019\/08\/Logo_bda_web_normal-retina.png\",\"contentUrl\":\"https:\/\/bda-connectivity.com\/wp-content\/uploads\/2019\/08\/Logo_bda_web_normal-retina.png\",\"width\":700,\"height\":202,\"caption\":\"bda connectivity GmbH\"},\"image\":{\"@id\":\"https:\/\/bda-connectivity.com\/fr\/#\/schema\/logo\/image\/\"},\"sameAs\":[\"https:\/\/www.facebook.com\/bdaconnectivity\/\",\"https:\/\/x.com\/BdaGmbh\",\"https:\/\/www.instagram.com\/bdaconnectivity\/\",\"https:\/\/www.linkedin.com\/company\/bda-connectivity-gmbh\"]}]}<\/script>\n<!-- \/ Yoast SEO Premium plugin. -->","yoast_head_json":{"title":"C\u00e2bles sp\u00e9ciaux | bda connectivity GmbH","description":"Nous sommes les experts des c\u00e2bles sp\u00e9ciaux et nous concevons et produisons les c\u00e2bles selon vos sp\u00e9cifications.","robots":{"index":"index","follow":"follow","max-snippet":"max-snippet:-1","max-image-preview":"max-image-preview:large","max-video-preview":"max-video-preview:-1"},"canonical":"https:\/\/bda-connectivity.com\/fr\/cables-fabrique-en-allemagne\/cables-speciaux\/","og_locale":"fr_FR","og_type":"article","og_title":"C\u00e2bles sp\u00e9ciaux","og_description":"Nous sommes les experts des c\u00e2bles sp\u00e9ciaux et nous concevons et produisons les c\u00e2bles selon vos sp\u00e9cifications.","og_url":"https:\/\/bda-connectivity.com\/fr\/cables-fabrique-en-allemagne\/cables-speciaux\/","og_site_name":"bda connectivity GmbH","article_publisher":"https:\/\/www.facebook.com\/bdaconnectivity\/","article_modified_time":"2022-02-16T10:56:47+00:00","twitter_card":"summary_large_image","twitter_site":"@BdaGmbh","twitter_misc":{"Dur\u00e9e de lecture estim\u00e9e":"15 minutes"},"schema":{"@context":"https:\/\/schema.org","@graph":[{"@type":"WebPage","@id":"https:\/\/bda-connectivity.com\/fr\/cables-fabrique-en-allemagne\/cables-speciaux\/","url":"https:\/\/bda-connectivity.com\/fr\/cables-fabrique-en-allemagne\/cables-speciaux\/","name":"C\u00e2bles sp\u00e9ciaux | bda connectivity GmbH","isPartOf":{"@id":"https:\/\/bda-connectivity.com\/fr\/#website"},"datePublished":"2019-08-15T08:38:55+00:00","dateModified":"2022-02-16T10:56:47+00:00","description":"Nous sommes les experts des c\u00e2bles sp\u00e9ciaux et nous concevons et produisons les c\u00e2bles selon vos sp\u00e9cifications.","breadcrumb":{"@id":"https:\/\/bda-connectivity.com\/fr\/cables-fabrique-en-allemagne\/cables-speciaux\/#breadcrumb"},"inLanguage":"fr-FR","potentialAction":[{"@type":"ReadAction","target":["https:\/\/bda-connectivity.com\/fr\/cables-fabrique-en-allemagne\/cables-speciaux\/"]}]},{"@type":"BreadcrumbList","@id":"https:\/\/bda-connectivity.com\/fr\/cables-fabrique-en-allemagne\/cables-speciaux\/#breadcrumb","itemListElement":[{"@type":"ListItem","position":1,"name":"Page d'accueil","item":"https:\/\/bda-connectivity.com\/fr\/"},{"@type":"ListItem","position":2,"name":"C\u00e2bles &#8211; Fabriqu\u00e9 en Allemagne","item":"https:\/\/bda-connectivity.com\/fr\/cables-fabrique-en-allemagne\/"},{"@type":"ListItem","position":3,"name":"C\u00e2bles sp\u00e9ciaux"}]},{"@type":"WebSite","@id":"https:\/\/bda-connectivity.com\/fr\/#website","url":"https:\/\/bda-connectivity.com\/fr\/","name":"bda connectivity GmbH","description":"Spezialkabel und EMV-Mess-Systeme","publisher":{"@id":"https:\/\/bda-connectivity.com\/fr\/#organization"},"potentialAction":[{"@type":"SearchAction","target":{"@type":"EntryPoint","urlTemplate":"https:\/\/bda-connectivity.com\/fr\/?s={search_term_string}"},"query-input":{"@type":"PropertyValueSpecification","valueRequired":true,"valueName":"search_term_string"}}],"inLanguage":"fr-FR"},{"@type":"Organization","@id":"https:\/\/bda-connectivity.com\/fr\/#organization","name":"bda connectivity GmbH","url":"https:\/\/bda-connectivity.com\/fr\/","logo":{"@type":"ImageObject","inLanguage":"fr-FR","@id":"https:\/\/bda-connectivity.com\/fr\/#\/schema\/logo\/image\/","url":"https:\/\/bda-connectivity.com\/wp-content\/uploads\/2019\/08\/Logo_bda_web_normal-retina.png","contentUrl":"https:\/\/bda-connectivity.com\/wp-content\/uploads\/2019\/08\/Logo_bda_web_normal-retina.png","width":700,"height":202,"caption":"bda connectivity GmbH"},"image":{"@id":"https:\/\/bda-connectivity.com\/fr\/#\/schema\/logo\/image\/"},"sameAs":["https:\/\/www.facebook.com\/bdaconnectivity\/","https:\/\/x.com\/BdaGmbh","https:\/\/www.instagram.com\/bdaconnectivity\/","https:\/\/www.linkedin.com\/company\/bda-connectivity-gmbh"]}]}},"_links":{"self":[{"href":"https:\/\/bda-connectivity.com\/fr\/wp-json\/wp\/v2\/pages\/7420"}],"collection":[{"href":"https:\/\/bda-connectivity.com\/fr\/wp-json\/wp\/v2\/pages"}],"about":[{"href":"https:\/\/bda-connectivity.com\/fr\/wp-json\/wp\/v2\/types\/page"}],"author":[{"embeddable":true,"href":"https:\/\/bda-connectivity.com\/fr\/wp-json\/wp\/v2\/users\/3"}],"replies":[{"embeddable":true,"href":"https:\/\/bda-connectivity.com\/fr\/wp-json\/wp\/v2\/comments?post=7420"}],"version-history":[{"count":0,"href":"https:\/\/bda-connectivity.com\/fr\/wp-json\/wp\/v2\/pages\/7420\/revisions"}],"up":[{"embeddable":true,"href":"https:\/\/bda-connectivity.com\/fr\/wp-json\/wp\/v2\/pages\/7295"}],"wp:attachment":[{"href":"https:\/\/bda-connectivity.com\/fr\/wp-json\/wp\/v2\/media?parent=7420"}],"curies":[{"name":"wp","href":"https:\/\/api.w.org\/{rel}","templated":true}]}}