{"id":7703,"date":"2019-08-14T13:50:01","date_gmt":"2019-08-14T11:50:01","guid":{"rendered":"https:\/\/bda-connectivity.com\/cables-fabrique-en-allemagne\/transmission-numerique-des-donnees\/"},"modified":"2022-02-17T11:24:14","modified_gmt":"2022-02-17T10:24:14","slug":"transmission-numerique-des-donnees","status":"publish","type":"page","link":"https:\/\/bda-connectivity.com\/fr\/cables-fabrique-en-allemagne\/transmission-numerique-des-donnees\/","title":{"rendered":"Transmission num\u00e9rique des donn\u00e9es"},"content":{"rendered":"<p><div class=\"fusion-fullwidth fullwidth-box fusion-builder-row-1 fusion-parallax-none top_bild_bereich_seiten nonhundred-percent-fullwidth non-hundred-percent-height-scrolling\" style=\"--awb-border-radius-top-left:0px;--awb-border-radius-top-right:0px;--awb-border-radius-bottom-right:0px;--awb-border-radius-bottom-left:0px;--awb-background-image:url(&quot;https:\/\/bda-connectivity.com\/wp-content\/uploads\/2019\/08\/bda_header_comet_v2.jpg&quot;);--awb-background-size:cover;--awb-flex-wrap:wrap;\" ><div class=\"fusion-builder-row fusion-row\"><div class=\"fusion-layout-column fusion_builder_column fusion-builder-column-0 fusion_builder_column_1_1 1_1 fusion-one-full fusion-column-first fusion-column-last\" style=\"--awb-bg-size:cover;\"><div class=\"fusion-column-wrapper fusion-column-has-shadow fusion-flex-column-wrapper-legacy\"><div class=\"fusion-clearfix\"><\/div><\/div><\/div><\/div><\/div><div class=\"fusion-fullwidth fullwidth-box fusion-builder-row-2 nonhundred-percent-fullwidth non-hundred-percent-height-scrolling\" style=\"--awb-border-radius-top-left:0px;--awb-border-radius-top-right:0px;--awb-border-radius-bottom-right:0px;--awb-border-radius-bottom-left:0px;--awb-flex-wrap:wrap;\" ><div class=\"fusion-builder-row fusion-row\"><div class=\"fusion-layout-column fusion_builder_column fusion-builder-column-1 fusion_builder_column_1_1 1_1 fusion-one-full fusion-column-first fusion-column-last\" style=\"--awb-bg-size:cover;\"><div class=\"fusion-column-wrapper fusion-column-has-shadow fusion-flex-column-wrapper-legacy\"><div class=\"fusion-title title fusion-title-1 fusion-sep-none fusion-title-text fusion-title-size-one\"><h1 class=\"fusion-title-heading title-heading-left fusion-responsive-typography-calculated\" style=\"margin:0;--fontSize:38;line-height:var(--awb-typography1-line-height);\"><h1>Transmission num\u00e9rique des donn\u00e9es<\/h1><\/h1><\/div><div class=\"fusion-sep-clear\"><\/div><div class=\"fusion-separator fusion-clearfix\" style=\"float:left;margin-bottom:30px;width:100%;max-width:150px;\"><div class=\"fusion-separator-border sep-single\" style=\"--awb-height:20px;--awb-amount:20px;border-color:var(--awb-color4);border-top-width:3px;\"><\/div><\/div><div class=\"fusion-sep-clear\"><\/div><div class=\"fusion-clearfix\"><\/div><\/div><\/div><div class=\"fusion-layout-column fusion_builder_column fusion-builder-column-2 fusion_builder_column_1_1 1_1 fusion-one-full fusion-column-first fusion-column-last\" style=\"--awb-bg-size:cover;\"><div class=\"fusion-column-wrapper fusion-column-has-shadow fusion-flex-column-wrapper-legacy\"><div class=\"fusion-text fusion-text-1\"><p>La transmission de donn\u00e9es num\u00e9riques fait partie de notre quotidien professionnel et priv\u00e9.<\/p>\n<p>Des vitesses de transmission de plus en plus \u00e9lev\u00e9es ou des quantit\u00e9s de donn\u00e9es de plus en plus importantes transmises entre les terminaux n\u00e9cessitent des c\u00e2bles de haute qualit\u00e9 et \u00e0 faible niveau d&rsquo;interf\u00e9rence.<\/p>\n<p>Dans le domaine industriel, cela vaut par exemple pour les grandes quantit\u00e9s de donn\u00e9es issues du monitoring en temps r\u00e9el dans l&rsquo;automatisation de la fabrication et des processus. Celles-ci doivent \u00eatre transmises de mani\u00e8re s\u00fbre et sans interf\u00e9rences \u00e9lectromagn\u00e9tiques. Pour cela, il faut des c\u00e2bles de transmission de donn\u00e9es con\u00e7us en cons\u00e9quence.<\/p>\n<p>Pour une communication rapide et efficace des PC, ceux-ci sont mis en r\u00e9seau \u00e9lectriquement avec des c\u00e2bles de donn\u00e9es et des lignes de bus ou optiquement avec des c\u00e2bles \u00e0 fibres optiques. Nous avons le c\u00e2ble qui convient \u00e0 vos exigences &#8211; contactez-nous par <a href=\"https:\/\/bda-connectivity.com\/fr\/personnes-de-contact\/\">t\u00e9l\u00e9phone<\/a> ou envoyez-nous un <a href=\"mailto:info@bda-c.com\">email<\/a>.<\/p>\n<\/div><div class=\"fusion-clearfix\"><\/div><\/div><\/div><\/div><\/div><div class=\"fusion-fullwidth fullwidth-box fusion-builder-row-3 nonhundred-percent-fullwidth non-hundred-percent-height-scrolling\" style=\"--awb-border-radius-top-left:0px;--awb-border-radius-top-right:0px;--awb-border-radius-bottom-right:0px;--awb-border-radius-bottom-left:0px;--awb-padding-top:50px;--awb-flex-wrap:wrap;\" ><div class=\"fusion-builder-row fusion-row\"><div class=\"fusion-layout-column fusion_builder_column fusion-builder-column-3 fusion_builder_column_1_1 1_1 fusion-one-full fusion-column-first fusion-column-last\" style=\"--awb-bg-size:cover;\"><div class=\"fusion-column-wrapper fusion-column-has-shadow fusion-flex-column-wrapper-legacy\"><div class=\"fusion-builder-row fusion-builder-row-inner fusion-row\"><div class=\"fusion-layout-column fusion_builder_column_inner fusion-builder-nested-column-0 fusion_builder_column_inner_1_6 1_6 fusion-one-sixth fusion-column-first\" style=\"--awb-bg-color:#ffffff;--awb-bg-color-hover:#ffffff;--awb-bg-size:cover;width:16.666666666667%;width:calc(16.666666666667% - ( ( 0 + 0 + 0 ) * 0.16666666666667 ) );margin-right: 0px;\"><div class=\"fusion-column-wrapper fusion-column-has-shadow fusion-flex-column-wrapper-legacy\"><div class=\"fusion-column-content-centered\"><div class=\"fusion-column-content\"><div class=\"fusion-image-element fusion-image-align-left in-legacy-container\" style=\"text-align:left;--awb-margin-top:50px;--awb-caption-title-font-family:var(--h2_typography-font-family);--awb-caption-title-font-weight:var(--h2_typography-font-weight);--awb-caption-title-font-style:var(--h2_typography-font-style);--awb-caption-title-size:var(--h2_typography-font-size);--awb-caption-title-transform:var(--h2_typography-text-transform);--awb-caption-title-line-height:var(--h2_typography-line-height);--awb-caption-title-letter-spacing:var(--h2_typography-letter-spacing);\"><span class=\" fusion-imageframe imageframe-none imageframe-1 hover-type-none\" style=\"border:7px solid #ffffff;border-radius:3px;margin-right:25px;float:left;\"><a class=\"fusion-no-lightbox\" href=\"https:\/\/bda-connectivity.com\/wp-content\/uploads\/2022\/02\/Produktkatalog-Kabel_FR_web.pdf\" target=\"_blank\" aria-label=\"Icon Brosch\u00fcre\" rel=\"noopener noreferrer\"><img decoding=\"async\" width=\"100\" height=\"100\" alt=\"Icon Brosch\u00fcre\" src=\"https:\/\/bda-connectivity.com\/wp-content\/uploads\/2021\/05\/Icon-Broschuere.jpg\" class=\"img-responsive wp-image-7151\" srcset=\"https:\/\/bda-connectivity.com\/wp-content\/uploads\/2021\/05\/Icon-Broschuere-66x66.jpg 66w, https:\/\/bda-connectivity.com\/wp-content\/uploads\/2021\/05\/Icon-Broschuere.jpg 100w\" sizes=\"(max-width: 100px) 100vw, 100px\" \/><\/a><\/span><\/div><\/div><\/div><div class=\"fusion-clearfix\"><\/div><\/div><\/div><div class=\"fusion-layout-column fusion_builder_column_inner fusion-builder-nested-column-1 fusion_builder_column_inner_1_3 1_3 fusion-one-third\" style=\"--awb-padding-top:50px;--awb-bg-size:cover;width:33.333333333333%;width:calc(33.333333333333% - ( ( 0 + 0 + 0 ) * 0.33333333333333 ) );margin-right: 0px;\"><div class=\"fusion-column-wrapper fusion-column-has-shadow fusion-flex-column-wrapper-legacy\"><div class=\"fusion-column-content-centered\"><div class=\"fusion-column-content\"><div class=\"fusion-text fusion-text-2\" style=\"--awb-text-transform:none;\"><p style=\"margin-bottom: 0px;\"><span style=\"color: #ffffff; font-size: 14pt;\"><span style=\"color: #000000;\">Vous voulez en savoir plus?<\/span><\/span><\/p>\n<p style=\"margin-bottom: 0px;\"><span style=\"color: #ffffff; font-size: 14pt;\"><span style=\"color: #000000;\">Vous trouverez ici notre brochure actuelle \u00e0 <a href=\"https:\/\/bda-connectivity.com\/wp-content\/uploads\/2022\/02\/Produktkatalog-Kabel_FR_web.pdf\" target=\"_blank\" rel=\"noopener\"><strong>t\u00e9l\u00e9charger<\/strong><\/a><\/span><\/span><\/p>\n<\/div><\/div><\/div><div class=\"fusion-clearfix\"><\/div><\/div><\/div><div class=\"fusion-layout-column fusion_builder_column_inner fusion-builder-nested-column-2 fusion_builder_column_inner_1_6 1_6 fusion-one-sixth\" style=\"--awb-bg-color:#ffffff;--awb-bg-color-hover:#ffffff;--awb-bg-size:cover;width:16.666666666667%;width:calc(16.666666666667% - ( ( 0 + 0 + 0 ) * 0.16666666666667 ) );margin-right: 0px;\"><div class=\"fusion-column-wrapper fusion-column-has-shadow fusion-flex-column-wrapper-legacy\"><div class=\"fusion-column-content-centered\"><div class=\"fusion-column-content\"><div class=\"fusion-image-element fusion-image-align-left in-legacy-container\" style=\"text-align:left;--awb-margin-top:50px;--awb-margin-left:20px;--awb-caption-title-font-family:var(--h2_typography-font-family);--awb-caption-title-font-weight:var(--h2_typography-font-weight);--awb-caption-title-font-style:var(--h2_typography-font-style);--awb-caption-title-size:var(--h2_typography-font-size);--awb-caption-title-transform:var(--h2_typography-text-transform);--awb-caption-title-line-height:var(--h2_typography-line-height);--awb-caption-title-letter-spacing:var(--h2_typography-letter-spacing);\"><span class=\" fusion-imageframe imageframe-none imageframe-2 hover-type-none\" style=\"border:7px solid #ffffff;border-radius:3px;margin-right:25px;float:left;\"><a class=\"fusion-no-lightbox\" href=\"https:\/\/cat-db.bda-c.com\/alterra-catalog\/categories\/view?path=%2F1%2F2%2F16270%2F16301%2F15869&amp;amp%3Blocale=en_UK&amp;amp%3Blayer=en_EN\" target=\"_blank\" aria-label=\"Icon Datenbank\" rel=\"noopener noreferrer\"><img decoding=\"async\" width=\"100\" height=\"100\" alt=\"Icon Datenbank\" src=\"https:\/\/bda-connectivity.com\/wp-content\/uploads\/2021\/05\/Icon-Datenbank-1.jpg\" class=\"img-responsive wp-image-7152\" srcset=\"https:\/\/bda-connectivity.com\/wp-content\/uploads\/2021\/05\/Icon-Datenbank-1-66x66.jpg 66w, https:\/\/bda-connectivity.com\/wp-content\/uploads\/2021\/05\/Icon-Datenbank-1.jpg 100w\" sizes=\"(max-width: 100px) 100vw, 100px\" \/><\/a><\/span><\/div><\/div><\/div><div class=\"fusion-clearfix\"><\/div><\/div><\/div><div class=\"fusion-layout-column fusion_builder_column_inner fusion-builder-nested-column-3 fusion_builder_column_inner_1_3 1_3 fusion-one-third fusion-column-last\" style=\"--awb-padding-top:50px;--awb-bg-size:cover;width:33.333333333333%;width:calc(33.333333333333% - ( ( 0 + 0 + 0 ) * 0.33333333333333 ) );\"><div class=\"fusion-column-wrapper fusion-column-has-shadow fusion-flex-column-wrapper-legacy\"><div class=\"fusion-column-content-centered\"><div class=\"fusion-column-content\"><div class=\"fusion-text fusion-text-3\"><p><span style=\"font-size: 14pt;\"> Vous trouverez \u00e9galement les donn\u00e9es actuelles sur les produits dans notre <strong><a href=\"https:\/\/cat-db.bda-c.com\/alterra-catalog\/categories\/view?path=%2F1%2F2%2F16270%2F16301%2F15869&#038;amp%3Blocale=en_UK&#038;amp%3Blayer=en_EN\" target=\"_blank\" rel=\"noopener noreferrer\"> base de donn\u00e9es produits<\/a><\/strong>.<\/span><\/p>\n<\/div><\/div><\/div><div class=\"fusion-clearfix\"><\/div><\/div><\/div><\/div><div class=\"fusion-content-boxes content-boxes columns row fusion-columns-3 fusion-columns-total-3 fusion-content-boxes-1 content-boxes-timeline-horizontal content-left content-boxes-icon-on-top content-boxes-timeline-layout fusion-delayed-animation\" style=\"--awb-margin-top:60px;--awb-hover-accent-color:var(--awb-color4);--awb-circle-hover-accent-color:var(--awb-color4);\" data-animation-delay=\"350\" data-animationOffset=\"top-into-view\"><div style=\"--awb-backgroundcolor:rgba(255,255,255,0);\" class=\"fusion-column content-box-column content-box-column content-box-column-1 col-lg-4 col-md-4 col-sm-4 fusion-content-box-hover content-box-column-first-in-row\"><div class=\"col content-box-wrapper content-wrapper link-area-link-icon link-type-text icon-hover-animation-fade fusion-animated\" data-animationType=\"fadeIn\" data-animationDuration=\"0.25\" data-animationOffset=\"top-into-view\"><div class=\"heading heading-with-icon icon-left\"><a class=\"heading-link\" href=\"https:\/\/bda-connectivity.com\/fr\/personnes-de-contact\/distribution\/\" target=\"_self\"><div class=\"icon\" style=\"-webkit-animation-duration: 350ms;animation-duration: 350ms;\"><i style=\"border-color:#333333;border-width:1px;background-color:#333333;box-sizing:content-box;height:42px;width:42px;line-height:42px;border-radius:50%;font-size:21px;\" aria-hidden=\"true\" class=\"fontawesome-icon fa-address-card fas circle-yes\"><\/i><\/div><h2 class=\"content-box-heading fusion-responsive-typography-calculated\" style=\"--h2_typography-font-size:18px;--fontSize:18;line-height:var(--awb-typography2-line-height);\">Service des ventes<\/h2><\/a><\/div><div class=\"fusion-clearfix\"><\/div><div class=\"content-container\">\n<p style=\"padding-left: 40px;\">Tel.: +49 6441 38452 02<\/p>\n<p style=\"padding-left: 40px;\">Email:info@bda-c.com<\/p>\n<\/div><div class=\"content-box-shortcode-timeline\" style=\"border-color:rgba(255,255,255,0);top:21px;-webkit-transition-duration: 350ms;animation-duration: 350ms;\"><\/div><\/div><\/div><div style=\"--awb-backgroundcolor:rgba(255,255,255,0);\" class=\"fusion-column content-box-column content-box-column content-box-column-2 col-lg-4 col-md-4 col-sm-4 fusion-content-box-hover \"><div class=\"col content-box-wrapper content-wrapper link-area-link-icon link-type-text icon-hover-animation-fade fusion-animated\" data-animationType=\"fadeIn\" data-animationDuration=\"0.25\" data-animationOffset=\"top-into-view\"><div class=\"heading heading-with-icon icon-left\"><a class=\"heading-link\" href=\"https:\/\/bda-connectivity.com\/ansprechpartner\/comet\/\" target=\"_self\"><div class=\"icon\" style=\"-webkit-animation-duration: 350ms;animation-duration: 350ms;\"><i style=\"border-color:#333333;border-width:1px;background-color:#333333;box-sizing:content-box;height:42px;width:42px;line-height:42px;border-radius:50%;font-size:21px;\" aria-hidden=\"true\" class=\"fontawesome-icon fa-address-card fas circle-yes\"><\/i><\/div><h2 class=\"content-box-heading fusion-responsive-typography-calculated\" style=\"--h2_typography-font-size:18px;--fontSize:18;line-height:var(--awb-typography2-line-height);\">CoMeT<\/h2><\/a><\/div><div class=\"fusion-clearfix\"><\/div><div class=\"content-container\">\n<p style=\"padding-left: 40px;\">Tel.: +49 6441 38452 05<\/p>\n<p style=\"padding-left: 40px;\">Email: info@bda-c.com<\/p>\n<\/div><div class=\"content-box-shortcode-timeline\" style=\"border-color:rgba(255,255,255,0);top:21px;-webkit-transition-duration: 350ms;animation-duration: 350ms;\"><\/div><\/div><\/div><div style=\"--awb-backgroundcolor:rgba(255,255,255,0);\" class=\"fusion-column content-box-column content-box-column content-box-column-3 col-lg-4 col-md-4 col-sm-4 fusion-content-box-hover content-box-column-last content-box-column-last-in-row\"><div class=\"col content-box-wrapper content-wrapper link-area-link-icon link-type-text icon-hover-animation-fade fusion-animated\" data-animationType=\"fadeIn\" data-animationDuration=\"0.25\" data-animationOffset=\"top-into-view\"><div class=\"heading heading-with-icon icon-left\"><a class=\"heading-link\" href=\"https:\/\/bda-connectivity.com\/fr\/personnes-de-contact\/\" target=\"_self\"><div class=\"icon\" style=\"-webkit-animation-duration: 350ms;animation-duration: 350ms;\"><i style=\"border-color:#333333;border-width:1px;background-color:#333333;box-sizing:content-box;height:42px;width:42px;line-height:42px;border-radius:50%;font-size:21px;\" aria-hidden=\"true\" class=\"fontawesome-icon fa-address-card fas circle-yes\"><\/i><\/div><h2 class=\"content-box-heading fusion-responsive-typography-calculated\" style=\"--h2_typography-font-size:18px;--fontSize:18;line-height:var(--awb-typography2-line-height);\">Centrale<\/h2><\/a><\/div><div class=\"fusion-clearfix\"><\/div><div class=\"content-container\">\n<p style=\"padding-left: 40px;\">Tel.: +49 6441 38452 00<\/p>\n<p style=\"padding-left: 40px;\">Email: info@bda-c.com<\/p>\n<\/div><div class=\"content-box-shortcode-timeline\" style=\"border-color:rgba(255,255,255,0);top:21px;-webkit-transition-duration: 350ms;animation-duration: 350ms;\"><\/div><\/div><\/div><div class=\"fusion-clearfix\"><\/div><\/div><div class=\"fusion-clearfix\"><\/div><\/div><\/div><\/div><\/div><\/p>\n","protected":false},"excerpt":{"rendered":"","protected":false},"author":3,"featured_media":0,"parent":7295,"menu_order":6,"comment_status":"closed","ping_status":"closed","template":"100-width.php","meta":{"footnotes":""},"class_list":["post-7703","page","type-page","status-publish","hentry"],"yoast_head":"<!-- This site is optimized with the Yoast SEO Premium plugin v24.6 (Yoast SEO v24.6) - https:\/\/yoast.com\/wordpress\/plugins\/seo\/ -->\n<title>Transmission num\u00e9rique des donn\u00e9es<\/title>\n<meta name=\"description\" content=\"bda connectivity propose une grande vari\u00e9t\u00e9 de c\u00e2bles pour la transmission de donn\u00e9es num\u00e9riques.\" \/>\n<meta name=\"robots\" content=\"index, follow, max-snippet:-1, max-image-preview:large, max-video-preview:-1\" \/>\n<link rel=\"canonical\" href=\"https:\/\/bda-connectivity.com\/fr\/cables-fabrique-en-allemagne\/transmission-numerique-des-donnees\/\" \/>\n<meta property=\"og:locale\" content=\"fr_FR\" \/>\n<meta property=\"og:type\" content=\"article\" \/>\n<meta property=\"og:title\" content=\"Transmission num\u00e9rique des donn\u00e9es\" \/>\n<meta property=\"og:description\" content=\"bda connectivity propose une grande vari\u00e9t\u00e9 de c\u00e2bles pour la transmission de donn\u00e9es num\u00e9riques.\" \/>\n<meta property=\"og:url\" content=\"https:\/\/bda-connectivity.com\/fr\/cables-fabrique-en-allemagne\/transmission-numerique-des-donnees\/\" \/>\n<meta property=\"og:site_name\" content=\"bda connectivity GmbH\" \/>\n<meta property=\"article:publisher\" content=\"https:\/\/www.facebook.com\/bdaconnectivity\/\" \/>\n<meta property=\"article:modified_time\" content=\"2022-02-17T10:24:14+00:00\" \/>\n<meta name=\"twitter:card\" content=\"summary_large_image\" \/>\n<meta name=\"twitter:site\" content=\"@BdaGmbh\" \/>\n<meta name=\"twitter:label1\" content=\"Dur\u00e9e de lecture estim\u00e9e\" \/>\n\t<meta name=\"twitter:data1\" content=\"14 minutes\" \/>\n<script type=\"application\/ld+json\" class=\"yoast-schema-graph\">{\"@context\":\"https:\/\/schema.org\",\"@graph\":[{\"@type\":\"WebPage\",\"@id\":\"https:\/\/bda-connectivity.com\/fr\/cables-fabrique-en-allemagne\/transmission-numerique-des-donnees\/\",\"url\":\"https:\/\/bda-connectivity.com\/fr\/cables-fabrique-en-allemagne\/transmission-numerique-des-donnees\/\",\"name\":\"Transmission num\u00e9rique des donn\u00e9es\",\"isPartOf\":{\"@id\":\"https:\/\/bda-connectivity.com\/fr\/#website\"},\"datePublished\":\"2019-08-14T11:50:01+00:00\",\"dateModified\":\"2022-02-17T10:24:14+00:00\",\"description\":\"bda connectivity propose une grande vari\u00e9t\u00e9 de c\u00e2bles pour la transmission de donn\u00e9es num\u00e9riques.\",\"breadcrumb\":{\"@id\":\"https:\/\/bda-connectivity.com\/fr\/cables-fabrique-en-allemagne\/transmission-numerique-des-donnees\/#breadcrumb\"},\"inLanguage\":\"fr-FR\",\"potentialAction\":[{\"@type\":\"ReadAction\",\"target\":[\"https:\/\/bda-connectivity.com\/fr\/cables-fabrique-en-allemagne\/transmission-numerique-des-donnees\/\"]}]},{\"@type\":\"BreadcrumbList\",\"@id\":\"https:\/\/bda-connectivity.com\/fr\/cables-fabrique-en-allemagne\/transmission-numerique-des-donnees\/#breadcrumb\",\"itemListElement\":[{\"@type\":\"ListItem\",\"position\":1,\"name\":\"Page d'accueil\",\"item\":\"https:\/\/bda-connectivity.com\/fr\/\"},{\"@type\":\"ListItem\",\"position\":2,\"name\":\"C\u00e2bles &#8211; Fabriqu\u00e9 en Allemagne\",\"item\":\"https:\/\/bda-connectivity.com\/fr\/cables-fabrique-en-allemagne\/\"},{\"@type\":\"ListItem\",\"position\":3,\"name\":\"Transmission num\u00e9rique des donn\u00e9es\"}]},{\"@type\":\"WebSite\",\"@id\":\"https:\/\/bda-connectivity.com\/fr\/#website\",\"url\":\"https:\/\/bda-connectivity.com\/fr\/\",\"name\":\"bda connectivity GmbH\",\"description\":\"Spezialkabel und EMV-Mess-Systeme\",\"publisher\":{\"@id\":\"https:\/\/bda-connectivity.com\/fr\/#organization\"},\"potentialAction\":[{\"@type\":\"SearchAction\",\"target\":{\"@type\":\"EntryPoint\",\"urlTemplate\":\"https:\/\/bda-connectivity.com\/fr\/?s={search_term_string}\"},\"query-input\":{\"@type\":\"PropertyValueSpecification\",\"valueRequired\":true,\"valueName\":\"search_term_string\"}}],\"inLanguage\":\"fr-FR\"},{\"@type\":\"Organization\",\"@id\":\"https:\/\/bda-connectivity.com\/fr\/#organization\",\"name\":\"bda connectivity GmbH\",\"url\":\"https:\/\/bda-connectivity.com\/fr\/\",\"logo\":{\"@type\":\"ImageObject\",\"inLanguage\":\"fr-FR\",\"@id\":\"https:\/\/bda-connectivity.com\/fr\/#\/schema\/logo\/image\/\",\"url\":\"https:\/\/bda-connectivity.com\/wp-content\/uploads\/2019\/08\/Logo_bda_web_normal-retina.png\",\"contentUrl\":\"https:\/\/bda-connectivity.com\/wp-content\/uploads\/2019\/08\/Logo_bda_web_normal-retina.png\",\"width\":700,\"height\":202,\"caption\":\"bda connectivity GmbH\"},\"image\":{\"@id\":\"https:\/\/bda-connectivity.com\/fr\/#\/schema\/logo\/image\/\"},\"sameAs\":[\"https:\/\/www.facebook.com\/bdaconnectivity\/\",\"https:\/\/x.com\/BdaGmbh\",\"https:\/\/www.instagram.com\/bdaconnectivity\/\",\"https:\/\/www.linkedin.com\/company\/bda-connectivity-gmbh\"]}]}<\/script>\n<!-- \/ Yoast SEO Premium plugin. -->","yoast_head_json":{"title":"Transmission num\u00e9rique des donn\u00e9es","description":"bda connectivity propose une grande vari\u00e9t\u00e9 de c\u00e2bles pour la transmission de donn\u00e9es num\u00e9riques.","robots":{"index":"index","follow":"follow","max-snippet":"max-snippet:-1","max-image-preview":"max-image-preview:large","max-video-preview":"max-video-preview:-1"},"canonical":"https:\/\/bda-connectivity.com\/fr\/cables-fabrique-en-allemagne\/transmission-numerique-des-donnees\/","og_locale":"fr_FR","og_type":"article","og_title":"Transmission num\u00e9rique des donn\u00e9es","og_description":"bda connectivity propose une grande vari\u00e9t\u00e9 de c\u00e2bles pour la transmission de donn\u00e9es num\u00e9riques.","og_url":"https:\/\/bda-connectivity.com\/fr\/cables-fabrique-en-allemagne\/transmission-numerique-des-donnees\/","og_site_name":"bda connectivity GmbH","article_publisher":"https:\/\/www.facebook.com\/bdaconnectivity\/","article_modified_time":"2022-02-17T10:24:14+00:00","twitter_card":"summary_large_image","twitter_site":"@BdaGmbh","twitter_misc":{"Dur\u00e9e de lecture estim\u00e9e":"14 minutes"},"schema":{"@context":"https:\/\/schema.org","@graph":[{"@type":"WebPage","@id":"https:\/\/bda-connectivity.com\/fr\/cables-fabrique-en-allemagne\/transmission-numerique-des-donnees\/","url":"https:\/\/bda-connectivity.com\/fr\/cables-fabrique-en-allemagne\/transmission-numerique-des-donnees\/","name":"Transmission num\u00e9rique des donn\u00e9es","isPartOf":{"@id":"https:\/\/bda-connectivity.com\/fr\/#website"},"datePublished":"2019-08-14T11:50:01+00:00","dateModified":"2022-02-17T10:24:14+00:00","description":"bda connectivity propose une grande vari\u00e9t\u00e9 de c\u00e2bles pour la transmission de donn\u00e9es num\u00e9riques.","breadcrumb":{"@id":"https:\/\/bda-connectivity.com\/fr\/cables-fabrique-en-allemagne\/transmission-numerique-des-donnees\/#breadcrumb"},"inLanguage":"fr-FR","potentialAction":[{"@type":"ReadAction","target":["https:\/\/bda-connectivity.com\/fr\/cables-fabrique-en-allemagne\/transmission-numerique-des-donnees\/"]}]},{"@type":"BreadcrumbList","@id":"https:\/\/bda-connectivity.com\/fr\/cables-fabrique-en-allemagne\/transmission-numerique-des-donnees\/#breadcrumb","itemListElement":[{"@type":"ListItem","position":1,"name":"Page d'accueil","item":"https:\/\/bda-connectivity.com\/fr\/"},{"@type":"ListItem","position":2,"name":"C\u00e2bles &#8211; Fabriqu\u00e9 en Allemagne","item":"https:\/\/bda-connectivity.com\/fr\/cables-fabrique-en-allemagne\/"},{"@type":"ListItem","position":3,"name":"Transmission num\u00e9rique des donn\u00e9es"}]},{"@type":"WebSite","@id":"https:\/\/bda-connectivity.com\/fr\/#website","url":"https:\/\/bda-connectivity.com\/fr\/","name":"bda connectivity GmbH","description":"Spezialkabel und EMV-Mess-Systeme","publisher":{"@id":"https:\/\/bda-connectivity.com\/fr\/#organization"},"potentialAction":[{"@type":"SearchAction","target":{"@type":"EntryPoint","urlTemplate":"https:\/\/bda-connectivity.com\/fr\/?s={search_term_string}"},"query-input":{"@type":"PropertyValueSpecification","valueRequired":true,"valueName":"search_term_string"}}],"inLanguage":"fr-FR"},{"@type":"Organization","@id":"https:\/\/bda-connectivity.com\/fr\/#organization","name":"bda connectivity GmbH","url":"https:\/\/bda-connectivity.com\/fr\/","logo":{"@type":"ImageObject","inLanguage":"fr-FR","@id":"https:\/\/bda-connectivity.com\/fr\/#\/schema\/logo\/image\/","url":"https:\/\/bda-connectivity.com\/wp-content\/uploads\/2019\/08\/Logo_bda_web_normal-retina.png","contentUrl":"https:\/\/bda-connectivity.com\/wp-content\/uploads\/2019\/08\/Logo_bda_web_normal-retina.png","width":700,"height":202,"caption":"bda connectivity GmbH"},"image":{"@id":"https:\/\/bda-connectivity.com\/fr\/#\/schema\/logo\/image\/"},"sameAs":["https:\/\/www.facebook.com\/bdaconnectivity\/","https:\/\/x.com\/BdaGmbh","https:\/\/www.instagram.com\/bdaconnectivity\/","https:\/\/www.linkedin.com\/company\/bda-connectivity-gmbh"]}]}},"_links":{"self":[{"href":"https:\/\/bda-connectivity.com\/fr\/wp-json\/wp\/v2\/pages\/7703"}],"collection":[{"href":"https:\/\/bda-connectivity.com\/fr\/wp-json\/wp\/v2\/pages"}],"about":[{"href":"https:\/\/bda-connectivity.com\/fr\/wp-json\/wp\/v2\/types\/page"}],"author":[{"embeddable":true,"href":"https:\/\/bda-connectivity.com\/fr\/wp-json\/wp\/v2\/users\/3"}],"replies":[{"embeddable":true,"href":"https:\/\/bda-connectivity.com\/fr\/wp-json\/wp\/v2\/comments?post=7703"}],"version-history":[{"count":0,"href":"https:\/\/bda-connectivity.com\/fr\/wp-json\/wp\/v2\/pages\/7703\/revisions"}],"up":[{"embeddable":true,"href":"https:\/\/bda-connectivity.com\/fr\/wp-json\/wp\/v2\/pages\/7295"}],"wp:attachment":[{"href":"https:\/\/bda-connectivity.com\/fr\/wp-json\/wp\/v2\/media?parent=7703"}],"curies":[{"name":"wp","href":"https:\/\/api.w.org\/{rel}","templated":true}]}}