{"id":7885,"date":"2020-07-29T09:29:26","date_gmt":"2020-07-29T07:29:26","guid":{"rendered":"https:\/\/bda-connectivity.com\/service\/supplement-de-cuivre\/"},"modified":"2022-02-18T09:13:45","modified_gmt":"2022-02-18T08:13:45","slug":"supplement-de-cuivre","status":"publish","type":"page","link":"https:\/\/bda-connectivity.com\/fr\/service\/supplement-de-cuivre\/","title":{"rendered":"Suppl\u00e9ment de cuivre"},"content":{"rendered":"<p><div class=\"fusion-fullwidth fullwidth-box fusion-builder-row-1 fusion-parallax-none top_bild_bereich_seiten nonhundred-percent-fullwidth non-hundred-percent-height-scrolling\" style=\"--awb-border-radius-top-left:0px;--awb-border-radius-top-right:0px;--awb-border-radius-bottom-right:0px;--awb-border-radius-bottom-left:0px;--awb-background-image:url(&quot;https:\/\/bda-connectivity.com\/wp-content\/uploads\/2019\/08\/bda_header_technische_infos.jpg&quot;);--awb-background-size:cover;--awb-flex-wrap:wrap;\" ><div class=\"fusion-builder-row fusion-row\"><div class=\"fusion-layout-column fusion_builder_column fusion-builder-column-0 fusion_builder_column_1_1 1_1 fusion-one-full fusion-column-first fusion-column-last\" style=\"--awb-bg-size:cover;\"><div class=\"fusion-column-wrapper fusion-column-has-shadow fusion-flex-column-wrapper-legacy\"><div class=\"fusion-clearfix\"><\/div><\/div><\/div><\/div><\/div><div class=\"fusion-fullwidth fullwidth-box fusion-builder-row-2 nonhundred-percent-fullwidth non-hundred-percent-height-scrolling\" style=\"--awb-border-radius-top-left:0px;--awb-border-radius-top-right:0px;--awb-border-radius-bottom-right:0px;--awb-border-radius-bottom-left:0px;--awb-flex-wrap:wrap;\" ><div class=\"fusion-builder-row fusion-row\"><div class=\"fusion-layout-column fusion_builder_column fusion-builder-column-1 fusion_builder_column_1_1 1_1 fusion-one-full fusion-column-first fusion-column-last\" style=\"--awb-bg-size:cover;\"><div class=\"fusion-column-wrapper fusion-column-has-shadow fusion-flex-column-wrapper-legacy\"><div class=\"fusion-title title fusion-title-1 fusion-sep-none fusion-title-text fusion-title-size-one\"><h1 class=\"fusion-title-heading title-heading-left fusion-responsive-typography-calculated\" style=\"margin:0;--fontSize:38;line-height:var(--awb-typography1-line-height);\">Suppl\u00e9ment de cuivre<\/h1><\/div><div class=\"fusion-sep-clear\"><\/div><div class=\"fusion-separator fusion-clearfix\" style=\"float:left;margin-bottom:30px;width:100%;max-width:150px;\"><div class=\"fusion-separator-border sep-single\" style=\"--awb-height:20px;--awb-amount:20px;border-color:var(--awb-color4);border-top-width:3px;\"><\/div><\/div><div class=\"fusion-sep-clear\"><\/div><div class=\"fusion-clearfix\"><\/div><\/div><\/div><div class=\"fusion-layout-column fusion_builder_column fusion-builder-column-2 fusion_builder_column_1_1 1_1 fusion-one-full fusion-column-first fusion-column-last\" style=\"--awb-bg-size:cover;\"><div class=\"fusion-column-wrapper fusion-column-has-shadow fusion-flex-column-wrapper-legacy\"><div class=\"fusion-text fusion-text-1\" style=\"--awb-text-transform:none;\"><h2><strong>Cotation du cuivre<\/strong><\/h2>\n<p>La cotation quotidienne du cuivre est d\u00e9termin\u00e9e \u00e0 la bourse.<\/p>\n<p>La cotation est \u00e9tablie \u00e0 partir de la cotation boursi\u00e8re LME Copper, major\u00e9e des suppl\u00e9ments habituels du march\u00e9. La cotation sert de base de calcul pour les c\u00e2bles contenant du cuivre chez bda connectivity.<\/p>\n<p>En raison des grandes fluctuations du prix du cuivre, le prix des composants \u00e0 forte teneur en cuivre se compose g\u00e9n\u00e9ralement d&rsquo;un prix de base auquel s&rsquo;ajoute un suppl\u00e9ment pour le cuivre. Ce suppl\u00e9ment r\u00e9sulte de la diff\u00e9rence entre le prix du jour et la base de cuivre (1,50 \u20ac\/kg).<\/p>\n<\/div><div class=\"fusion-text fusion-text-2\" style=\"--awb-text-transform:none;\"><h2>Suppl\u00e9ment de cuivre<\/h2>\n<p>Sauf accord contraire, le suppl\u00e9ment de cuivre est calcul\u00e9 au prix du jour (prix de la veille de l&rsquo;entr\u00e9e de la commande clarifi\u00e9e). Le prix de la cotation du cuivre, frais d&rsquo;achat inclus, est publi\u00e9 chaque jour ouvrable sur notre site Internet <a href=\"http:\/\/www.bda-connectivity.com\">www.bda-connectivity.com<\/a>.<\/p>\n<p>Le produit de l&rsquo;indice de cuivre et de la diff\u00e9rence entre le prix du jour\/kg et le prix de base (1,50 \u20ac\/kg) donne le suppl\u00e9ment de cuivre ; celui-ci est indiqu\u00e9 s\u00e9par\u00e9ment sur la facture.<\/p>\n<p><strong>Nombre de cuivre [kg\/m] * ( Prix du jour &#8211; 1,5) [\u20ac\/kg]) = Suppl\u00e9ment cuivre [\u20ac\/m]<\/strong><\/p>\n<p><strong>Exemple:<\/strong><\/p>\n<p>1000m de c\u00e2ble avec 0,1 kg\/m de cuivre co\u00fbtent 2500\u20ac plus le suppl\u00e9ment de cuivre, ce prix est bas\u00e9 sur une base de cuivre de 1,50\u20ac\/kg.<\/p>\n<p>Avec une cotation actuelle du cuivre de 8,5378 \u20ac\/kg, cela donne un suppl\u00e9ment de cuivre de 8,6240\u20ac\/kg (=8,5378\u20ac+1%) ou 712,40\u20ac \/1000m et un prix total de 3212,40\u20ac.<\/p>\n<p>Calcul:<\/p>\n<p>2500\u20ac + (8,6240\u20ac\/kg &#8211; 1,50\u20ac\/kg) x 0,1 kg\/m * 1000m = 3212,40 \u20ac.<br \/>\n(exemple au 13.12.2021 853,78\u20ac\/100kg)<\/p>\n<p>Suppl\u00e9ment cuivre 712,40\u20ac Prix total 3212,40\u20ac.<\/p>\n<\/div><div class=\"fusion-text fusion-text-3\"><h2>Indice de cuivre<\/h2>\n<p>L&rsquo;indice de cuivre est d\u00e9fini par l&rsquo;utilisation de cuivre par m\u00e8tre de c\u00e2ble [en kg\/m].<span style=\"font-size: 11.0pt; font-family: 'Calibri','sans-serif';\">\u00a0<\/span><\/p>\n<\/div><div class=\"fusion-text fusion-text-4\" style=\"--awb-text-transform:none;\"><h2>Cotation du cuivre LME<\/h2>\n<p>Le London Metal Exchange (LME) Copper (Grade A) est un indicateur de prix d\u00e9pendant de la bourse. Pour la production de c\u00e2bles et de lignes, il s&rsquo;agit d&rsquo;un param\u00e8tre important pour le calcul du prix du jour. Les contrats de cuivre LME sont n\u00e9goci\u00e9s \u00e0 la Bourse des m\u00e9taux de Londres.<\/p>\n<p><span style=\"font-size: 11.0pt; font-family: 'Calibri','sans-serif';\">\u00a0<\/span><\/p>\n<\/div><div class=\"fusion-clearfix\"><\/div><\/div><\/div><\/div><\/div><\/p>\n","protected":false},"excerpt":{"rendered":"","protected":false},"author":2,"featured_media":0,"parent":7309,"menu_order":4,"comment_status":"closed","ping_status":"closed","template":"100-width.php","meta":{"footnotes":""},"class_list":["post-7885","page","type-page","status-publish","hentry"],"yoast_head":"<!-- This site is optimized with the Yoast SEO Premium plugin v24.6 (Yoast SEO v24.6) - https:\/\/yoast.com\/wordpress\/plugins\/seo\/ -->\n<title>Suppl\u00e9ment de cuivre | bda connectivity GmbH<\/title>\n<meta name=\"description\" content=\"Calcul de la majoration du cuivre au prix du jour de l&#039;entr\u00e9e de la commande.\" \/>\n<meta name=\"robots\" content=\"index, follow, max-snippet:-1, max-image-preview:large, max-video-preview:-1\" \/>\n<link rel=\"canonical\" href=\"https:\/\/bda-connectivity.com\/fr\/service\/supplement-de-cuivre\/\" \/>\n<meta property=\"og:locale\" content=\"fr_FR\" \/>\n<meta property=\"og:type\" content=\"article\" \/>\n<meta property=\"og:title\" content=\"Suppl\u00e9ment de cuivre\" \/>\n<meta property=\"og:description\" content=\"Calcul de la majoration du cuivre au prix du jour de l&#039;entr\u00e9e de la commande.\" \/>\n<meta property=\"og:url\" content=\"https:\/\/bda-connectivity.com\/fr\/service\/supplement-de-cuivre\/\" \/>\n<meta property=\"og:site_name\" content=\"bda connectivity GmbH\" \/>\n<meta property=\"article:publisher\" content=\"https:\/\/www.facebook.com\/bdaconnectivity\/\" \/>\n<meta property=\"article:modified_time\" content=\"2022-02-18T08:13:45+00:00\" \/>\n<meta name=\"twitter:card\" content=\"summary_large_image\" \/>\n<meta name=\"twitter:site\" content=\"@BdaGmbh\" \/>\n<meta name=\"twitter:label1\" content=\"Dur\u00e9e de lecture estim\u00e9e\" \/>\n\t<meta name=\"twitter:data1\" content=\"7 minutes\" \/>\n<script type=\"application\/ld+json\" class=\"yoast-schema-graph\">{\"@context\":\"https:\/\/schema.org\",\"@graph\":[{\"@type\":\"WebPage\",\"@id\":\"https:\/\/bda-connectivity.com\/fr\/service\/supplement-de-cuivre\/\",\"url\":\"https:\/\/bda-connectivity.com\/fr\/service\/supplement-de-cuivre\/\",\"name\":\"Suppl\u00e9ment de cuivre | bda connectivity GmbH\",\"isPartOf\":{\"@id\":\"https:\/\/bda-connectivity.com\/fr\/#website\"},\"datePublished\":\"2020-07-29T07:29:26+00:00\",\"dateModified\":\"2022-02-18T08:13:45+00:00\",\"description\":\"Calcul de la majoration du cuivre au prix du jour de l'entr\u00e9e de la commande.\",\"breadcrumb\":{\"@id\":\"https:\/\/bda-connectivity.com\/fr\/service\/supplement-de-cuivre\/#breadcrumb\"},\"inLanguage\":\"fr-FR\",\"potentialAction\":[{\"@type\":\"ReadAction\",\"target\":[\"https:\/\/bda-connectivity.com\/fr\/service\/supplement-de-cuivre\/\"]}]},{\"@type\":\"BreadcrumbList\",\"@id\":\"https:\/\/bda-connectivity.com\/fr\/service\/supplement-de-cuivre\/#breadcrumb\",\"itemListElement\":[{\"@type\":\"ListItem\",\"position\":1,\"name\":\"Page d'accueil\",\"item\":\"https:\/\/bda-connectivity.com\/fr\/\"},{\"@type\":\"ListItem\",\"position\":2,\"name\":\"Service\",\"item\":\"https:\/\/bda-connectivity.com\/fr\/service\/\"},{\"@type\":\"ListItem\",\"position\":3,\"name\":\"Suppl\u00e9ment de cuivre\"}]},{\"@type\":\"WebSite\",\"@id\":\"https:\/\/bda-connectivity.com\/fr\/#website\",\"url\":\"https:\/\/bda-connectivity.com\/fr\/\",\"name\":\"bda connectivity GmbH\",\"description\":\"Spezialkabel und EMV-Mess-Systeme\",\"publisher\":{\"@id\":\"https:\/\/bda-connectivity.com\/fr\/#organization\"},\"potentialAction\":[{\"@type\":\"SearchAction\",\"target\":{\"@type\":\"EntryPoint\",\"urlTemplate\":\"https:\/\/bda-connectivity.com\/fr\/?s={search_term_string}\"},\"query-input\":{\"@type\":\"PropertyValueSpecification\",\"valueRequired\":true,\"valueName\":\"search_term_string\"}}],\"inLanguage\":\"fr-FR\"},{\"@type\":\"Organization\",\"@id\":\"https:\/\/bda-connectivity.com\/fr\/#organization\",\"name\":\"bda connectivity GmbH\",\"url\":\"https:\/\/bda-connectivity.com\/fr\/\",\"logo\":{\"@type\":\"ImageObject\",\"inLanguage\":\"fr-FR\",\"@id\":\"https:\/\/bda-connectivity.com\/fr\/#\/schema\/logo\/image\/\",\"url\":\"https:\/\/bda-connectivity.com\/wp-content\/uploads\/2019\/08\/Logo_bda_web_normal-retina.png\",\"contentUrl\":\"https:\/\/bda-connectivity.com\/wp-content\/uploads\/2019\/08\/Logo_bda_web_normal-retina.png\",\"width\":700,\"height\":202,\"caption\":\"bda connectivity GmbH\"},\"image\":{\"@id\":\"https:\/\/bda-connectivity.com\/fr\/#\/schema\/logo\/image\/\"},\"sameAs\":[\"https:\/\/www.facebook.com\/bdaconnectivity\/\",\"https:\/\/x.com\/BdaGmbh\",\"https:\/\/www.instagram.com\/bdaconnectivity\/\",\"https:\/\/www.linkedin.com\/company\/bda-connectivity-gmbh\"]}]}<\/script>\n<!-- \/ Yoast SEO Premium plugin. -->","yoast_head_json":{"title":"Suppl\u00e9ment de cuivre | bda connectivity GmbH","description":"Calcul de la majoration du cuivre au prix du jour de l'entr\u00e9e de la commande.","robots":{"index":"index","follow":"follow","max-snippet":"max-snippet:-1","max-image-preview":"max-image-preview:large","max-video-preview":"max-video-preview:-1"},"canonical":"https:\/\/bda-connectivity.com\/fr\/service\/supplement-de-cuivre\/","og_locale":"fr_FR","og_type":"article","og_title":"Suppl\u00e9ment de cuivre","og_description":"Calcul de la majoration du cuivre au prix du jour de l'entr\u00e9e de la commande.","og_url":"https:\/\/bda-connectivity.com\/fr\/service\/supplement-de-cuivre\/","og_site_name":"bda connectivity GmbH","article_publisher":"https:\/\/www.facebook.com\/bdaconnectivity\/","article_modified_time":"2022-02-18T08:13:45+00:00","twitter_card":"summary_large_image","twitter_site":"@BdaGmbh","twitter_misc":{"Dur\u00e9e de lecture estim\u00e9e":"7 minutes"},"schema":{"@context":"https:\/\/schema.org","@graph":[{"@type":"WebPage","@id":"https:\/\/bda-connectivity.com\/fr\/service\/supplement-de-cuivre\/","url":"https:\/\/bda-connectivity.com\/fr\/service\/supplement-de-cuivre\/","name":"Suppl\u00e9ment de cuivre | bda connectivity GmbH","isPartOf":{"@id":"https:\/\/bda-connectivity.com\/fr\/#website"},"datePublished":"2020-07-29T07:29:26+00:00","dateModified":"2022-02-18T08:13:45+00:00","description":"Calcul de la majoration du cuivre au prix du jour de l'entr\u00e9e de la commande.","breadcrumb":{"@id":"https:\/\/bda-connectivity.com\/fr\/service\/supplement-de-cuivre\/#breadcrumb"},"inLanguage":"fr-FR","potentialAction":[{"@type":"ReadAction","target":["https:\/\/bda-connectivity.com\/fr\/service\/supplement-de-cuivre\/"]}]},{"@type":"BreadcrumbList","@id":"https:\/\/bda-connectivity.com\/fr\/service\/supplement-de-cuivre\/#breadcrumb","itemListElement":[{"@type":"ListItem","position":1,"name":"Page d'accueil","item":"https:\/\/bda-connectivity.com\/fr\/"},{"@type":"ListItem","position":2,"name":"Service","item":"https:\/\/bda-connectivity.com\/fr\/service\/"},{"@type":"ListItem","position":3,"name":"Suppl\u00e9ment de cuivre"}]},{"@type":"WebSite","@id":"https:\/\/bda-connectivity.com\/fr\/#website","url":"https:\/\/bda-connectivity.com\/fr\/","name":"bda connectivity GmbH","description":"Spezialkabel und EMV-Mess-Systeme","publisher":{"@id":"https:\/\/bda-connectivity.com\/fr\/#organization"},"potentialAction":[{"@type":"SearchAction","target":{"@type":"EntryPoint","urlTemplate":"https:\/\/bda-connectivity.com\/fr\/?s={search_term_string}"},"query-input":{"@type":"PropertyValueSpecification","valueRequired":true,"valueName":"search_term_string"}}],"inLanguage":"fr-FR"},{"@type":"Organization","@id":"https:\/\/bda-connectivity.com\/fr\/#organization","name":"bda connectivity GmbH","url":"https:\/\/bda-connectivity.com\/fr\/","logo":{"@type":"ImageObject","inLanguage":"fr-FR","@id":"https:\/\/bda-connectivity.com\/fr\/#\/schema\/logo\/image\/","url":"https:\/\/bda-connectivity.com\/wp-content\/uploads\/2019\/08\/Logo_bda_web_normal-retina.png","contentUrl":"https:\/\/bda-connectivity.com\/wp-content\/uploads\/2019\/08\/Logo_bda_web_normal-retina.png","width":700,"height":202,"caption":"bda connectivity GmbH"},"image":{"@id":"https:\/\/bda-connectivity.com\/fr\/#\/schema\/logo\/image\/"},"sameAs":["https:\/\/www.facebook.com\/bdaconnectivity\/","https:\/\/x.com\/BdaGmbh","https:\/\/www.instagram.com\/bdaconnectivity\/","https:\/\/www.linkedin.com\/company\/bda-connectivity-gmbh"]}]}},"_links":{"self":[{"href":"https:\/\/bda-connectivity.com\/fr\/wp-json\/wp\/v2\/pages\/7885"}],"collection":[{"href":"https:\/\/bda-connectivity.com\/fr\/wp-json\/wp\/v2\/pages"}],"about":[{"href":"https:\/\/bda-connectivity.com\/fr\/wp-json\/wp\/v2\/types\/page"}],"author":[{"embeddable":true,"href":"https:\/\/bda-connectivity.com\/fr\/wp-json\/wp\/v2\/users\/2"}],"replies":[{"embeddable":true,"href":"https:\/\/bda-connectivity.com\/fr\/wp-json\/wp\/v2\/comments?post=7885"}],"version-history":[{"count":0,"href":"https:\/\/bda-connectivity.com\/fr\/wp-json\/wp\/v2\/pages\/7885\/revisions"}],"up":[{"embeddable":true,"href":"https:\/\/bda-connectivity.com\/fr\/wp-json\/wp\/v2\/pages\/7309"}],"wp:attachment":[{"href":"https:\/\/bda-connectivity.com\/fr\/wp-json\/wp\/v2\/media?parent=7885"}],"curies":[{"name":"wp","href":"https:\/\/api.w.org\/{rel}","templated":true}]}}